{"id":1742,"date":"2019-12-05T04:11:21","date_gmt":"2019-12-05T04:11:21","guid":{"rendered":"https:\/\/calemonlawattorney.com\/?page_id=1742"},"modified":"2019-12-05T04:11:21","modified_gmt":"2019-12-05T04:11:21","slug":"abogado-de-chrysler-lemon","status":"publish","type":"page","link":"https:\/\/www.calemonlawattorney.com\/es\/abogado-de-chrysler-lemon\/","title":{"rendered":"Abogado de Chrysler Lemon"},"content":{"rendered":"<h1 class=\"p1\"><span class=\"s1\">Firma de abogados que ayuda a los propietarios de Chrysler a buscar justicia en casos de Ley lim\u00f3n<\/span><\/h1>\n<div class=\"border-bottom-heading\"><\/div>\n<div class=\"row\">\n<div class=\"col-md-5\">\n<p class=\"p1\"><span class=\"s1\">TLas Oficinas Legales de Sotera L. Anderson se comprometen a ayudar a los consumidores que sin saberlo han comprado veh\u00edculos defectuosos, por lo que nuestra pr\u00e1ctica se centra en la ley del lim\u00f3n. <\/span><\/p>\n<p>Entendemos cu\u00e1nto las personas conf\u00edan en sus veh\u00edculos todos los d\u00edas y sabemos c\u00f3mo un autom\u00f3vil poco confiable puede alterar por completo su vida.<\/p>\n<\/div>\n<div class=\"col-md-7\">\n<div class=\"vdo-box\"><iframe loading=\"lazy\" src=\"https:\/\/www.youtube.com\/embed\/ocvhC9VDt8E?rel=0&amp;showinfo=0\" controls=\"0\" width=\"560\" height=\"240\" frameborder=\"0\" allowfullscreen=\"allowfullscreen\"><\/iframe><\/div>\n<p><!--\n\n\n<div class=\"you-btn\"><button type=\"button\" data-toggle=\"modal\" data-target=\"#aboutModal\"><i class=\"fa fa-youtube-play\" aria-hidden=\"true\"><\/i><\/button><\/div>\n\n\n--><br \/>\n<!--\n\n\n<div class=\"modal fade\" id=\"aboutModal\" role=\"dialog\">\n\n\n<div class=\"modal-dialog\">\n\n\n<div class=\"modal-content\">\n\n\n<div class=\"modal-header\">\n          <button type=\"button\" class=\"close\" data-dismiss=\"modal\">&times;<\/button><\/div>\n\n\n\n\n<div class=\"modal-body\">\n         <iframe loading=\"lazy\" width=\"700\" height=\"400\" src=\"https:\/\/www.youtube.com\/embed\/ocvhC9VDt8E?rel=0&amp;showinfo=0\" controls=\"0\" frameborder=\"0\" allow=\"accelerometer; autoplay; encrypted-media; gyroscope; picture-in-picture\" allowfullscreen><\/iframe><\/div>\n\n\n<\/div>\n\n\n<\/div>\n\n\n<\/div>\n\n\n--><\/p>\n<\/div>\n<\/div>\n<div class=\"row\">\n<div class=\"col-md-12\">\n<p class=\"p1\"><span class=\"s1\">Cualquier marca o modelo de veh\u00edculo podr\u00eda resultar ser un lim\u00f3n, incluidos los fabricados por Chrysler. A veces, hay un \u00ablim\u00f3n\u00bb malo en el grupo, mientras en otras situaciones, los defectos cr\u00f3nicos pueden ser frecuentes y generalizados en todo un modelo de autom\u00f3vil. Si posee un Chrysler, es importante comprender sus derechos bajo las leyes estatales de lim\u00f3n.<\/span><\/p>\n<h2 class=\"p1\"><span class=\"s1\">\u00bfSe aplica la Ley del Lim\u00f3n en California a los veh\u00edculos Chrysler?<\/span><\/h2>\n<p class=\"p1\"><span class=\"s1\">El veh\u00edculo debe cumplir una serie de condiciones para calificar como un lim\u00f3n. Su veh\u00edculo Chrysler podr\u00eda ser un lim\u00f3n si cumple con estas condiciones:<\/span><\/p>\n<ul class=\"ul1\">\n<li class=\"li1\"><span class=\"s1\">Fue comprado o arrendado de un concesionario y todav\u00eda est\u00e1 bajo la garant\u00eda original del fabricante.<\/span><\/li>\n<li class=\"li1\"><span class=\"s1\">Tiene un problema grave que no se ha solucionado despu\u00e9s de varios intentos de reparaci\u00f3n.<\/span><\/li>\n<li class=\"li1\"><span class=\"s1\">Su problema es lo suficientemente significativo como para afectar el uso, la seguridad o el valor del veh\u00edculo.<\/span><\/li>\n<\/ul>\n<p class=\"p1\"><span class=\"s1\">Las Leyes lim\u00f3n en California se aplican tanto a los autos nuevos como a los usados, por lo que ambos tipos de veh\u00edculos Chrysler est\u00e1n cubiertos. Si su veh\u00edculo es un lim\u00f3n, tiene derecho a alivio. Es posible que se requiera que Chrysler le proporcione uno de los siguientes:<\/span><\/p>\n<ul class=\"ul1\">\n<li class=\"li1\"><span class=\"s1\">Un reembolso y recompra del veh\u00edculo.<\/span><\/li>\n<li class=\"li1\"><span class=\"s1\">Un veh\u00edculo de reemplazo que es sustancialmente similar al lim\u00f3n.<\/span><\/li>\n<li class=\"li1\"><span class=\"s1\">Un acuerdo en efectivo<\/span><\/li>\n<\/ul>\n<p class=\"p1\"><span class=\"s1\">Como puede imaginar, no es f\u00e1cil hacer que un fabricante entregue un cheque o un veh\u00edculo de reemplazo. Los fabricantes pueden intentar evitar la responsabilidad o negar que el veh\u00edculo sea un lim\u00f3n. No permita que esto le pase a usted: deje que un abogado defienda agresivamente sus derechos y se asegure de que el proceso sea lo m\u00e1s sencillo posible.<\/span><\/p>\n<h2 class=\"p3\"><span class=\"s1\">\u00bfQu\u00e9 modelos de Chrysler han sido reportados como limones?? <\/span><\/h2>\n<p class=\"p1\"><span class=\"s1\">Los consumidores en California han presentado reclamos de Ley lim\u00f3n para muchos modelos diferentes de Chrysler. Algunos de los modelos de Chrysler que a menudo se informan como limones incluyen:<\/span><\/p>\n<ul class=\"ul1\">\n<li class=\"li1\"><span class=\"s1\">2017, 2018 Chrysler Pacifica Van\u00a0<\/span><\/li>\n<li class=\"li1\"><span class=\"s1\">2013-2016 Chrysler Town and Country\u00a0<\/span><\/li>\n<\/ul>\n<p class=\"p1\"><span class=\"s1\">Estos no son los \u00fanicos modelos de Chrysler que podr\u00edan ser limones. Recuerde, cualquier marca y modelo podr\u00eda resultar ser lim\u00f3n. Si su veh\u00edculo ha estado en la tienda varias veces, comun\u00edquese con un abogado y le informaremos si su veh\u00edculo est\u00e1 cubierto por la Ley lim\u00f3n. <\/span><\/p>\n<h2 class=\"p1\"><span class=\"s1\">\u00bfQu\u00e9 debe hacer si su Chrysler es un lim\u00f3n?<\/span><\/h2>\n<p class=\"p1\"><span class=\"s1\"><img decoding=\"async\" class=\"alignleft size-full wp-image-37\" src=\"https:\/\/calemonlawattorney.com\/wp-content\/uploads\/2019\/07\/4.png\" alt=\"\" width=\"450\" height=\"100%\" \/>Lleve su Chrysler al concesionario o fabricante para que lo reparen lo antes posible. Aseg\u00farese de explicar claramente los problemas que est\u00e1 experimentando con el veh\u00edculo y p\u00eddale al concesionario o fabricante que documente sus quejas. El problema puede persistir despu\u00e9s de este primer intento de reparaci\u00f3n. Si es as\u00ed, regrese al concesionario o fabricante para otra reparaci\u00f3n. <\/span><\/p>\n<p class=\"p1\"><span class=\"s1\">Mantenga un registro de cada vez que lleve su autom\u00f3vil a reparar y documente cu\u00e1nto tiempo ha pasado su veh\u00edculo en el taller de reparaciones. Si el problema persiste despu\u00e9s de varios intentos de reparaci\u00f3n, comun\u00edquese con un abogado para presentar un reclamo de Ley lim\u00f3n.\/span><\/p>\n<h2 class=\"p3\"><span class=\"s1\">Conozca sus opciones legales durante una consulta gratuita con un abogado de lim\u00f3n<\/span><\/h2>\n<p class=\"p3\"><span class=\"s1\">\u00bfTu Chrysler es un lim\u00f3n? Si es as\u00ed, las Oficinas Legales de Sotera L. Anderson pueden ayudar. Sotera L. Anderson es una abogada experimentada que ha ayudado a innumerables clientes a obtener r\u00e1pidamente reembolsos o veh\u00edculos de reemplazo para sus limones Chrysler. Para programar una consulta gratuita sobre su caso, ll\u00e1menos al 1-855-96-LEMON o env\u00ede su informaci\u00f3n a trav\u00e9s del formulario en este sitio web. Las evaluaciones de casos son gratuitas y nunca recibimos pagos a menos que tengamos \u00e9xito en su caso.<\/span><\/p>\n<div itemscope itemtype=\"http:\/\/schema.org\/NewsArticle\"><meta itemprop=\"datePublished\" content=\"diciembre 5, 2019\">\n    \t\t   <meta itemprop=\"dateModified\" content=\"diciembre 5, 2019\"><\/div>","protected":false},"excerpt":{"rendered":"<p>Firma de abogados que ayuda a los propietarios de Chrysler a buscar justicia en casos de Ley lim\u00f3n TLas Oficinas Legales de Sotera L. Anderson se comprometen a ayudar a los consumidores que sin saberlo han comprado veh\u00edculos defectuosos, por lo que nuestra pr\u00e1ctica se centra en la ley del lim\u00f3n. Entendemos cu\u00e1nto las personas [&hellip;]<\/p>\n","protected":false},"author":1,"featured_media":0,"parent":0,"menu_order":0,"comment_status":"closed","ping_status":"closed","template":"coustumepagewithsidebar.php","meta":{"_coblocks_attr":"","_coblocks_dimensions":"","_coblocks_responsive_height":"","_coblocks_accordion_ie_support":"","inline_featured_image":false,"footnotes":""},"class_list":["post-1742","page","type-page","status-publish","hentry"],"yoast_head":"<!-- This site is optimized with the Yoast SEO plugin v27.4 - https:\/\/yoast.com\/product\/yoast-seo-wordpress\/ -->\n<title>Abogado de Chrysler Lemon | Oficinas Legales de Sotera L. Anderson | California<\/title>\n<meta name=\"description\" content=\"Las Oficinas Legales de Sotera L. Anderson ayudan a los propietarios de Chrysler a buscar justicia en los casos de Ley lim\u00f3n. Ayudamos a quienes sin saberlo han comprado veh\u00edculos defectuosos.\" \/>\n<meta name=\"robots\" content=\"index, follow, max-snippet:-1, max-image-preview:large, max-video-preview:-1\" \/>\n<link rel=\"canonical\" href=\"https:\/\/www.calemonlawattorney.com\/es\/abogado-de-chrysler-lemon\/\" \/>\n<meta property=\"og:locale\" content=\"es_ES\" \/>\n<meta property=\"og:type\" content=\"article\" \/>\n<meta property=\"og:title\" content=\"Abogado de Chrysler Lemon | Oficinas Legales de Sotera L. Anderson | California\" \/>\n<meta property=\"og:description\" content=\"Las Oficinas Legales de Sotera L. Anderson ayudan a los propietarios de Chrysler a buscar justicia en los casos de Ley lim\u00f3n. Ayudamos a quienes sin saberlo han comprado veh\u00edculos defectuosos.\" \/>\n<meta property=\"og:url\" content=\"https:\/\/www.calemonlawattorney.com\/es\/abogado-de-chrysler-lemon\/\" \/>\n<meta property=\"og:site_name\" content=\"California Lemon Law Attorney Sotera Anderson\" \/>\n<meta property=\"article:publisher\" content=\"https:\/\/www.facebook.com\/lemonlawsotera\" \/>\n<meta property=\"og:image\" content=\"https:\/\/calemonlawattorney.com\/wp-content\/uploads\/2019\/07\/4.png\" \/>\n<meta name=\"twitter:card\" content=\"summary_large_image\" \/>\n<meta name=\"twitter:site\" content=\"@LemnLawBossLady\" \/>\n<meta name=\"twitter:label1\" content=\"Tiempo de lectura\" \/>\n\t<meta name=\"twitter:data1\" content=\"4 minutos\" \/>\n<script type=\"application\/ld+json\" class=\"yoast-schema-graph\">{\"@context\":\"https:\\\/\\\/schema.org\",\"@graph\":[{\"@type\":\"WebPage\",\"@id\":\"https:\\\/\\\/www.calemonlawattorney.com\\\/es\\\/abogado-de-chrysler-lemon\\\/\",\"url\":\"https:\\\/\\\/www.calemonlawattorney.com\\\/es\\\/abogado-de-chrysler-lemon\\\/\",\"name\":\"Abogado de Chrysler Lemon | Oficinas Legales de Sotera L. Anderson | California\",\"isPartOf\":{\"@id\":\"https:\\\/\\\/www.calemonlawattorney.com\\\/es\\\/#website\"},\"primaryImageOfPage\":{\"@id\":\"https:\\\/\\\/www.calemonlawattorney.com\\\/es\\\/abogado-de-chrysler-lemon\\\/#primaryimage\"},\"image\":{\"@id\":\"https:\\\/\\\/www.calemonlawattorney.com\\\/es\\\/abogado-de-chrysler-lemon\\\/#primaryimage\"},\"thumbnailUrl\":\"https:\\\/\\\/calemonlawattorney.com\\\/wp-content\\\/uploads\\\/2019\\\/07\\\/4.png\",\"datePublished\":\"2019-12-05T04:11:21+00:00\",\"description\":\"Las Oficinas Legales de Sotera L. Anderson ayudan a los propietarios de Chrysler a buscar justicia en los casos de Ley lim\u00f3n. Ayudamos a quienes sin saberlo han comprado veh\u00edculos defectuosos.\",\"breadcrumb\":{\"@id\":\"https:\\\/\\\/www.calemonlawattorney.com\\\/es\\\/abogado-de-chrysler-lemon\\\/#breadcrumb\"},\"inLanguage\":\"es\",\"potentialAction\":[{\"@type\":\"ReadAction\",\"target\":[\"https:\\\/\\\/www.calemonlawattorney.com\\\/es\\\/abogado-de-chrysler-lemon\\\/\"]}]},{\"@type\":\"ImageObject\",\"inLanguage\":\"es\",\"@id\":\"https:\\\/\\\/www.calemonlawattorney.com\\\/es\\\/abogado-de-chrysler-lemon\\\/#primaryimage\",\"url\":\"https:\\\/\\\/calemonlawattorney.com\\\/wp-content\\\/uploads\\\/2019\\\/07\\\/4.png\",\"contentUrl\":\"https:\\\/\\\/calemonlawattorney.com\\\/wp-content\\\/uploads\\\/2019\\\/07\\\/4.png\"},{\"@type\":\"BreadcrumbList\",\"@id\":\"https:\\\/\\\/www.calemonlawattorney.com\\\/es\\\/abogado-de-chrysler-lemon\\\/#breadcrumb\",\"itemListElement\":[{\"@type\":\"ListItem\",\"position\":1,\"name\":\"Home\",\"item\":\"https:\\\/\\\/www.calemonlawattorney.com\\\/es\\\/\"},{\"@type\":\"ListItem\",\"position\":2,\"name\":\"Abogado de Chrysler Lemon\"}]},{\"@type\":\"WebSite\",\"@id\":\"https:\\\/\\\/www.calemonlawattorney.com\\\/es\\\/#website\",\"url\":\"https:\\\/\\\/www.calemonlawattorney.com\\\/es\\\/\",\"name\":\"California Lemon Law Attorney Sotera Anderson\",\"description\":\"Helping California Consumers Get Refunds For Their Crappy Cars\",\"publisher\":{\"@id\":\"https:\\\/\\\/www.calemonlawattorney.com\\\/es\\\/#organization\"},\"potentialAction\":[{\"@type\":\"SearchAction\",\"target\":{\"@type\":\"EntryPoint\",\"urlTemplate\":\"https:\\\/\\\/www.calemonlawattorney.com\\\/es\\\/?s={search_term_string}\"},\"query-input\":{\"@type\":\"PropertyValueSpecification\",\"valueRequired\":true,\"valueName\":\"search_term_string\"}}],\"inLanguage\":\"es\"},{\"@type\":\"Organization\",\"@id\":\"https:\\\/\\\/www.calemonlawattorney.com\\\/es\\\/#organization\",\"name\":\"The Law Offices of Sotera L. Anderson\",\"url\":\"https:\\\/\\\/www.calemonlawattorney.com\\\/es\\\/\",\"logo\":{\"@type\":\"ImageObject\",\"inLanguage\":\"es\",\"@id\":\"https:\\\/\\\/www.calemonlawattorney.com\\\/es\\\/#\\\/schema\\\/logo\\\/image\\\/\",\"url\":\"https:\\\/\\\/www.calemonlawattorney.com\\\/wp-content\\\/uploads\\\/2021\\\/03\\\/CA-Lemon-Law-Attorney-Logo.png\",\"contentUrl\":\"https:\\\/\\\/www.calemonlawattorney.com\\\/wp-content\\\/uploads\\\/2021\\\/03\\\/CA-Lemon-Law-Attorney-Logo.png\",\"width\":2345,\"height\":2345,\"caption\":\"The Law Offices of Sotera L. Anderson\"},\"image\":{\"@id\":\"https:\\\/\\\/www.calemonlawattorney.com\\\/es\\\/#\\\/schema\\\/logo\\\/image\\\/\"},\"sameAs\":[\"https:\\\/\\\/www.facebook.com\\\/lemonlawsotera\",\"https:\\\/\\\/x.com\\\/LemnLawBossLady\"]}]}<\/script>\n<!-- \/ Yoast SEO plugin. -->","yoast_head_json":{"title":"Abogado de Chrysler Lemon | Oficinas Legales de Sotera L. Anderson | California","description":"Las Oficinas Legales de Sotera L. Anderson ayudan a los propietarios de Chrysler a buscar justicia en los casos de Ley lim\u00f3n. Ayudamos a quienes sin saberlo han comprado veh\u00edculos defectuosos.","robots":{"index":"index","follow":"follow","max-snippet":"max-snippet:-1","max-image-preview":"max-image-preview:large","max-video-preview":"max-video-preview:-1"},"canonical":"https:\/\/www.calemonlawattorney.com\/es\/abogado-de-chrysler-lemon\/","og_locale":"es_ES","og_type":"article","og_title":"Abogado de Chrysler Lemon | Oficinas Legales de Sotera L. Anderson | California","og_description":"Las Oficinas Legales de Sotera L. Anderson ayudan a los propietarios de Chrysler a buscar justicia en los casos de Ley lim\u00f3n. Ayudamos a quienes sin saberlo han comprado veh\u00edculos defectuosos.","og_url":"https:\/\/www.calemonlawattorney.com\/es\/abogado-de-chrysler-lemon\/","og_site_name":"California Lemon Law Attorney Sotera Anderson","article_publisher":"https:\/\/www.facebook.com\/lemonlawsotera","og_image":[{"url":"https:\/\/calemonlawattorney.com\/wp-content\/uploads\/2019\/07\/4.png","type":"","width":"","height":""}],"twitter_card":"summary_large_image","twitter_site":"@LemnLawBossLady","twitter_misc":{"Tiempo de lectura":"4 minutos"},"schema":{"@context":"https:\/\/schema.org","@graph":[{"@type":"WebPage","@id":"https:\/\/www.calemonlawattorney.com\/es\/abogado-de-chrysler-lemon\/","url":"https:\/\/www.calemonlawattorney.com\/es\/abogado-de-chrysler-lemon\/","name":"Abogado de Chrysler Lemon | Oficinas Legales de Sotera L. Anderson | California","isPartOf":{"@id":"https:\/\/www.calemonlawattorney.com\/es\/#website"},"primaryImageOfPage":{"@id":"https:\/\/www.calemonlawattorney.com\/es\/abogado-de-chrysler-lemon\/#primaryimage"},"image":{"@id":"https:\/\/www.calemonlawattorney.com\/es\/abogado-de-chrysler-lemon\/#primaryimage"},"thumbnailUrl":"https:\/\/calemonlawattorney.com\/wp-content\/uploads\/2019\/07\/4.png","datePublished":"2019-12-05T04:11:21+00:00","description":"Las Oficinas Legales de Sotera L. Anderson ayudan a los propietarios de Chrysler a buscar justicia en los casos de Ley lim\u00f3n. Ayudamos a quienes sin saberlo han comprado veh\u00edculos defectuosos.","breadcrumb":{"@id":"https:\/\/www.calemonlawattorney.com\/es\/abogado-de-chrysler-lemon\/#breadcrumb"},"inLanguage":"es","potentialAction":[{"@type":"ReadAction","target":["https:\/\/www.calemonlawattorney.com\/es\/abogado-de-chrysler-lemon\/"]}]},{"@type":"ImageObject","inLanguage":"es","@id":"https:\/\/www.calemonlawattorney.com\/es\/abogado-de-chrysler-lemon\/#primaryimage","url":"https:\/\/calemonlawattorney.com\/wp-content\/uploads\/2019\/07\/4.png","contentUrl":"https:\/\/calemonlawattorney.com\/wp-content\/uploads\/2019\/07\/4.png"},{"@type":"BreadcrumbList","@id":"https:\/\/www.calemonlawattorney.com\/es\/abogado-de-chrysler-lemon\/#breadcrumb","itemListElement":[{"@type":"ListItem","position":1,"name":"Home","item":"https:\/\/www.calemonlawattorney.com\/es\/"},{"@type":"ListItem","position":2,"name":"Abogado de Chrysler Lemon"}]},{"@type":"WebSite","@id":"https:\/\/www.calemonlawattorney.com\/es\/#website","url":"https:\/\/www.calemonlawattorney.com\/es\/","name":"California Lemon Law Attorney Sotera Anderson","description":"Helping California Consumers Get Refunds For Their Crappy Cars","publisher":{"@id":"https:\/\/www.calemonlawattorney.com\/es\/#organization"},"potentialAction":[{"@type":"SearchAction","target":{"@type":"EntryPoint","urlTemplate":"https:\/\/www.calemonlawattorney.com\/es\/?s={search_term_string}"},"query-input":{"@type":"PropertyValueSpecification","valueRequired":true,"valueName":"search_term_string"}}],"inLanguage":"es"},{"@type":"Organization","@id":"https:\/\/www.calemonlawattorney.com\/es\/#organization","name":"The Law Offices of Sotera L. Anderson","url":"https:\/\/www.calemonlawattorney.com\/es\/","logo":{"@type":"ImageObject","inLanguage":"es","@id":"https:\/\/www.calemonlawattorney.com\/es\/#\/schema\/logo\/image\/","url":"https:\/\/www.calemonlawattorney.com\/wp-content\/uploads\/2021\/03\/CA-Lemon-Law-Attorney-Logo.png","contentUrl":"https:\/\/www.calemonlawattorney.com\/wp-content\/uploads\/2021\/03\/CA-Lemon-Law-Attorney-Logo.png","width":2345,"height":2345,"caption":"The Law Offices of Sotera L. Anderson"},"image":{"@id":"https:\/\/www.calemonlawattorney.com\/es\/#\/schema\/logo\/image\/"},"sameAs":["https:\/\/www.facebook.com\/lemonlawsotera","https:\/\/x.com\/LemnLawBossLady"]}]}},"_links":{"self":[{"href":"https:\/\/www.calemonlawattorney.com\/es\/wp-json\/wp\/v2\/pages\/1742","targetHints":{"allow":["GET"]}}],"collection":[{"href":"https:\/\/www.calemonlawattorney.com\/es\/wp-json\/wp\/v2\/pages"}],"about":[{"href":"https:\/\/www.calemonlawattorney.com\/es\/wp-json\/wp\/v2\/types\/page"}],"author":[{"embeddable":true,"href":"https:\/\/www.calemonlawattorney.com\/es\/wp-json\/wp\/v2\/users\/1"}],"replies":[{"embeddable":true,"href":"https:\/\/www.calemonlawattorney.com\/es\/wp-json\/wp\/v2\/comments?post=1742"}],"version-history":[{"count":1,"href":"https:\/\/www.calemonlawattorney.com\/es\/wp-json\/wp\/v2\/pages\/1742\/revisions"}],"predecessor-version":[{"id":1743,"href":"https:\/\/www.calemonlawattorney.com\/es\/wp-json\/wp\/v2\/pages\/1742\/revisions\/1743"}],"wp:attachment":[{"href":"https:\/\/www.calemonlawattorney.com\/es\/wp-json\/wp\/v2\/media?parent=1742"}],"curies":[{"name":"wp","href":"https:\/\/api.w.org\/{rel}","templated":true}]}}