{"id":1735,"date":"2019-12-05T03:49:23","date_gmt":"2019-12-05T03:49:23","guid":{"rendered":"https:\/\/calemonlawattorney.com\/?page_id=1735"},"modified":"2019-12-05T03:49:23","modified_gmt":"2019-12-05T03:49:23","slug":"abogado-limon-de-chevrolet","status":"publish","type":"page","link":"https:\/\/www.calemonlawattorney.com\/es\/abogado-limon-de-chevrolet\/","title":{"rendered":"Abogado lim\u00f3n de Chevrolet"},"content":{"rendered":"<h1 class=\"p1\"><span class=\"s1\">Abogado experto en resoluci\u00f3n r\u00e1pida de disputas sobre la ley del lim\u00f3n en nombre de los propietarios de Chevrolet<\/span><\/h1>\n<div class=\"border-bottom-heading\"><\/div>\n<div class=\"row\">\n<div class=\"col-md-5\">\n<p class=\"p1\"><span class=\"s1\">Las Oficinas Legales de Sotera L. Anderson se comprometen a ayudar a los consumidores que sin saberlo han comprado veh\u00edculos defectuosos, por lo que nuestra pr\u00e1ctica se centra en la ley del lim\u00f3n. <\/span><\/p>\n<p>Entendemos cu\u00e1nto las personas conf\u00edan en sus veh\u00edculos todos los d\u00edas y sabemos c\u00f3mo un autom\u00f3vil poco confiable puede alterar por completo su vida.<\/p>\n<\/div>\n<div class=\"col-md-7\">\n<div class=\"vdo-box\"><iframe loading=\"lazy\" src=\"https:\/\/www.youtube.com\/embed\/UpYqbt-ncsY?rel=0&amp;showinfo=0\" controls=\"0\" width=\"560\" height=\"240\" frameborder=\"0\" allowfullscreen=\"allowfullscreen\"><\/iframe><\/div>\n<p><!--\n\n\n<div class=\"you-btn\"><button type=\"button\" data-toggle=\"modal\" data-target=\"#aboutModal\"><i class=\"fa fa-youtube-play\" aria-hidden=\"true\"><\/i><\/button><\/div>\n\n\n--><br \/>\n<!--\n\n\n<div class=\"modal fade\" id=\"aboutModal\" role=\"dialog\">\n\n\n<div class=\"modal-dialog\">\n\n\n<div class=\"modal-content\">\n\n\n<div class=\"modal-header\">\n          <button type=\"button\" class=\"close\" data-dismiss=\"modal\">&times;<\/button><\/div>\n\n\n\n\n<div class=\"modal-body\">\n         <iframe loading=\"lazy\" width=\"700\" height=\"400\" src=\"https:\/\/www.youtube.com\/embed\/UpYqbt-ncsY?rel=0&amp;showinfo=0\" controls=\"0\" frameborder=\"0\" allow=\"accelerometer; autoplay; encrypted-media; gyroscope; picture-in-picture\" allowfullscreen><\/iframe><\/div>\n\n\n<\/div>\n\n\n<\/div>\n\n\n<\/div>\n\n\n--><\/p>\n<\/div>\n<\/div>\n<div class=\"row\">\n<div class=\"col-md-12\">\n<p class=\"p1\"><span class=\"s1\">Chevrolet ha sido un exitoso fabricante de autom\u00f3viles durante d\u00e9cadas, pero la compa\u00f1\u00eda ha tenido una buena cantidad de problemas a pesar de su \u00e9xito. Los lemas de Chevrolet est\u00e1n dise\u00f1ados para hacer creer a los consumidores que pueden depender de sus veh\u00edculos para que duren a\u00f1os y a\u00f1os. Sin embargo, muchos consumidores han experimentado serios problemas con sus veh\u00edculos Chevrolet, algunos de los cuales persistir\u00e1n a pesar de los numerosos intentos de reparaci\u00f3n. Si se encuentra en esta situaci\u00f3n, es importante explorar sus opciones legales con la ayuda de un abogado especializado en Leyes lim\u00f3n.<\/span><\/p>\n<h2 class=\"p3\"><span class=\"s1\">\u00bfSe aplica la Ley del Lim\u00f3n en California a los veh\u00edculos Chevrolet?<\/span><\/h2>\n<p class=\"p3\"><span class=\"s1\">Es importante saber qu\u00e9 veh\u00edculos est\u00e1n cubiertos por las Leyes lim\u00f3n en este estado. Tanto los veh\u00edculos Chevrolet nuevos como los usados est\u00e1n cubiertos si cumplen con las siguientes condiciones:<\/span><\/p>\n<ul class=\"ul1\">\n<li class=\"li3\"><span class=\"s1\">El veh\u00edculo Chevrolet fue comprado o arrendado de un concesionario.<\/span><\/li>\n<li class=\"li3\"><span class=\"s1\">La garant\u00eda original del fabricante sigue vigente.<\/span><\/li>\n<li class=\"li3\"><span class=\"s1\">Ha experimentado serios problemas con el veh\u00edculo que a\u00fan existen a pesar de los m\u00faltiples intentos de reparaci\u00f3n.<\/span><\/li>\n<li class=\"li3\"><span class=\"s1\">Los problemas no son menores, lo que significa que son lo suficientemente graves como para afectar negativamente el uso, la seguridad o el valor del veh\u00edculo<\/span><\/li>\n<\/ul>\n<p class=\"p3\"><span class=\"s1\">\u00bfLe suena familiar? Si su Chevrolet nuevo o usado cumple con estas condiciones, re\u00fanase con un abogado lo antes posible para analizar su caso. Seg\u00fan la Ley lim\u00f3n, se le podr\u00eda solicitar a Chevrolet que le proporcione un reembolso o un veh\u00edculo de reemplazo para su lim\u00f3n. Pero, los fabricantes de autom\u00f3viles no facilitan que los consumidores obtengan el reembolso o el reemplazo que se merecen. Las Oficinas Legales de Sotera L. Anderson pueden ayudarlo protegiendo sus derechos y luchando por una resoluci\u00f3n favorable.<\/span><\/p>\n<h2 class=\"p3\"><span class=\"s1\">\u00bfQu\u00e9 modelos de Chevrolet han sido reportados como limones? <\/span><\/h2>\n<p class=\"p3\"><span class=\"s1\">Chevrolet fabrica muchos tipos diferentes de veh\u00edculos, pero algunos han sido reportados como limones con m\u00e1s frecuencia que otros. Los modelos de Chevrolet que a menudo se informan como limones incluyen:<\/span><\/p>\n<ul class=\"ul1\">\n<li class=\"li3\"><span class=\"s1\">2012 to 2017 Chevrolet Cruze<\/span><\/li>\n<li class=\"li3\"><span class=\"s1\">2013 to 2016 Chevrolet Impala<\/span><\/li>\n<li class=\"li3\"><span class=\"s1\">2012, 2013 Chevrolet Equinox<\/span><\/li>\n<li class=\"li3\"><span class=\"s1\">2014 to 2018 Chevrolet Silverado<\/span><\/li>\n<li class=\"li3\"><span class=\"s1\">2015 to 2017 Chevrolet Camaro<\/span><\/li>\n<li class=\"li3\"><span class=\"s1\">2013, 2016, 2017 Chevrolet Malibu<\/span><\/li>\n<li class=\"m_5553243773527323667MsoListParagraph\">2016 <span class=\"s1\">Chevrolet <\/span>Colorado<u><\/u><u><\/u><\/li>\n<li class=\"m_5553243773527323667MsoListParagraph\">2016 <span class=\"s1\">Chevrolet <\/span>Corvette<\/li>\n<li class=\"li3\"><span class=\"s1\">2017 Chevrolet Volt<\/span><\/li>\n<\/ul>\n<p class=\"p1\"><span class=\"s1\">TEstos veh\u00edculos pueden sufrir una amplia gama de defectos, algunos que son menores y otros que pueden hacer que el veh\u00edculo sea peligroso de conducir. Si su Chevrolet a\u00fan tiene problemas a pesar de que ha estado en el taller de reparaci\u00f3n varias veces, comun\u00edquese con Sotera L. Anderson de inmediato.<\/span><\/p>\n<h2 class=\"p3\"><span class=\"s1\">Busque la representaci\u00f3n legal de un abogado experto leyes lim\u00f3n lo antes posible<\/span><\/h2>\n<p class=\"p1\"><span class=\"s1\"><img decoding=\"async\" class=\"alignleft size-full wp-image-37\" src=\"https:\/\/calemonlawattorney.com\/wp-content\/uploads\/2019\/07\/1.png\" alt=\"\" width=\"450\" height=\"100%\" \/>\u00bfSin saberlo, compr\u00f3 un Chevrolet que es lim\u00f3n? Si es as\u00ed, la abogada Sotera L. Anderson puede ayudarlo a buscar justicia. La Sra. Anderson sabe que muchos veh\u00edculos Chevy sufren de problemas cr\u00f3nicos y entiende c\u00f3mo los problemas graves del autom\u00f3vil pueden afectar su vida. Trabajar\u00e1 incansablemente para garantizar que su caso se resuelva r\u00e1pidamente para que pueda volver a la carretera. Contratar a nuestro bufete de abogados no le cuesta nada, y se asegurar\u00e1 de que pueda librarse del estr\u00e9s de un lim\u00f3n. Para programar una consulta gratuita, llame a nuestra oficina legal al 1-855-96-LEMON o env\u00ede su informaci\u00f3n utilizando el formulario en este sitio web.<\/span><\/p>\n<div itemscope itemtype=\"http:\/\/schema.org\/NewsArticle\"><meta itemprop=\"datePublished\" content=\"diciembre 5, 2019\">\n    \t\t   <meta itemprop=\"dateModified\" content=\"diciembre 5, 2019\"><\/div>","protected":false},"excerpt":{"rendered":"<p>Abogado experto en resoluci\u00f3n r\u00e1pida de disputas sobre la ley del lim\u00f3n en nombre de los propietarios de Chevrolet Las Oficinas Legales de Sotera L. Anderson se comprometen a ayudar a los consumidores que sin saberlo han comprado veh\u00edculos defectuosos, por lo que nuestra pr\u00e1ctica se centra en la ley del lim\u00f3n. Entendemos cu\u00e1nto las [&hellip;]<\/p>\n","protected":false},"author":1,"featured_media":0,"parent":0,"menu_order":0,"comment_status":"closed","ping_status":"closed","template":"coustumepagewithsidebar.php","meta":{"_coblocks_attr":"","_coblocks_dimensions":"","_coblocks_responsive_height":"","_coblocks_accordion_ie_support":"","inline_featured_image":false,"footnotes":""},"class_list":["post-1735","page","type-page","status-publish","hentry"],"yoast_head":"<!-- This site is optimized with the Yoast SEO plugin v27.4 - https:\/\/yoast.com\/product\/yoast-seo-wordpress\/ -->\n<title>Abogado lim\u00f3n de Chevrolet | Oficinas Legales de Sotera L. Anderson | California<\/title>\n<meta name=\"description\" content=\"Las Oficinas Legales de Sotera L. Anderson ayudan a los propietarios de Chevrolet a buscar justicia en los casos de Ley lim\u00f3n. Ayudamos a quienes sin saberlo han comprado veh\u00edculos defectuosos\" \/>\n<meta name=\"robots\" content=\"index, follow, max-snippet:-1, max-image-preview:large, max-video-preview:-1\" \/>\n<link rel=\"canonical\" href=\"https:\/\/www.calemonlawattorney.com\/es\/abogado-limon-de-chevrolet\/\" \/>\n<meta property=\"og:locale\" content=\"es_ES\" \/>\n<meta property=\"og:type\" content=\"article\" \/>\n<meta property=\"og:title\" content=\"Abogado lim\u00f3n de Chevrolet | Oficinas Legales de Sotera L. Anderson | California\" \/>\n<meta property=\"og:description\" content=\"Las Oficinas Legales de Sotera L. Anderson ayudan a los propietarios de Chevrolet a buscar justicia en los casos de Ley lim\u00f3n. Ayudamos a quienes sin saberlo han comprado veh\u00edculos defectuosos\" \/>\n<meta property=\"og:url\" content=\"https:\/\/www.calemonlawattorney.com\/es\/abogado-limon-de-chevrolet\/\" \/>\n<meta property=\"og:site_name\" content=\"California Lemon Law Attorney Sotera Anderson\" \/>\n<meta property=\"article:publisher\" content=\"https:\/\/www.facebook.com\/lemonlawsotera\" \/>\n<meta property=\"og:image\" content=\"https:\/\/calemonlawattorney.com\/wp-content\/uploads\/2019\/07\/1.png\" \/>\n<meta name=\"twitter:card\" content=\"summary_large_image\" \/>\n<meta name=\"twitter:site\" content=\"@LemnLawBossLady\" \/>\n<meta name=\"twitter:label1\" content=\"Tiempo de lectura\" \/>\n\t<meta name=\"twitter:data1\" content=\"3 minutos\" \/>\n<script type=\"application\/ld+json\" class=\"yoast-schema-graph\">{\"@context\":\"https:\\\/\\\/schema.org\",\"@graph\":[{\"@type\":\"WebPage\",\"@id\":\"https:\\\/\\\/www.calemonlawattorney.com\\\/es\\\/abogado-limon-de-chevrolet\\\/\",\"url\":\"https:\\\/\\\/www.calemonlawattorney.com\\\/es\\\/abogado-limon-de-chevrolet\\\/\",\"name\":\"Abogado lim\u00f3n de Chevrolet | Oficinas Legales de Sotera L. Anderson | California\",\"isPartOf\":{\"@id\":\"https:\\\/\\\/www.calemonlawattorney.com\\\/es\\\/#website\"},\"primaryImageOfPage\":{\"@id\":\"https:\\\/\\\/www.calemonlawattorney.com\\\/es\\\/abogado-limon-de-chevrolet\\\/#primaryimage\"},\"image\":{\"@id\":\"https:\\\/\\\/www.calemonlawattorney.com\\\/es\\\/abogado-limon-de-chevrolet\\\/#primaryimage\"},\"thumbnailUrl\":\"https:\\\/\\\/calemonlawattorney.com\\\/wp-content\\\/uploads\\\/2019\\\/07\\\/1.png\",\"datePublished\":\"2019-12-05T03:49:23+00:00\",\"description\":\"Las Oficinas Legales de Sotera L. Anderson ayudan a los propietarios de Chevrolet a buscar justicia en los casos de Ley lim\u00f3n. Ayudamos a quienes sin saberlo han comprado veh\u00edculos defectuosos\",\"breadcrumb\":{\"@id\":\"https:\\\/\\\/www.calemonlawattorney.com\\\/es\\\/abogado-limon-de-chevrolet\\\/#breadcrumb\"},\"inLanguage\":\"es\",\"potentialAction\":[{\"@type\":\"ReadAction\",\"target\":[\"https:\\\/\\\/www.calemonlawattorney.com\\\/es\\\/abogado-limon-de-chevrolet\\\/\"]}]},{\"@type\":\"ImageObject\",\"inLanguage\":\"es\",\"@id\":\"https:\\\/\\\/www.calemonlawattorney.com\\\/es\\\/abogado-limon-de-chevrolet\\\/#primaryimage\",\"url\":\"https:\\\/\\\/calemonlawattorney.com\\\/wp-content\\\/uploads\\\/2019\\\/07\\\/1.png\",\"contentUrl\":\"https:\\\/\\\/calemonlawattorney.com\\\/wp-content\\\/uploads\\\/2019\\\/07\\\/1.png\"},{\"@type\":\"BreadcrumbList\",\"@id\":\"https:\\\/\\\/www.calemonlawattorney.com\\\/es\\\/abogado-limon-de-chevrolet\\\/#breadcrumb\",\"itemListElement\":[{\"@type\":\"ListItem\",\"position\":1,\"name\":\"Home\",\"item\":\"https:\\\/\\\/www.calemonlawattorney.com\\\/es\\\/\"},{\"@type\":\"ListItem\",\"position\":2,\"name\":\"Abogado lim\u00f3n de Chevrolet\"}]},{\"@type\":\"WebSite\",\"@id\":\"https:\\\/\\\/www.calemonlawattorney.com\\\/es\\\/#website\",\"url\":\"https:\\\/\\\/www.calemonlawattorney.com\\\/es\\\/\",\"name\":\"California Lemon Law Attorney Sotera Anderson\",\"description\":\"Helping California Consumers Get Refunds For Their Crappy Cars\",\"publisher\":{\"@id\":\"https:\\\/\\\/www.calemonlawattorney.com\\\/es\\\/#organization\"},\"potentialAction\":[{\"@type\":\"SearchAction\",\"target\":{\"@type\":\"EntryPoint\",\"urlTemplate\":\"https:\\\/\\\/www.calemonlawattorney.com\\\/es\\\/?s={search_term_string}\"},\"query-input\":{\"@type\":\"PropertyValueSpecification\",\"valueRequired\":true,\"valueName\":\"search_term_string\"}}],\"inLanguage\":\"es\"},{\"@type\":\"Organization\",\"@id\":\"https:\\\/\\\/www.calemonlawattorney.com\\\/es\\\/#organization\",\"name\":\"The Law Offices of Sotera L. Anderson\",\"url\":\"https:\\\/\\\/www.calemonlawattorney.com\\\/es\\\/\",\"logo\":{\"@type\":\"ImageObject\",\"inLanguage\":\"es\",\"@id\":\"https:\\\/\\\/www.calemonlawattorney.com\\\/es\\\/#\\\/schema\\\/logo\\\/image\\\/\",\"url\":\"https:\\\/\\\/www.calemonlawattorney.com\\\/wp-content\\\/uploads\\\/2021\\\/03\\\/CA-Lemon-Law-Attorney-Logo.png\",\"contentUrl\":\"https:\\\/\\\/www.calemonlawattorney.com\\\/wp-content\\\/uploads\\\/2021\\\/03\\\/CA-Lemon-Law-Attorney-Logo.png\",\"width\":2345,\"height\":2345,\"caption\":\"The Law Offices of Sotera L. Anderson\"},\"image\":{\"@id\":\"https:\\\/\\\/www.calemonlawattorney.com\\\/es\\\/#\\\/schema\\\/logo\\\/image\\\/\"},\"sameAs\":[\"https:\\\/\\\/www.facebook.com\\\/lemonlawsotera\",\"https:\\\/\\\/x.com\\\/LemnLawBossLady\"]}]}<\/script>\n<!-- \/ Yoast SEO plugin. -->","yoast_head_json":{"title":"Abogado lim\u00f3n de Chevrolet | Oficinas Legales de Sotera L. Anderson | California","description":"Las Oficinas Legales de Sotera L. Anderson ayudan a los propietarios de Chevrolet a buscar justicia en los casos de Ley lim\u00f3n. Ayudamos a quienes sin saberlo han comprado veh\u00edculos defectuosos","robots":{"index":"index","follow":"follow","max-snippet":"max-snippet:-1","max-image-preview":"max-image-preview:large","max-video-preview":"max-video-preview:-1"},"canonical":"https:\/\/www.calemonlawattorney.com\/es\/abogado-limon-de-chevrolet\/","og_locale":"es_ES","og_type":"article","og_title":"Abogado lim\u00f3n de Chevrolet | Oficinas Legales de Sotera L. Anderson | California","og_description":"Las Oficinas Legales de Sotera L. Anderson ayudan a los propietarios de Chevrolet a buscar justicia en los casos de Ley lim\u00f3n. Ayudamos a quienes sin saberlo han comprado veh\u00edculos defectuosos","og_url":"https:\/\/www.calemonlawattorney.com\/es\/abogado-limon-de-chevrolet\/","og_site_name":"California Lemon Law Attorney Sotera Anderson","article_publisher":"https:\/\/www.facebook.com\/lemonlawsotera","og_image":[{"url":"https:\/\/calemonlawattorney.com\/wp-content\/uploads\/2019\/07\/1.png","type":"","width":"","height":""}],"twitter_card":"summary_large_image","twitter_site":"@LemnLawBossLady","twitter_misc":{"Tiempo de lectura":"3 minutos"},"schema":{"@context":"https:\/\/schema.org","@graph":[{"@type":"WebPage","@id":"https:\/\/www.calemonlawattorney.com\/es\/abogado-limon-de-chevrolet\/","url":"https:\/\/www.calemonlawattorney.com\/es\/abogado-limon-de-chevrolet\/","name":"Abogado lim\u00f3n de Chevrolet | Oficinas Legales de Sotera L. Anderson | California","isPartOf":{"@id":"https:\/\/www.calemonlawattorney.com\/es\/#website"},"primaryImageOfPage":{"@id":"https:\/\/www.calemonlawattorney.com\/es\/abogado-limon-de-chevrolet\/#primaryimage"},"image":{"@id":"https:\/\/www.calemonlawattorney.com\/es\/abogado-limon-de-chevrolet\/#primaryimage"},"thumbnailUrl":"https:\/\/calemonlawattorney.com\/wp-content\/uploads\/2019\/07\/1.png","datePublished":"2019-12-05T03:49:23+00:00","description":"Las Oficinas Legales de Sotera L. Anderson ayudan a los propietarios de Chevrolet a buscar justicia en los casos de Ley lim\u00f3n. Ayudamos a quienes sin saberlo han comprado veh\u00edculos defectuosos","breadcrumb":{"@id":"https:\/\/www.calemonlawattorney.com\/es\/abogado-limon-de-chevrolet\/#breadcrumb"},"inLanguage":"es","potentialAction":[{"@type":"ReadAction","target":["https:\/\/www.calemonlawattorney.com\/es\/abogado-limon-de-chevrolet\/"]}]},{"@type":"ImageObject","inLanguage":"es","@id":"https:\/\/www.calemonlawattorney.com\/es\/abogado-limon-de-chevrolet\/#primaryimage","url":"https:\/\/calemonlawattorney.com\/wp-content\/uploads\/2019\/07\/1.png","contentUrl":"https:\/\/calemonlawattorney.com\/wp-content\/uploads\/2019\/07\/1.png"},{"@type":"BreadcrumbList","@id":"https:\/\/www.calemonlawattorney.com\/es\/abogado-limon-de-chevrolet\/#breadcrumb","itemListElement":[{"@type":"ListItem","position":1,"name":"Home","item":"https:\/\/www.calemonlawattorney.com\/es\/"},{"@type":"ListItem","position":2,"name":"Abogado lim\u00f3n de Chevrolet"}]},{"@type":"WebSite","@id":"https:\/\/www.calemonlawattorney.com\/es\/#website","url":"https:\/\/www.calemonlawattorney.com\/es\/","name":"California Lemon Law Attorney Sotera Anderson","description":"Helping California Consumers Get Refunds For Their Crappy Cars","publisher":{"@id":"https:\/\/www.calemonlawattorney.com\/es\/#organization"},"potentialAction":[{"@type":"SearchAction","target":{"@type":"EntryPoint","urlTemplate":"https:\/\/www.calemonlawattorney.com\/es\/?s={search_term_string}"},"query-input":{"@type":"PropertyValueSpecification","valueRequired":true,"valueName":"search_term_string"}}],"inLanguage":"es"},{"@type":"Organization","@id":"https:\/\/www.calemonlawattorney.com\/es\/#organization","name":"The Law Offices of Sotera L. Anderson","url":"https:\/\/www.calemonlawattorney.com\/es\/","logo":{"@type":"ImageObject","inLanguage":"es","@id":"https:\/\/www.calemonlawattorney.com\/es\/#\/schema\/logo\/image\/","url":"https:\/\/www.calemonlawattorney.com\/wp-content\/uploads\/2021\/03\/CA-Lemon-Law-Attorney-Logo.png","contentUrl":"https:\/\/www.calemonlawattorney.com\/wp-content\/uploads\/2021\/03\/CA-Lemon-Law-Attorney-Logo.png","width":2345,"height":2345,"caption":"The Law Offices of Sotera L. Anderson"},"image":{"@id":"https:\/\/www.calemonlawattorney.com\/es\/#\/schema\/logo\/image\/"},"sameAs":["https:\/\/www.facebook.com\/lemonlawsotera","https:\/\/x.com\/LemnLawBossLady"]}]}},"_links":{"self":[{"href":"https:\/\/www.calemonlawattorney.com\/es\/wp-json\/wp\/v2\/pages\/1735","targetHints":{"allow":["GET"]}}],"collection":[{"href":"https:\/\/www.calemonlawattorney.com\/es\/wp-json\/wp\/v2\/pages"}],"about":[{"href":"https:\/\/www.calemonlawattorney.com\/es\/wp-json\/wp\/v2\/types\/page"}],"author":[{"embeddable":true,"href":"https:\/\/www.calemonlawattorney.com\/es\/wp-json\/wp\/v2\/users\/1"}],"replies":[{"embeddable":true,"href":"https:\/\/www.calemonlawattorney.com\/es\/wp-json\/wp\/v2\/comments?post=1735"}],"version-history":[{"count":1,"href":"https:\/\/www.calemonlawattorney.com\/es\/wp-json\/wp\/v2\/pages\/1735\/revisions"}],"predecessor-version":[{"id":1736,"href":"https:\/\/www.calemonlawattorney.com\/es\/wp-json\/wp\/v2\/pages\/1735\/revisions\/1736"}],"wp:attachment":[{"href":"https:\/\/www.calemonlawattorney.com\/es\/wp-json\/wp\/v2\/media?parent=1735"}],"curies":[{"name":"wp","href":"https:\/\/api.w.org\/{rel}","templated":true}]}}