{"id":1722,"date":"2019-12-05T03:19:10","date_gmt":"2019-12-05T03:19:10","guid":{"rendered":"https:\/\/calemonlawattorney.com\/?page_id=1722"},"modified":"2022-05-17T10:15:47","modified_gmt":"2022-05-17T10:15:47","slug":"contactenos","status":"publish","type":"page","link":"https:\/\/www.calemonlawattorney.com\/es\/contactenos\/","title":{"rendered":"Cont\u00e1ctenos"},"content":{"rendered":"<h1>\u00a1P\u00f3ngase en contacto con nuestras oficinas hoy!<\/h1>\n<p>TEl equipo calificado y experimentado de las Oficinas Legales de Sotera L. Anderson est\u00e1 listo para revisar su caso. Para programar su consulta gratuita, llame al 855-96-LEMON (5-3666). Alguien de nuestro equipo tambi\u00e9n se pondr\u00e1 en contacto con usted para programar su consulta si env\u00eda su informaci\u00f3n utilizando nuestro formulario de contacto.<\/p>\n<h3 class=\"bold-font\">San Diego<\/h3>\n<p>16870 W Bernardo Dr #400<br \/>\nSan Diego, CA 92127<br \/>\n<strong>Tel\u00e9fono:<\/strong> (855) 965-3666<br \/>\n<strong>Fax:<\/strong> 844-365-4337<br \/>\n<strong>Texto:<\/strong> 858-208-3175<br \/>\n<strong>Email:<\/strong>\u00a0sotera@calemonlawattorney.com<\/p>\n<div class=\"sfs-fast-map\" data-iframe-width=\"600\" data-iframe-height=\"300\" data-iframe-src=\"https:\/\/www.google.com\/maps\/embed?pb=!1m14!1m8!1m3!1d13381.595903667874!2d-117.0813417!3d33.0196177!3m2!1i1024!2i768!4f13.1!3m3!1m2!1s0x0%3A0xc7d3cc53e2a89b94!2sLaw+Offices+of+Sotera+L.+Anderson!5e0!3m2!1sen!2sus!4v1562335018394!5m2!1sen!2sus\"><a title=\"Click to activate map\" href=\"https:\/\/goo.gl\/maps\/A6mcSsb1FvQMjv7T8\" target=\"_blank\" rel=\"noopener noreferrer\"><img decoding=\"async\" src=\"https:\/\/calemonlawattorney.com\/wp-content\/uploads\/2019\/07\/Screen-Shot-2019-07-05-at-10.13.40-AM.png\" alt=\"Click to activate map\" \/><\/a><\/div>\n<p><strong>Indicaciones de viaje<\/strong><br \/>\nA modo de resumen, estamos ubicados en el 4to piso del edificio de oficinas The Bluffs en San Diego, a solo minutos de la Interestatal 15 y justo al lado de la Universidad Nacional &#8211; Bernardo, Campus de California.<\/p>\n<h3><\/h3>\n<h3 class=\"bold-font\">Los Angeles<\/h3>\n<p>811 Wilshire Blvd #1700 PMB 136<br \/>\nLos \u00c1ngeles, CA 90017<br \/>\n<strong>Tel\u00e9fono:<\/strong> (310) 421-2483<br \/>\n<strong>Fax:<\/strong> 844-365-4337<br \/>\n<strong>Texto:<\/strong> 858-208-3175<br \/>\n<strong>Email:<\/strong>\u00a0sotera@calemonlawattorney.com<\/p>\n<div class=\"sfs-fast-map\" data-iframe-width=\"600\" data-iframe-height=\"300\" data-iframe-src=\"https:\/\/www.google.com\/maps\/embed?pb=!1m14!1m8!1m3!1d13223.077868374217!2d-118.2582317!3d34.0497842!3m2!1i1024!2i768!4f13.1!3m3!1m2!1s0x0%3A0x29e9f6ad3324ca76!2sLaw+Offices+of+Sotera+L.+Anderson!5e0!3m2!1sen!2sus!4v1562334924916!5m2!1sen!2sus\"><a title=\"Click to activate map\" href=\"https:\/\/goo.gl\/maps\/EsxqQtoSxEGX1Crm6\" target=\"_blank\" rel=\"noopener noreferrer\"><img decoding=\"async\" src=\"https:\/\/calemonlawattorney.com\/wp-content\/uploads\/2019\/07\/Screen-Shot-2019-07-05-at-10.13.12-AM.png\" alt=\"Click to activate map\" \/><\/a><\/div>\n<p><strong>Indicaciones de viaje<\/strong><br \/>\nA modo de resumen, estamos ubicados en el centro de Wilshire, entre Figueroa y Flower, frente al nuevo desarrollo de Wilshire Grand Hotel en el distrito central de negocios del centro de Los \u00c1ngeles, California, a solo minutos del Harbor, Transit y Hollywood Freeways Corridor.<\/p>\n<h3><\/h3>\n<div itemscope itemtype=\"http:\/\/schema.org\/NewsArticle\"><meta itemprop=\"datePublished\" content=\"diciembre 5, 2019\">\n    \t\t   <meta itemprop=\"dateModified\" content=\"mayo 17, 2022\"><\/div>","protected":false},"excerpt":{"rendered":"<p>\u00a1P\u00f3ngase en contacto con nuestras oficinas hoy! TEl equipo calificado y experimentado de las Oficinas Legales de Sotera L. Anderson est\u00e1 listo para revisar su caso. Para programar su consulta gratuita, llame al 855-96-LEMON (5-3666). Alguien de nuestro equipo tambi\u00e9n se pondr\u00e1 en contacto con usted para programar su consulta si env\u00eda su informaci\u00f3n utilizando [&hellip;]<\/p>\n","protected":false},"author":1,"featured_media":0,"parent":0,"menu_order":0,"comment_status":"closed","ping_status":"closed","template":"coustumepagewithsidebar.php","meta":{"_coblocks_attr":"","_coblocks_dimensions":"","_coblocks_responsive_height":"","_coblocks_accordion_ie_support":"","inline_featured_image":false,"footnotes":""},"class_list":["post-1722","page","type-page","status-publish","hentry"],"yoast_head":"<!-- This site is optimized with the Yoast SEO plugin v27.4 - https:\/\/yoast.com\/product\/yoast-seo-wordpress\/ -->\n<title>\u00a1P\u00f3ngase en contacto con Sotera Anderson hoy! - Oficinas Legales de Sotera L. Anderson<\/title>\n<meta name=\"description\" content=\"El equipo calificado y experimentado de las Oficinas Legales de Sotera L. Anderson est\u00e1 listo para revisar su caso. Para programar su consulta gratuita, Llame ahora al (855) 965-3666\" \/>\n<meta name=\"robots\" content=\"index, follow, max-snippet:-1, max-image-preview:large, max-video-preview:-1\" \/>\n<link rel=\"canonical\" href=\"https:\/\/www.calemonlawattorney.com\/es\/contactenos\/\" \/>\n<meta property=\"og:locale\" content=\"es_ES\" \/>\n<meta property=\"og:type\" content=\"article\" \/>\n<meta property=\"og:title\" content=\"\u00a1P\u00f3ngase en contacto con Sotera Anderson hoy! - Oficinas Legales de Sotera L. Anderson\" \/>\n<meta property=\"og:description\" content=\"El equipo calificado y experimentado de las Oficinas Legales de Sotera L. Anderson est\u00e1 listo para revisar su caso. Para programar su consulta gratuita, Llame ahora al (855) 965-3666\" \/>\n<meta property=\"og:url\" content=\"https:\/\/www.calemonlawattorney.com\/es\/contactenos\/\" \/>\n<meta property=\"og:site_name\" content=\"California Lemon Law Attorney Sotera Anderson\" \/>\n<meta property=\"article:publisher\" content=\"https:\/\/www.facebook.com\/lemonlawsotera\" \/>\n<meta property=\"article:modified_time\" content=\"2022-05-17T10:15:47+00:00\" \/>\n<meta property=\"og:image\" content=\"https:\/\/calemonlawattorney.com\/wp-content\/uploads\/2019\/07\/Screen-Shot-2019-07-05-at-10.13.40-AM.png\" \/>\n<meta name=\"twitter:card\" content=\"summary_large_image\" \/>\n<meta name=\"twitter:site\" content=\"@LemnLawBossLady\" \/>\n<meta name=\"twitter:label1\" content=\"Tiempo de lectura\" \/>\n\t<meta name=\"twitter:data1\" content=\"1 minuto\" \/>\n<script type=\"application\/ld+json\" class=\"yoast-schema-graph\">{\"@context\":\"https:\\\/\\\/schema.org\",\"@graph\":[{\"@type\":\"WebPage\",\"@id\":\"https:\\\/\\\/www.calemonlawattorney.com\\\/es\\\/contactenos\\\/\",\"url\":\"https:\\\/\\\/www.calemonlawattorney.com\\\/es\\\/contactenos\\\/\",\"name\":\"\u00a1P\u00f3ngase en contacto con Sotera Anderson hoy! - Oficinas Legales de Sotera L. Anderson\",\"isPartOf\":{\"@id\":\"https:\\\/\\\/www.calemonlawattorney.com\\\/es\\\/#website\"},\"primaryImageOfPage\":{\"@id\":\"https:\\\/\\\/www.calemonlawattorney.com\\\/es\\\/contactenos\\\/#primaryimage\"},\"image\":{\"@id\":\"https:\\\/\\\/www.calemonlawattorney.com\\\/es\\\/contactenos\\\/#primaryimage\"},\"thumbnailUrl\":\"https:\\\/\\\/calemonlawattorney.com\\\/wp-content\\\/uploads\\\/2019\\\/07\\\/Screen-Shot-2019-07-05-at-10.13.40-AM.png\",\"datePublished\":\"2019-12-05T03:19:10+00:00\",\"dateModified\":\"2022-05-17T10:15:47+00:00\",\"description\":\"El equipo calificado y experimentado de las Oficinas Legales de Sotera L. Anderson est\u00e1 listo para revisar su caso. Para programar su consulta gratuita, Llame ahora al (855) 965-3666\",\"breadcrumb\":{\"@id\":\"https:\\\/\\\/www.calemonlawattorney.com\\\/es\\\/contactenos\\\/#breadcrumb\"},\"inLanguage\":\"es\",\"potentialAction\":[{\"@type\":\"ReadAction\",\"target\":[\"https:\\\/\\\/www.calemonlawattorney.com\\\/es\\\/contactenos\\\/\"]}]},{\"@type\":\"ImageObject\",\"inLanguage\":\"es\",\"@id\":\"https:\\\/\\\/www.calemonlawattorney.com\\\/es\\\/contactenos\\\/#primaryimage\",\"url\":\"https:\\\/\\\/calemonlawattorney.com\\\/wp-content\\\/uploads\\\/2019\\\/07\\\/Screen-Shot-2019-07-05-at-10.13.40-AM.png\",\"contentUrl\":\"https:\\\/\\\/calemonlawattorney.com\\\/wp-content\\\/uploads\\\/2019\\\/07\\\/Screen-Shot-2019-07-05-at-10.13.40-AM.png\"},{\"@type\":\"BreadcrumbList\",\"@id\":\"https:\\\/\\\/www.calemonlawattorney.com\\\/es\\\/contactenos\\\/#breadcrumb\",\"itemListElement\":[{\"@type\":\"ListItem\",\"position\":1,\"name\":\"Home\",\"item\":\"https:\\\/\\\/www.calemonlawattorney.com\\\/es\\\/\"},{\"@type\":\"ListItem\",\"position\":2,\"name\":\"Cont\u00e1ctenos\"}]},{\"@type\":\"WebSite\",\"@id\":\"https:\\\/\\\/www.calemonlawattorney.com\\\/es\\\/#website\",\"url\":\"https:\\\/\\\/www.calemonlawattorney.com\\\/es\\\/\",\"name\":\"California Lemon Law Attorney Sotera Anderson\",\"description\":\"Helping California Consumers Get Refunds For Their Crappy Cars\",\"publisher\":{\"@id\":\"https:\\\/\\\/www.calemonlawattorney.com\\\/es\\\/#organization\"},\"potentialAction\":[{\"@type\":\"SearchAction\",\"target\":{\"@type\":\"EntryPoint\",\"urlTemplate\":\"https:\\\/\\\/www.calemonlawattorney.com\\\/es\\\/?s={search_term_string}\"},\"query-input\":{\"@type\":\"PropertyValueSpecification\",\"valueRequired\":true,\"valueName\":\"search_term_string\"}}],\"inLanguage\":\"es\"},{\"@type\":\"Organization\",\"@id\":\"https:\\\/\\\/www.calemonlawattorney.com\\\/es\\\/#organization\",\"name\":\"The Law Offices of Sotera L. Anderson\",\"url\":\"https:\\\/\\\/www.calemonlawattorney.com\\\/es\\\/\",\"logo\":{\"@type\":\"ImageObject\",\"inLanguage\":\"es\",\"@id\":\"https:\\\/\\\/www.calemonlawattorney.com\\\/es\\\/#\\\/schema\\\/logo\\\/image\\\/\",\"url\":\"https:\\\/\\\/www.calemonlawattorney.com\\\/wp-content\\\/uploads\\\/2021\\\/03\\\/CA-Lemon-Law-Attorney-Logo.png\",\"contentUrl\":\"https:\\\/\\\/www.calemonlawattorney.com\\\/wp-content\\\/uploads\\\/2021\\\/03\\\/CA-Lemon-Law-Attorney-Logo.png\",\"width\":2345,\"height\":2345,\"caption\":\"The Law Offices of Sotera L. Anderson\"},\"image\":{\"@id\":\"https:\\\/\\\/www.calemonlawattorney.com\\\/es\\\/#\\\/schema\\\/logo\\\/image\\\/\"},\"sameAs\":[\"https:\\\/\\\/www.facebook.com\\\/lemonlawsotera\",\"https:\\\/\\\/x.com\\\/LemnLawBossLady\"]}]}<\/script>\n<!-- \/ Yoast SEO plugin. -->","yoast_head_json":{"title":"\u00a1P\u00f3ngase en contacto con Sotera Anderson hoy! - Oficinas Legales de Sotera L. Anderson","description":"El equipo calificado y experimentado de las Oficinas Legales de Sotera L. Anderson est\u00e1 listo para revisar su caso. Para programar su consulta gratuita, Llame ahora al (855) 965-3666","robots":{"index":"index","follow":"follow","max-snippet":"max-snippet:-1","max-image-preview":"max-image-preview:large","max-video-preview":"max-video-preview:-1"},"canonical":"https:\/\/www.calemonlawattorney.com\/es\/contactenos\/","og_locale":"es_ES","og_type":"article","og_title":"\u00a1P\u00f3ngase en contacto con Sotera Anderson hoy! - Oficinas Legales de Sotera L. Anderson","og_description":"El equipo calificado y experimentado de las Oficinas Legales de Sotera L. Anderson est\u00e1 listo para revisar su caso. Para programar su consulta gratuita, Llame ahora al (855) 965-3666","og_url":"https:\/\/www.calemonlawattorney.com\/es\/contactenos\/","og_site_name":"California Lemon Law Attorney Sotera Anderson","article_publisher":"https:\/\/www.facebook.com\/lemonlawsotera","article_modified_time":"2022-05-17T10:15:47+00:00","og_image":[{"url":"https:\/\/calemonlawattorney.com\/wp-content\/uploads\/2019\/07\/Screen-Shot-2019-07-05-at-10.13.40-AM.png","type":"","width":"","height":""}],"twitter_card":"summary_large_image","twitter_site":"@LemnLawBossLady","twitter_misc":{"Tiempo de lectura":"1 minuto"},"schema":{"@context":"https:\/\/schema.org","@graph":[{"@type":"WebPage","@id":"https:\/\/www.calemonlawattorney.com\/es\/contactenos\/","url":"https:\/\/www.calemonlawattorney.com\/es\/contactenos\/","name":"\u00a1P\u00f3ngase en contacto con Sotera Anderson hoy! - Oficinas Legales de Sotera L. Anderson","isPartOf":{"@id":"https:\/\/www.calemonlawattorney.com\/es\/#website"},"primaryImageOfPage":{"@id":"https:\/\/www.calemonlawattorney.com\/es\/contactenos\/#primaryimage"},"image":{"@id":"https:\/\/www.calemonlawattorney.com\/es\/contactenos\/#primaryimage"},"thumbnailUrl":"https:\/\/calemonlawattorney.com\/wp-content\/uploads\/2019\/07\/Screen-Shot-2019-07-05-at-10.13.40-AM.png","datePublished":"2019-12-05T03:19:10+00:00","dateModified":"2022-05-17T10:15:47+00:00","description":"El equipo calificado y experimentado de las Oficinas Legales de Sotera L. Anderson est\u00e1 listo para revisar su caso. Para programar su consulta gratuita, Llame ahora al (855) 965-3666","breadcrumb":{"@id":"https:\/\/www.calemonlawattorney.com\/es\/contactenos\/#breadcrumb"},"inLanguage":"es","potentialAction":[{"@type":"ReadAction","target":["https:\/\/www.calemonlawattorney.com\/es\/contactenos\/"]}]},{"@type":"ImageObject","inLanguage":"es","@id":"https:\/\/www.calemonlawattorney.com\/es\/contactenos\/#primaryimage","url":"https:\/\/calemonlawattorney.com\/wp-content\/uploads\/2019\/07\/Screen-Shot-2019-07-05-at-10.13.40-AM.png","contentUrl":"https:\/\/calemonlawattorney.com\/wp-content\/uploads\/2019\/07\/Screen-Shot-2019-07-05-at-10.13.40-AM.png"},{"@type":"BreadcrumbList","@id":"https:\/\/www.calemonlawattorney.com\/es\/contactenos\/#breadcrumb","itemListElement":[{"@type":"ListItem","position":1,"name":"Home","item":"https:\/\/www.calemonlawattorney.com\/es\/"},{"@type":"ListItem","position":2,"name":"Cont\u00e1ctenos"}]},{"@type":"WebSite","@id":"https:\/\/www.calemonlawattorney.com\/es\/#website","url":"https:\/\/www.calemonlawattorney.com\/es\/","name":"California Lemon Law Attorney Sotera Anderson","description":"Helping California Consumers Get Refunds For Their Crappy Cars","publisher":{"@id":"https:\/\/www.calemonlawattorney.com\/es\/#organization"},"potentialAction":[{"@type":"SearchAction","target":{"@type":"EntryPoint","urlTemplate":"https:\/\/www.calemonlawattorney.com\/es\/?s={search_term_string}"},"query-input":{"@type":"PropertyValueSpecification","valueRequired":true,"valueName":"search_term_string"}}],"inLanguage":"es"},{"@type":"Organization","@id":"https:\/\/www.calemonlawattorney.com\/es\/#organization","name":"The Law Offices of Sotera L. Anderson","url":"https:\/\/www.calemonlawattorney.com\/es\/","logo":{"@type":"ImageObject","inLanguage":"es","@id":"https:\/\/www.calemonlawattorney.com\/es\/#\/schema\/logo\/image\/","url":"https:\/\/www.calemonlawattorney.com\/wp-content\/uploads\/2021\/03\/CA-Lemon-Law-Attorney-Logo.png","contentUrl":"https:\/\/www.calemonlawattorney.com\/wp-content\/uploads\/2021\/03\/CA-Lemon-Law-Attorney-Logo.png","width":2345,"height":2345,"caption":"The Law Offices of Sotera L. Anderson"},"image":{"@id":"https:\/\/www.calemonlawattorney.com\/es\/#\/schema\/logo\/image\/"},"sameAs":["https:\/\/www.facebook.com\/lemonlawsotera","https:\/\/x.com\/LemnLawBossLady"]}]}},"_links":{"self":[{"href":"https:\/\/www.calemonlawattorney.com\/es\/wp-json\/wp\/v2\/pages\/1722","targetHints":{"allow":["GET"]}}],"collection":[{"href":"https:\/\/www.calemonlawattorney.com\/es\/wp-json\/wp\/v2\/pages"}],"about":[{"href":"https:\/\/www.calemonlawattorney.com\/es\/wp-json\/wp\/v2\/types\/page"}],"author":[{"embeddable":true,"href":"https:\/\/www.calemonlawattorney.com\/es\/wp-json\/wp\/v2\/users\/1"}],"replies":[{"embeddable":true,"href":"https:\/\/www.calemonlawattorney.com\/es\/wp-json\/wp\/v2\/comments?post=1722"}],"version-history":[{"count":1,"href":"https:\/\/www.calemonlawattorney.com\/es\/wp-json\/wp\/v2\/pages\/1722\/revisions"}],"predecessor-version":[{"id":1723,"href":"https:\/\/www.calemonlawattorney.com\/es\/wp-json\/wp\/v2\/pages\/1722\/revisions\/1723"}],"wp:attachment":[{"href":"https:\/\/www.calemonlawattorney.com\/es\/wp-json\/wp\/v2\/media?parent=1722"}],"curies":[{"name":"wp","href":"https:\/\/api.w.org\/{rel}","templated":true}]}}