{"id":1720,"date":"2019-12-05T03:12:07","date_gmt":"2019-12-05T03:12:07","guid":{"rendered":"https:\/\/calemonlawattorney.com\/?page_id=1720"},"modified":"2023-08-09T07:06:11","modified_gmt":"2023-08-09T14:06:11","slug":"como-presentar-un-reclamo-de-ley-limon","status":"publish","type":"page","link":"https:\/\/www.calemonlawattorney.com\/es\/como-presentar-un-reclamo-de-ley-limon\/","title":{"rendered":"C\u00f3mo presentar un reclamo de ley lim\u00f3n"},"content":{"rendered":"<h1>C\u00f3mo presentar un reclamo de ley lim\u00f3n en California<\/h1>\n<div class=\"border-bottom-heading\"><\/div>\n<div class=\"row\">\n<div class=\"col-md-5\">\n<p class=\"p1\"><span class=\"s1\">TLas Oficinas Legales de Sotera L. Anderson se comprometen a ayudar a los consumidores que sin saberlo han comprado veh\u00edculos defectuosos, por lo que nuestra pr\u00e1ctica se centra en la ley lim\u00f3n. <\/span><\/p>\n<p>Entendemos cu\u00e1nto las personas conf\u00edan en sus veh\u00edculos todos los d\u00edas y sabemos c\u00f3mo un autom\u00f3vil poco confiable puede alterar por completo su vida.<\/p>\n<\/div>\n<div class=\"col-md-7\">\n<div class=\"vdo-box\"><iframe loading=\"lazy\" src=\"https:\/\/www.youtube.com\/embed\/wl_BWGhxZT8?rel=0&amp;showinfo=0\" width=\"560\" height=\"240\" frameborder=\"0\" allowfullscreen=\"allowfullscreen\"><\/iframe><\/div>\n<p><!--\n\n\n<div class=\"you-btn\"><button type=\"button\" data-toggle=\"modal\" data-target=\"#aboutModal\"><i class=\"fa fa-youtube-play\" aria-hidden=\"true\"><\/i><\/button><\/div>\n\n\n--><br \/>\n<!--\n\n\n<div class=\"modal fade\" id=\"aboutModal\" role=\"dialog\">\n\n\n<div class=\"modal-dialog\">\n\n\n<div class=\"modal-content\">\n\n\n<div class=\"modal-header\">\n          <button type=\"button\" class=\"close\" data-dismiss=\"modal\">&times;<\/button><\/div>\n\n\n\n\n<div class=\"modal-body\">\n         <iframe loading=\"lazy\" width=\"700\" height=\"400\" src=\"https:\/\/www.youtube.com\/embed\/wl_BWGhxZT8?rel=0&amp;showinfo=0\" controls=\"0\" frameborder=\"0\" allow=\"accelerometer; autoplay; encrypted-media; gyroscope; picture-in-picture\" allowfullscreen><\/iframe><\/div>\n\n\n<\/div>\n\n\n<\/div>\n\n\n<\/div>\n\n\n--><\/p>\n<\/div>\n<\/div>\n<div class=\"row\">\n<div class=\"col-md-12\">\n<p class=\"p1\"><span class=\"s1\">Muchas personas compran o arriendan un veh\u00edculo nuevo o usado con la expectativa de un nuevo comienzo. El auto tiene poco kilometraje, no tiene desgaste y viene con una garant\u00eda. Sin embargo, algunos de estos consumidores se frustran r\u00e1pidamente cuando surge un problema que les obliga a traer el veh\u00edculo repetidamente para reparaciones. Su frustraci\u00f3n solo sigue creciendo cuando el problema a\u00fan existe despu\u00e9s de m\u00faltiples intentos de reparaci\u00f3n. Si se encuentra en esta situaci\u00f3n, es importante presentar un reclamo de ley lim\u00f3n para obtener un reembolso o un veh\u00edculo de reemplazo. A continuaci\u00f3n se muestra una breve descripci\u00f3n general de c\u00f3mo presentar un reclamo de ley lim\u00f3n.<\/span><\/p>\n<h2 class=\"p1 bold-font\"><span class=\"s1\">Traiga su lim\u00f3n para repararlo lo antes posible<\/span><\/h2>\n<p class=\"p1\"><span class=\"s1\">Si surge un problema con su veh\u00edculo, ll\u00e9velo al concesionario o al fabricante para que lo reparen lo antes posible. Demasiadas personas posponen arreglar sus veh\u00edculos. Sin embargo, un fabricante de autom\u00f3viles no est\u00e1 obligado a solucionar un problema que ni siquiera conoce. Para ejercer sus derechos bajo la Ley lim\u00f3n, el fabricante debe tener la oportunidad de solucionar el problema primero.<\/span><\/p>\n<p class=\"p1\"><span class=\"s1\">Informe al personal sobre todas sus inquietudes cuando traiga el veh\u00edculo y aseg\u00farese de que documenten todas y cada una de las quejas. Mantenga y mantenga siempre los registros relacionados con los intentos de reparaci\u00f3n, que pueden incluir pedidos de reparaci\u00f3n y recibos. Los concesionarios pueden extraviar los registros o incluso cerrar el negocio, dej\u00e1ndolo sin acceso a los registros que necesita para probar su reclamo.<\/span><\/p>\n<h2 class=\"p3 bold-font\"><span class=\"s1\">Re\u00fana los documentos que necesita para probar su reclamo de la Ley lim\u00f3n<\/span><\/h2>\n<p class=\"p3\"><span class=\"s1\">Luego, comience a reunir los documentos que necesita para probar su reclamo. \u00c9stos son los documentos que deber\u00e1 recopilar::<\/span><\/p>\n<ul class=\"ul1\">\n<li class=\"li3\"><span class=\"s1\">Prueba de la compra de su veh\u00edculo o su contrato de arrendamiento<\/span><\/li>\n<li class=\"li3\"><span class=\"s1\">Informaci\u00f3n sobre la garant\u00eda que recibi\u00f3.<\/span><\/li>\n<li class=\"li3\"><span class=\"s1\">Todas las \u00f3rdenes de reparaci\u00f3n, facturas de reparaci\u00f3n y recibos de cualquier trabajo en su veh\u00edculo.<\/span><\/li>\n<li class=\"li3\"><span class=\"s1\">Notas sobre cualquier conversaci\u00f3n adicional que haya tenido con un distribuidor o fabricante, as\u00ed como correos electr\u00f3nicos u otra correspondencia<\/span><\/li>\n<\/ul>\n<p class=\"p1\"><span class=\"s1\">Cada caso es \u00fanico, por lo que es mejor hablar con un abogado sobre qu\u00e9 tipo de documentaci\u00f3n necesitar\u00e1.<\/span><\/p>\n<h2 class=\"p1 bold-font\"><span class=\"s1\">Solicite representaci\u00f3n legal de un abogado con experiencia en la ley lim\u00f3n<\/span><\/h2>\n<p class=\"p1\"><span class=\"s1\"><img decoding=\"async\" class=\"alignleft size-full wp-image-40\" src=\"https:\/\/calemonlawattorney.com\/wp-content\/uploads\/2019\/05\/left-image06.png\" alt=\"\" width=\"450\" height=\"100%\" srcset=\"https:\/\/www.calemonlawattorney.com\/wp-content\/uploads\/2019\/05\/left-image06.png 762w, https:\/\/www.calemonlawattorney.com\/wp-content\/uploads\/2019\/05\/left-image06-300x195.png 300w\" sizes=\"(max-width: 762px) 100vw, 762px\" \/>En este punto, se recomienda que contacte a un abogado para obtener ayuda. Puede acceder a la documentaci\u00f3n que necesita enviar en l\u00ednea, pero esto no significa que deba presentar un reclamo por su cuenta. Muchas personas intentan simplemente completar la solicitud y presentar un reclamo por su cuenta, pero pronto se encuentran con problemas o se sienten abrumados cuando el distribuidor o el fabricante intentan aprovecharse de ellos. No intente abordar el proceso lento y confuso de presentar un reclamo por su cuenta. Discuta su reclamo con un abogado que est\u00e9 completamente familiarizado con este proceso.<\/span><\/p>\n<h2 class=\"p3 bold-font\"><span class=\"s1\">Discuta su caso con un abogado de California hoy<\/span><\/h2>\n<p class=\"p1\"><span class=\"s1\">A\u00bfEst\u00e1 conduciendo un lim\u00f3n? No espere m\u00e1s para discutir sus opciones legales con la abogada experimentada en leyes lim\u00f3n Sotera L. Anderson. La Sra. Anderson trabajar\u00e1 incansablemente para ayudarlo a obtener un reembolso, un veh\u00edculo de reemplazo o una liquidaci\u00f3n en efectivo. Si crees que tu veh\u00edculo es un lim\u00f3n, es hora de buscar justicia. Deje que las Oficinas Legales de Sotera L. Anderson lo ayuden. Llame a nuestro bufete de abogados ahora al 1-855-96- (LEMON) o<a href=\"https:\/\/www.calemonlawattorney.com\/contact-us-for-a-free-case-evaluation\/\">\u00a0cont\u00e1ctenos en l\u00ednea <\/a>\u00a0para programar una consulta gratuita sobre su caso. <\/span><\/p>\n<\/div>\n<\/div>\n<div itemscope itemtype=\"http:\/\/schema.org\/NewsArticle\"><meta itemprop=\"datePublished\" content=\"diciembre 5, 2019\">\n    \t\t   <meta itemprop=\"dateModified\" content=\"agosto 9, 2023\"><\/div>","protected":false},"excerpt":{"rendered":"<p>C\u00f3mo presentar un reclamo de ley lim\u00f3n en California TLas Oficinas Legales de Sotera L. Anderson se comprometen a ayudar a los consumidores que sin saberlo han comprado veh\u00edculos defectuosos, por lo que nuestra pr\u00e1ctica se centra en la ley lim\u00f3n. Entendemos cu\u00e1nto las personas conf\u00edan en sus veh\u00edculos todos los d\u00edas y sabemos c\u00f3mo [&hellip;]<\/p>\n","protected":false},"author":1,"featured_media":0,"parent":0,"menu_order":0,"comment_status":"closed","ping_status":"closed","template":"coustumepagewithsidebar.php","meta":{"_coblocks_attr":"","_coblocks_dimensions":"","_coblocks_responsive_height":"","_coblocks_accordion_ie_support":"","inline_featured_image":false,"footnotes":""},"class_list":["post-1720","page","type-page","status-publish","hentry"],"yoast_head":"<!-- This site is optimized with the Yoast SEO plugin v27.5 - https:\/\/yoast.com\/product\/yoast-seo-wordpress\/ -->\n<title>C\u00f3mo presentar un reclamo de ley lim\u00f3n \u00bb \u00d9til Oficinas Legales de Sotera L. Anderson<\/title>\n<meta name=\"description\" content=\"Si surge un problema con su veh\u00edculo, es importante presentar un reclamo de ley lim\u00f3n ante las Oficinas Legales de Sotera L. Anderson para obtener un reembolso. Llame ahora al (855) 965-3666\" \/>\n<meta name=\"robots\" content=\"index, follow, max-snippet:-1, max-image-preview:large, max-video-preview:-1\" \/>\n<link rel=\"canonical\" href=\"https:\/\/www.calemonlawattorney.com\/es\/como-presentar-un-reclamo-de-ley-limon\/\" \/>\n<meta property=\"og:locale\" content=\"es_ES\" \/>\n<meta property=\"og:type\" content=\"article\" \/>\n<meta property=\"og:title\" content=\"C\u00f3mo presentar un reclamo de ley lim\u00f3n \u00bb \u00d9til Oficinas Legales de Sotera L. Anderson\" \/>\n<meta property=\"og:description\" content=\"Si surge un problema con su veh\u00edculo, es importante presentar un reclamo de ley lim\u00f3n ante las Oficinas Legales de Sotera L. Anderson para obtener un reembolso. Llame ahora al (855) 965-3666\" \/>\n<meta property=\"og:url\" content=\"https:\/\/www.calemonlawattorney.com\/es\/como-presentar-un-reclamo-de-ley-limon\/\" \/>\n<meta property=\"og:site_name\" content=\"California Lemon Law Attorney Sotera Anderson\" \/>\n<meta property=\"article:publisher\" content=\"https:\/\/www.facebook.com\/lemonlawsotera\" \/>\n<meta property=\"article:modified_time\" content=\"2023-08-09T14:06:11+00:00\" \/>\n<meta property=\"og:image\" content=\"https:\/\/calemonlawattorney.com\/wp-content\/uploads\/2019\/05\/left-image06.png\" \/>\n<meta name=\"twitter:card\" content=\"summary_large_image\" \/>\n<meta name=\"twitter:site\" content=\"@LemnLawBossLady\" \/>\n<meta name=\"twitter:label1\" content=\"Tiempo de lectura\" \/>\n\t<meta name=\"twitter:data1\" content=\"3 minutos\" \/>\n<script type=\"application\/ld+json\" class=\"yoast-schema-graph\">{\"@context\":\"https:\\\/\\\/schema.org\",\"@graph\":[{\"@type\":\"WebPage\",\"@id\":\"https:\\\/\\\/www.calemonlawattorney.com\\\/es\\\/como-presentar-un-reclamo-de-ley-limon\\\/\",\"url\":\"https:\\\/\\\/www.calemonlawattorney.com\\\/es\\\/como-presentar-un-reclamo-de-ley-limon\\\/\",\"name\":\"C\u00f3mo presentar un reclamo de ley lim\u00f3n \u00bb \u00d9til Oficinas Legales de Sotera L. Anderson\",\"isPartOf\":{\"@id\":\"https:\\\/\\\/www.calemonlawattorney.com\\\/es\\\/#website\"},\"primaryImageOfPage\":{\"@id\":\"https:\\\/\\\/www.calemonlawattorney.com\\\/es\\\/como-presentar-un-reclamo-de-ley-limon\\\/#primaryimage\"},\"image\":{\"@id\":\"https:\\\/\\\/www.calemonlawattorney.com\\\/es\\\/como-presentar-un-reclamo-de-ley-limon\\\/#primaryimage\"},\"thumbnailUrl\":\"https:\\\/\\\/calemonlawattorney.com\\\/wp-content\\\/uploads\\\/2019\\\/05\\\/left-image06.png\",\"datePublished\":\"2019-12-05T03:12:07+00:00\",\"dateModified\":\"2023-08-09T14:06:11+00:00\",\"description\":\"Si surge un problema con su veh\u00edculo, es importante presentar un reclamo de ley lim\u00f3n ante las Oficinas Legales de Sotera L. Anderson para obtener un reembolso. Llame ahora al (855) 965-3666\",\"breadcrumb\":{\"@id\":\"https:\\\/\\\/www.calemonlawattorney.com\\\/es\\\/como-presentar-un-reclamo-de-ley-limon\\\/#breadcrumb\"},\"inLanguage\":\"es\",\"potentialAction\":[{\"@type\":\"ReadAction\",\"target\":[\"https:\\\/\\\/www.calemonlawattorney.com\\\/es\\\/como-presentar-un-reclamo-de-ley-limon\\\/\"]}]},{\"@type\":\"ImageObject\",\"inLanguage\":\"es\",\"@id\":\"https:\\\/\\\/www.calemonlawattorney.com\\\/es\\\/como-presentar-un-reclamo-de-ley-limon\\\/#primaryimage\",\"url\":\"https:\\\/\\\/calemonlawattorney.com\\\/wp-content\\\/uploads\\\/2019\\\/05\\\/left-image06.png\",\"contentUrl\":\"https:\\\/\\\/calemonlawattorney.com\\\/wp-content\\\/uploads\\\/2019\\\/05\\\/left-image06.png\"},{\"@type\":\"BreadcrumbList\",\"@id\":\"https:\\\/\\\/www.calemonlawattorney.com\\\/es\\\/como-presentar-un-reclamo-de-ley-limon\\\/#breadcrumb\",\"itemListElement\":[{\"@type\":\"ListItem\",\"position\":1,\"name\":\"Home\",\"item\":\"https:\\\/\\\/www.calemonlawattorney.com\\\/es\\\/\"},{\"@type\":\"ListItem\",\"position\":2,\"name\":\"C\u00f3mo presentar un reclamo de ley lim\u00f3n\"}]},{\"@type\":\"WebSite\",\"@id\":\"https:\\\/\\\/www.calemonlawattorney.com\\\/es\\\/#website\",\"url\":\"https:\\\/\\\/www.calemonlawattorney.com\\\/es\\\/\",\"name\":\"California Lemon Law Attorney Sotera Anderson\",\"description\":\"Helping California Consumers Get Refunds For Their Crappy Cars\",\"publisher\":{\"@id\":\"https:\\\/\\\/www.calemonlawattorney.com\\\/es\\\/#organization\"},\"potentialAction\":[{\"@type\":\"SearchAction\",\"target\":{\"@type\":\"EntryPoint\",\"urlTemplate\":\"https:\\\/\\\/www.calemonlawattorney.com\\\/es\\\/?s={search_term_string}\"},\"query-input\":{\"@type\":\"PropertyValueSpecification\",\"valueRequired\":true,\"valueName\":\"search_term_string\"}}],\"inLanguage\":\"es\"},{\"@type\":\"Organization\",\"@id\":\"https:\\\/\\\/www.calemonlawattorney.com\\\/es\\\/#organization\",\"name\":\"The Law Offices of Sotera L. Anderson\",\"url\":\"https:\\\/\\\/www.calemonlawattorney.com\\\/es\\\/\",\"logo\":{\"@type\":\"ImageObject\",\"inLanguage\":\"es\",\"@id\":\"https:\\\/\\\/www.calemonlawattorney.com\\\/es\\\/#\\\/schema\\\/logo\\\/image\\\/\",\"url\":\"https:\\\/\\\/www.calemonlawattorney.com\\\/wp-content\\\/uploads\\\/2021\\\/03\\\/CA-Lemon-Law-Attorney-Logo.png\",\"contentUrl\":\"https:\\\/\\\/www.calemonlawattorney.com\\\/wp-content\\\/uploads\\\/2021\\\/03\\\/CA-Lemon-Law-Attorney-Logo.png\",\"width\":2345,\"height\":2345,\"caption\":\"The Law Offices of Sotera L. Anderson\"},\"image\":{\"@id\":\"https:\\\/\\\/www.calemonlawattorney.com\\\/es\\\/#\\\/schema\\\/logo\\\/image\\\/\"},\"sameAs\":[\"https:\\\/\\\/www.facebook.com\\\/lemonlawsotera\",\"https:\\\/\\\/x.com\\\/LemnLawBossLady\"]}]}<\/script>\n<!-- \/ Yoast SEO plugin. -->","yoast_head_json":{"title":"C\u00f3mo presentar un reclamo de ley lim\u00f3n \u00bb \u00d9til Oficinas Legales de Sotera L. Anderson","description":"Si surge un problema con su veh\u00edculo, es importante presentar un reclamo de ley lim\u00f3n ante las Oficinas Legales de Sotera L. Anderson para obtener un reembolso. Llame ahora al (855) 965-3666","robots":{"index":"index","follow":"follow","max-snippet":"max-snippet:-1","max-image-preview":"max-image-preview:large","max-video-preview":"max-video-preview:-1"},"canonical":"https:\/\/www.calemonlawattorney.com\/es\/como-presentar-un-reclamo-de-ley-limon\/","og_locale":"es_ES","og_type":"article","og_title":"C\u00f3mo presentar un reclamo de ley lim\u00f3n \u00bb \u00d9til Oficinas Legales de Sotera L. Anderson","og_description":"Si surge un problema con su veh\u00edculo, es importante presentar un reclamo de ley lim\u00f3n ante las Oficinas Legales de Sotera L. Anderson para obtener un reembolso. Llame ahora al (855) 965-3666","og_url":"https:\/\/www.calemonlawattorney.com\/es\/como-presentar-un-reclamo-de-ley-limon\/","og_site_name":"California Lemon Law Attorney Sotera Anderson","article_publisher":"https:\/\/www.facebook.com\/lemonlawsotera","article_modified_time":"2023-08-09T14:06:11+00:00","og_image":[{"url":"https:\/\/calemonlawattorney.com\/wp-content\/uploads\/2019\/05\/left-image06.png","type":"","width":"","height":""}],"twitter_card":"summary_large_image","twitter_site":"@LemnLawBossLady","twitter_misc":{"Tiempo de lectura":"3 minutos"},"schema":{"@context":"https:\/\/schema.org","@graph":[{"@type":"WebPage","@id":"https:\/\/www.calemonlawattorney.com\/es\/como-presentar-un-reclamo-de-ley-limon\/","url":"https:\/\/www.calemonlawattorney.com\/es\/como-presentar-un-reclamo-de-ley-limon\/","name":"C\u00f3mo presentar un reclamo de ley lim\u00f3n \u00bb \u00d9til Oficinas Legales de Sotera L. Anderson","isPartOf":{"@id":"https:\/\/www.calemonlawattorney.com\/es\/#website"},"primaryImageOfPage":{"@id":"https:\/\/www.calemonlawattorney.com\/es\/como-presentar-un-reclamo-de-ley-limon\/#primaryimage"},"image":{"@id":"https:\/\/www.calemonlawattorney.com\/es\/como-presentar-un-reclamo-de-ley-limon\/#primaryimage"},"thumbnailUrl":"https:\/\/calemonlawattorney.com\/wp-content\/uploads\/2019\/05\/left-image06.png","datePublished":"2019-12-05T03:12:07+00:00","dateModified":"2023-08-09T14:06:11+00:00","description":"Si surge un problema con su veh\u00edculo, es importante presentar un reclamo de ley lim\u00f3n ante las Oficinas Legales de Sotera L. Anderson para obtener un reembolso. Llame ahora al (855) 965-3666","breadcrumb":{"@id":"https:\/\/www.calemonlawattorney.com\/es\/como-presentar-un-reclamo-de-ley-limon\/#breadcrumb"},"inLanguage":"es","potentialAction":[{"@type":"ReadAction","target":["https:\/\/www.calemonlawattorney.com\/es\/como-presentar-un-reclamo-de-ley-limon\/"]}]},{"@type":"ImageObject","inLanguage":"es","@id":"https:\/\/www.calemonlawattorney.com\/es\/como-presentar-un-reclamo-de-ley-limon\/#primaryimage","url":"https:\/\/calemonlawattorney.com\/wp-content\/uploads\/2019\/05\/left-image06.png","contentUrl":"https:\/\/calemonlawattorney.com\/wp-content\/uploads\/2019\/05\/left-image06.png"},{"@type":"BreadcrumbList","@id":"https:\/\/www.calemonlawattorney.com\/es\/como-presentar-un-reclamo-de-ley-limon\/#breadcrumb","itemListElement":[{"@type":"ListItem","position":1,"name":"Home","item":"https:\/\/www.calemonlawattorney.com\/es\/"},{"@type":"ListItem","position":2,"name":"C\u00f3mo presentar un reclamo de ley lim\u00f3n"}]},{"@type":"WebSite","@id":"https:\/\/www.calemonlawattorney.com\/es\/#website","url":"https:\/\/www.calemonlawattorney.com\/es\/","name":"California Lemon Law Attorney Sotera Anderson","description":"Helping California Consumers Get Refunds For Their Crappy Cars","publisher":{"@id":"https:\/\/www.calemonlawattorney.com\/es\/#organization"},"potentialAction":[{"@type":"SearchAction","target":{"@type":"EntryPoint","urlTemplate":"https:\/\/www.calemonlawattorney.com\/es\/?s={search_term_string}"},"query-input":{"@type":"PropertyValueSpecification","valueRequired":true,"valueName":"search_term_string"}}],"inLanguage":"es"},{"@type":"Organization","@id":"https:\/\/www.calemonlawattorney.com\/es\/#organization","name":"The Law Offices of Sotera L. Anderson","url":"https:\/\/www.calemonlawattorney.com\/es\/","logo":{"@type":"ImageObject","inLanguage":"es","@id":"https:\/\/www.calemonlawattorney.com\/es\/#\/schema\/logo\/image\/","url":"https:\/\/www.calemonlawattorney.com\/wp-content\/uploads\/2021\/03\/CA-Lemon-Law-Attorney-Logo.png","contentUrl":"https:\/\/www.calemonlawattorney.com\/wp-content\/uploads\/2021\/03\/CA-Lemon-Law-Attorney-Logo.png","width":2345,"height":2345,"caption":"The Law Offices of Sotera L. Anderson"},"image":{"@id":"https:\/\/www.calemonlawattorney.com\/es\/#\/schema\/logo\/image\/"},"sameAs":["https:\/\/www.facebook.com\/lemonlawsotera","https:\/\/x.com\/LemnLawBossLady"]}]}},"_links":{"self":[{"href":"https:\/\/www.calemonlawattorney.com\/es\/wp-json\/wp\/v2\/pages\/1720","targetHints":{"allow":["GET"]}}],"collection":[{"href":"https:\/\/www.calemonlawattorney.com\/es\/wp-json\/wp\/v2\/pages"}],"about":[{"href":"https:\/\/www.calemonlawattorney.com\/es\/wp-json\/wp\/v2\/types\/page"}],"author":[{"embeddable":true,"href":"https:\/\/www.calemonlawattorney.com\/es\/wp-json\/wp\/v2\/users\/1"}],"replies":[{"embeddable":true,"href":"https:\/\/www.calemonlawattorney.com\/es\/wp-json\/wp\/v2\/comments?post=1720"}],"version-history":[{"count":3,"href":"https:\/\/www.calemonlawattorney.com\/es\/wp-json\/wp\/v2\/pages\/1720\/revisions"}],"predecessor-version":[{"id":17385,"href":"https:\/\/www.calemonlawattorney.com\/es\/wp-json\/wp\/v2\/pages\/1720\/revisions\/17385"}],"wp:attachment":[{"href":"https:\/\/www.calemonlawattorney.com\/es\/wp-json\/wp\/v2\/media?parent=1720"}],"curies":[{"name":"wp","href":"https:\/\/api.w.org\/{rel}","templated":true}]}}