{"id":1701,"date":"2019-12-05T02:02:33","date_gmt":"2019-12-05T02:02:33","guid":{"rendered":"https:\/\/calemonlawattorney.com\/?page_id=1701"},"modified":"2019-12-05T02:06:17","modified_gmt":"2019-12-05T02:06:17","slug":"abogado-de-jeep-limon","status":"publish","type":"page","link":"https:\/\/www.calemonlawattorney.com\/es\/abogado-de-jeep-limon\/","title":{"rendered":"Abogado de Jeep lim\u00f3n"},"content":{"rendered":"<h1 class=\"p1\"><span class=\"s1\"> Abogado experimentado que ayuda a los propietarios de jeep a obtener compensaci\u00f3n bajo las Leyes lim\u00f3n de California<\/span><\/h1>\n<div class=\"border-bottom-heading\"><\/div>\n<div class=\"row\">\n<div class=\"col-md-5\">\n<p class=\"p1\"><span class=\"s1\">Las Oficinas Legales de Sotera L. Anderson se comprometen a ayudar a los consumidores que sin saberlo han comprado veh\u00edculos defectuosos, por lo que nuestra pr\u00e1ctica se centra en la ley lim\u00f3n <\/span><\/p>\n<p>WEntendemos que las personas conf\u00edan en sus veh\u00edculos todos los d\u00edas y sabemos c\u00f3mo un autom\u00f3vil poco confiable puede alterar por completo su vida.<\/p>\n<\/div>\n<div class=\"col-md-7\">\n<div class=\"vdo-box\"><iframe loading=\"lazy\" src=\"https:\/\/www.youtube.com\/embed\/UpYqbt-ncsY?rel=0&amp;showinfo=0\" controls=\"0\" width=\"560\" height=\"240\" frameborder=\"0\" allowfullscreen=\"allowfullscreen\"><\/iframe><\/div>\n<p><!--\n\n\n<div class=\"you-btn\"><button type=\"button\" data-toggle=\"modal\" data-target=\"#aboutModal\"><i class=\"fa fa-youtube-play\" aria-hidden=\"true\"><\/i><\/button><\/div>\n\n\n--><br \/>\n<!--\n\n\n<div class=\"modal fade\" id=\"aboutModal\" role=\"dialog\">\n\n\n<div class=\"modal-dialog\">\n\n\n<div class=\"modal-content\">\n\n\n<div class=\"modal-header\">\n          <button type=\"button\" class=\"close\" data-dismiss=\"modal\">&times;<\/button><\/div>\n\n\n\n\n<div class=\"modal-body\">\n         <iframe loading=\"lazy\" width=\"700\" height=\"400\" src=\"https:\/\/www.youtube.com\/embed\/UpYqbt-ncsY?rel=0&amp;showinfo=0\" controls=\"0\" frameborder=\"0\" allow=\"accelerometer; autoplay; encrypted-media; gyroscope; picture-in-picture\" allowfullscreen><\/iframe><\/div>\n\n\n<\/div>\n\n\n<\/div>\n\n\n<\/div>\n\n\n--><\/p>\n<\/div>\n<\/div>\n<div class=\"row\">\n<div class=\"col-md-12\">\n<p class=\"p1\"><span class=\"s1\">SDesde su lanzamiento en 1945, Jeep ha sido uno de los nombres m\u00e1s populares para veh\u00edculos utilitarios deportivos y veh\u00edculos todoterreno. Algunos consumidores usan estos veh\u00edculos diariamente, mientras que otros los ven como veh\u00edculos recreativos \u00fanicamente. <\/span><\/p>\n<p class=\"p1\"><span class=\"s1\">No importa c\u00f3mo use su Jeep, debe funcionar correctamente. Pero lamentablemente, los Jeeps puede presentar problemas recurrentes que los talleres de reparaci\u00f3n no pueden solucionar, sin importar cu\u00e1ntas veces lo intenten. Si tiene un Jeep lim\u00f3n que est\u00e1 constantemente en el taller de reparaciones, comun\u00edquese con la abogada de la ley lim\u00f3n de California, Sotera L. Anderson, para una evaluaci\u00f3n gratuita de su caso lo antes posible.<\/span><\/p>\n<h2 class=\"p1\"><span class=\"s1\">\u00bfSe aplica la Ley lim\u00f3n en California a los veh\u00edculos Jeep?<\/span><\/h2>\n<p class=\"p1\"><span class=\"s1\">Para ejercer sus derechos de consumidor bajo la ley lim\u00f3n de California, primero debe probar que su veh\u00edculo califica como lim\u00f3n seg\u00fan lo define la ley. Hay varios requisitos principales para clasificar un veh\u00edculo usado o nuevo como un lim\u00f3n: <\/span><\/p>\n<ul class=\"ul1\">\n<li class=\"li1\"><span class=\"s1\">El veh\u00edculo fue comprado o arrendado a un concesionario y todav\u00eda est\u00e1 cubierto por la garant\u00eda del fabricante.<\/span><\/li>\n<li class=\"li1\"><span class=\"s1\">El veh\u00edculo tiene un defecto sustancial.<\/span><\/li>\n<li class=\"li1\"><span class=\"s1\">El fabricante o distribuidor tuvo un n\u00famero razonable de oportunidades para reparar el defecto, pero el defecto persiste.<\/span><\/li>\n<\/ul>\n<p class=\"p1\"><span class=\"s1\">La ley considera muchos defectos sustanciales. En general, un defecto es uno que perjudica el uso, el valor o la seguridad del veh\u00edculo. La mejor manera de saber si tiene un lim\u00f3n es consultar con un abogado experto en leyes lim\u00f3n que pueda evaluar su caso y determinar si tiene un reclamo.<\/span><\/p>\n<h2 class=\"p3\"><span class=\"s1\">\u00bfQu\u00e9 modelos de Jeep han sido reportados como limones? <\/span><\/h2>\n<p class=\"p1\"><span class=\"s1\">Los consumidores han reportado una serie de problemas con los veh\u00edculos Jeep, pero algunos modelos se reportan como limones con mucha m\u00e1s frecuencia que otros. Algunos de los modelos de Jeep que a menudo est\u00e1n involucrados en reclamos de la ley lim\u00f3n incluyen:<\/span><\/p>\n<ul class=\"ul1\">\n<li class=\"li1\"><span class=\"s1\">2016-2019 Jeep Cherokee SUV<\/span><\/li>\n<li class=\"li1\"><span class=\"s1\">2014 to 2018 Jeep Grand Cherokee SUV<\/span><\/li>\n<li class=\"li1\"><span class=\"s1\">2012-2018 Jeep Wrangler<\/span><\/li>\n<li class=\"m_5553243773527323667MsoListParagraph\">2015-2018 Jeep Renegade<u><\/u><u><\/u><\/li>\n<\/ul>\n<p class=\"p1\"><span class=\"s1\">Recuerde, estos no son los \u00fanicos modelos de Jeep que podr\u00edan ser limones. Si cree que su Jeep es un lim\u00f3n, deje que un abogado revise su caso para determinar si tiene raz\u00f3n.<\/span><\/p>\n<h2 class=\"p1\"><span class=\"s1\"\u00bfA qu\u00e9 tipos de alivio tiene derecho para su Jeep lim\u00f3n?<\/span><\/h2>\n<p class=\"p1\"><span class=\"s1\">Si, sin saberlo, ha comprado un lim\u00f3n Jeep, tiene derecho a alivio bajo la ley lim\u00f3n de California. Las Oficinas Legales de Sotera L. Anderson pueden ayudarlo a obtener uno de los siguientes tipos de alivio:<\/span><\/p>\n<ul class=\"ul1\">\n<li class=\"li1\"><span class=\"s1\">CPago en efectivo: el fabricante puede aceptar un acuerdo en efectivo que le reembolsa todos los costos de tratar con un lim\u00f3n. En esta situaci\u00f3n, puede conservar el lim\u00f3n y tener la opci\u00f3n de conducirlo, venderlo o canjearlo.<\/span><\/li>\n<li class=\"li1\"><span class=\"s1\">Veh\u00edculo de reemplazo: el fabricante puede recuperar el lim\u00f3n y emitirle otro veh\u00edculo que sea sustancialmente similar al que compr\u00f3 inicialmente.<\/span><\/li>\n<li class=\"li1\"><span class=\"s1\">Recompra de veh\u00edculos: el fabricante esencialmente puede comprarle el Jeep, pag\u00e1ndole todos los pagos iniciales y pagos mensuales que haya realizado, el saldo restante del pr\u00e9stamo o arrendamiento y todos los gastos de bolsillo de la garant\u00eda.<\/span><\/li>\n<\/ul>\n<p class=\"p1\"><span class=\"s1\">Haga que un abogado negocie en su nombre para asegurarse de recibir el reembolso, el reemplazo o la liquidaci\u00f3n en efectivo que se merece.<\/span><\/p>\n<h2 class=\"p3\"><span class=\"s1\">Deje que nuestro abogado experto en Jeeps limones lo ayude a buscar un buen trato hoy<\/span><\/h2>\n<p class=\"p3\"><span class=\"s1\"><img decoding=\"async\" class=\"alignleft size-full wp-image-37\" src=\"https:\/\/calemonlawattorney.com\/wp-content\/uploads\/2019\/05\/left-image01.png\" alt=\"\" width=\"450\" height=\"100%\" srcset=\"https:\/\/www.calemonlawattorney.com\/wp-content\/uploads\/2019\/05\/left-image01.png 822w, https:\/\/www.calemonlawattorney.com\/wp-content\/uploads\/2019\/05\/left-image01-300x195.png 300w, https:\/\/www.calemonlawattorney.com\/wp-content\/uploads\/2019\/05\/left-image01-768x499.png 768w\" sizes=\"(max-width: 822px) 100vw, 822px\" \/>Claramente existen leyes para proteger a los consumidores que sin saberlo compraron un lim\u00f3n. Pero no es f\u00e1cil obtener alivio de un gran fabricante de autom\u00f3viles como Jeep. Ha experimentado suficiente estr\u00e9s como resultado de las reparaciones de autom\u00f3viles, as\u00ed que permita que la abogada altamente calificada de la ley lim\u00f3n de California, Sotera L. Anderson, lo ayude con su reclamo. Para programar una consulta gratuita, llame a nuestro bufete de abogados al 1-855-96-LEMON o complete el formulario en este sitio web..<\/span><\/p>\n<p>&nbsp;<\/p>\n<div itemscope itemtype=\"http:\/\/schema.org\/NewsArticle\"><meta itemprop=\"datePublished\" content=\"diciembre 5, 2019\">\n    \t\t   <meta itemprop=\"dateModified\" content=\"diciembre 5, 2019\"><\/div>","protected":false},"excerpt":{"rendered":"<p>Abogado experimentado que ayuda a los propietarios de jeep a obtener compensaci\u00f3n bajo las Leyes lim\u00f3n de California Las Oficinas Legales de Sotera L. Anderson se comprometen a ayudar a los consumidores que sin saberlo han comprado veh\u00edculos defectuosos, por lo que nuestra pr\u00e1ctica se centra en la ley lim\u00f3n WEntendemos que las personas conf\u00edan [&hellip;]<\/p>\n","protected":false},"author":1,"featured_media":0,"parent":0,"menu_order":0,"comment_status":"closed","ping_status":"closed","template":"coustumepagewithsidebar.php","meta":{"_coblocks_attr":"","_coblocks_dimensions":"","_coblocks_responsive_height":"","_coblocks_accordion_ie_support":"","inline_featured_image":false,"footnotes":""},"class_list":["post-1701","page","type-page","status-publish","hentry"],"yoast_head":"<!-- This site is optimized with the Yoast SEO plugin v27.4 - https:\/\/yoast.com\/product\/yoast-seo-wordpress\/ -->\n<title>Abogado de Jeep lim\u00f3n | Oficinas Legales de Sotera L. Anderson | California<\/title>\n<meta name=\"description\" content=\"Las Oficinas Legales de Sotera L. Anderson ayudan a los propietarios de Jeep a buscar justicia en los casos de Ley lim\u00f3n. Ayudamos a quienes sin saberlo han comprado veh\u00edculos defectuosos.\" \/>\n<meta name=\"robots\" content=\"index, follow, max-snippet:-1, max-image-preview:large, max-video-preview:-1\" \/>\n<link rel=\"canonical\" href=\"https:\/\/www.calemonlawattorney.com\/es\/abogado-de-jeep-limon\/\" \/>\n<meta property=\"og:locale\" content=\"es_ES\" \/>\n<meta property=\"og:type\" content=\"article\" \/>\n<meta property=\"og:title\" content=\"Abogado de Jeep lim\u00f3n | Oficinas Legales de Sotera L. Anderson | California\" \/>\n<meta property=\"og:description\" content=\"Las Oficinas Legales de Sotera L. Anderson ayudan a los propietarios de Jeep a buscar justicia en los casos de Ley lim\u00f3n. Ayudamos a quienes sin saberlo han comprado veh\u00edculos defectuosos.\" \/>\n<meta property=\"og:url\" content=\"https:\/\/www.calemonlawattorney.com\/es\/abogado-de-jeep-limon\/\" \/>\n<meta property=\"og:site_name\" content=\"California Lemon Law Attorney Sotera Anderson\" \/>\n<meta property=\"article:publisher\" content=\"https:\/\/www.facebook.com\/lemonlawsotera\" \/>\n<meta property=\"article:modified_time\" content=\"2019-12-05T02:06:17+00:00\" \/>\n<meta property=\"og:image\" content=\"https:\/\/calemonlawattorney.com\/wp-content\/uploads\/2019\/05\/left-image01.png\" \/>\n<meta name=\"twitter:card\" content=\"summary_large_image\" \/>\n<meta name=\"twitter:site\" content=\"@LemnLawBossLady\" \/>\n<meta name=\"twitter:label1\" content=\"Tiempo de lectura\" \/>\n\t<meta name=\"twitter:data1\" content=\"2 minutos\" \/>\n<script type=\"application\/ld+json\" class=\"yoast-schema-graph\">{\"@context\":\"https:\\\/\\\/schema.org\",\"@graph\":[{\"@type\":\"WebPage\",\"@id\":\"https:\\\/\\\/www.calemonlawattorney.com\\\/es\\\/abogado-de-jeep-limon\\\/\",\"url\":\"https:\\\/\\\/www.calemonlawattorney.com\\\/es\\\/abogado-de-jeep-limon\\\/\",\"name\":\"Abogado de Jeep lim\u00f3n | Oficinas Legales de Sotera L. Anderson | California\",\"isPartOf\":{\"@id\":\"https:\\\/\\\/www.calemonlawattorney.com\\\/es\\\/#website\"},\"primaryImageOfPage\":{\"@id\":\"https:\\\/\\\/www.calemonlawattorney.com\\\/es\\\/abogado-de-jeep-limon\\\/#primaryimage\"},\"image\":{\"@id\":\"https:\\\/\\\/www.calemonlawattorney.com\\\/es\\\/abogado-de-jeep-limon\\\/#primaryimage\"},\"thumbnailUrl\":\"https:\\\/\\\/calemonlawattorney.com\\\/wp-content\\\/uploads\\\/2019\\\/05\\\/left-image01.png\",\"datePublished\":\"2019-12-05T02:02:33+00:00\",\"dateModified\":\"2019-12-05T02:06:17+00:00\",\"description\":\"Las Oficinas Legales de Sotera L. Anderson ayudan a los propietarios de Jeep a buscar justicia en los casos de Ley lim\u00f3n. Ayudamos a quienes sin saberlo han comprado veh\u00edculos defectuosos.\",\"breadcrumb\":{\"@id\":\"https:\\\/\\\/www.calemonlawattorney.com\\\/es\\\/abogado-de-jeep-limon\\\/#breadcrumb\"},\"inLanguage\":\"es\",\"potentialAction\":[{\"@type\":\"ReadAction\",\"target\":[\"https:\\\/\\\/www.calemonlawattorney.com\\\/es\\\/abogado-de-jeep-limon\\\/\"]}]},{\"@type\":\"ImageObject\",\"inLanguage\":\"es\",\"@id\":\"https:\\\/\\\/www.calemonlawattorney.com\\\/es\\\/abogado-de-jeep-limon\\\/#primaryimage\",\"url\":\"https:\\\/\\\/calemonlawattorney.com\\\/wp-content\\\/uploads\\\/2019\\\/05\\\/left-image01.png\",\"contentUrl\":\"https:\\\/\\\/calemonlawattorney.com\\\/wp-content\\\/uploads\\\/2019\\\/05\\\/left-image01.png\"},{\"@type\":\"BreadcrumbList\",\"@id\":\"https:\\\/\\\/www.calemonlawattorney.com\\\/es\\\/abogado-de-jeep-limon\\\/#breadcrumb\",\"itemListElement\":[{\"@type\":\"ListItem\",\"position\":1,\"name\":\"Home\",\"item\":\"https:\\\/\\\/www.calemonlawattorney.com\\\/es\\\/\"},{\"@type\":\"ListItem\",\"position\":2,\"name\":\"Abogado de Jeep lim\u00f3n\"}]},{\"@type\":\"WebSite\",\"@id\":\"https:\\\/\\\/www.calemonlawattorney.com\\\/es\\\/#website\",\"url\":\"https:\\\/\\\/www.calemonlawattorney.com\\\/es\\\/\",\"name\":\"California Lemon Law Attorney Sotera Anderson\",\"description\":\"Helping California Consumers Get Refunds For Their Crappy Cars\",\"publisher\":{\"@id\":\"https:\\\/\\\/www.calemonlawattorney.com\\\/es\\\/#organization\"},\"potentialAction\":[{\"@type\":\"SearchAction\",\"target\":{\"@type\":\"EntryPoint\",\"urlTemplate\":\"https:\\\/\\\/www.calemonlawattorney.com\\\/es\\\/?s={search_term_string}\"},\"query-input\":{\"@type\":\"PropertyValueSpecification\",\"valueRequired\":true,\"valueName\":\"search_term_string\"}}],\"inLanguage\":\"es\"},{\"@type\":\"Organization\",\"@id\":\"https:\\\/\\\/www.calemonlawattorney.com\\\/es\\\/#organization\",\"name\":\"The Law Offices of Sotera L. Anderson\",\"url\":\"https:\\\/\\\/www.calemonlawattorney.com\\\/es\\\/\",\"logo\":{\"@type\":\"ImageObject\",\"inLanguage\":\"es\",\"@id\":\"https:\\\/\\\/www.calemonlawattorney.com\\\/es\\\/#\\\/schema\\\/logo\\\/image\\\/\",\"url\":\"https:\\\/\\\/www.calemonlawattorney.com\\\/wp-content\\\/uploads\\\/2021\\\/03\\\/CA-Lemon-Law-Attorney-Logo.png\",\"contentUrl\":\"https:\\\/\\\/www.calemonlawattorney.com\\\/wp-content\\\/uploads\\\/2021\\\/03\\\/CA-Lemon-Law-Attorney-Logo.png\",\"width\":2345,\"height\":2345,\"caption\":\"The Law Offices of Sotera L. Anderson\"},\"image\":{\"@id\":\"https:\\\/\\\/www.calemonlawattorney.com\\\/es\\\/#\\\/schema\\\/logo\\\/image\\\/\"},\"sameAs\":[\"https:\\\/\\\/www.facebook.com\\\/lemonlawsotera\",\"https:\\\/\\\/x.com\\\/LemnLawBossLady\"]}]}<\/script>\n<!-- \/ Yoast SEO plugin. -->","yoast_head_json":{"title":"Abogado de Jeep lim\u00f3n | Oficinas Legales de Sotera L. Anderson | California","description":"Las Oficinas Legales de Sotera L. Anderson ayudan a los propietarios de Jeep a buscar justicia en los casos de Ley lim\u00f3n. Ayudamos a quienes sin saberlo han comprado veh\u00edculos defectuosos.","robots":{"index":"index","follow":"follow","max-snippet":"max-snippet:-1","max-image-preview":"max-image-preview:large","max-video-preview":"max-video-preview:-1"},"canonical":"https:\/\/www.calemonlawattorney.com\/es\/abogado-de-jeep-limon\/","og_locale":"es_ES","og_type":"article","og_title":"Abogado de Jeep lim\u00f3n | Oficinas Legales de Sotera L. Anderson | California","og_description":"Las Oficinas Legales de Sotera L. Anderson ayudan a los propietarios de Jeep a buscar justicia en los casos de Ley lim\u00f3n. Ayudamos a quienes sin saberlo han comprado veh\u00edculos defectuosos.","og_url":"https:\/\/www.calemonlawattorney.com\/es\/abogado-de-jeep-limon\/","og_site_name":"California Lemon Law Attorney Sotera Anderson","article_publisher":"https:\/\/www.facebook.com\/lemonlawsotera","article_modified_time":"2019-12-05T02:06:17+00:00","og_image":[{"url":"https:\/\/calemonlawattorney.com\/wp-content\/uploads\/2019\/05\/left-image01.png","type":"","width":"","height":""}],"twitter_card":"summary_large_image","twitter_site":"@LemnLawBossLady","twitter_misc":{"Tiempo de lectura":"2 minutos"},"schema":{"@context":"https:\/\/schema.org","@graph":[{"@type":"WebPage","@id":"https:\/\/www.calemonlawattorney.com\/es\/abogado-de-jeep-limon\/","url":"https:\/\/www.calemonlawattorney.com\/es\/abogado-de-jeep-limon\/","name":"Abogado de Jeep lim\u00f3n | Oficinas Legales de Sotera L. Anderson | California","isPartOf":{"@id":"https:\/\/www.calemonlawattorney.com\/es\/#website"},"primaryImageOfPage":{"@id":"https:\/\/www.calemonlawattorney.com\/es\/abogado-de-jeep-limon\/#primaryimage"},"image":{"@id":"https:\/\/www.calemonlawattorney.com\/es\/abogado-de-jeep-limon\/#primaryimage"},"thumbnailUrl":"https:\/\/calemonlawattorney.com\/wp-content\/uploads\/2019\/05\/left-image01.png","datePublished":"2019-12-05T02:02:33+00:00","dateModified":"2019-12-05T02:06:17+00:00","description":"Las Oficinas Legales de Sotera L. Anderson ayudan a los propietarios de Jeep a buscar justicia en los casos de Ley lim\u00f3n. Ayudamos a quienes sin saberlo han comprado veh\u00edculos defectuosos.","breadcrumb":{"@id":"https:\/\/www.calemonlawattorney.com\/es\/abogado-de-jeep-limon\/#breadcrumb"},"inLanguage":"es","potentialAction":[{"@type":"ReadAction","target":["https:\/\/www.calemonlawattorney.com\/es\/abogado-de-jeep-limon\/"]}]},{"@type":"ImageObject","inLanguage":"es","@id":"https:\/\/www.calemonlawattorney.com\/es\/abogado-de-jeep-limon\/#primaryimage","url":"https:\/\/calemonlawattorney.com\/wp-content\/uploads\/2019\/05\/left-image01.png","contentUrl":"https:\/\/calemonlawattorney.com\/wp-content\/uploads\/2019\/05\/left-image01.png"},{"@type":"BreadcrumbList","@id":"https:\/\/www.calemonlawattorney.com\/es\/abogado-de-jeep-limon\/#breadcrumb","itemListElement":[{"@type":"ListItem","position":1,"name":"Home","item":"https:\/\/www.calemonlawattorney.com\/es\/"},{"@type":"ListItem","position":2,"name":"Abogado de Jeep lim\u00f3n"}]},{"@type":"WebSite","@id":"https:\/\/www.calemonlawattorney.com\/es\/#website","url":"https:\/\/www.calemonlawattorney.com\/es\/","name":"California Lemon Law Attorney Sotera Anderson","description":"Helping California Consumers Get Refunds For Their Crappy Cars","publisher":{"@id":"https:\/\/www.calemonlawattorney.com\/es\/#organization"},"potentialAction":[{"@type":"SearchAction","target":{"@type":"EntryPoint","urlTemplate":"https:\/\/www.calemonlawattorney.com\/es\/?s={search_term_string}"},"query-input":{"@type":"PropertyValueSpecification","valueRequired":true,"valueName":"search_term_string"}}],"inLanguage":"es"},{"@type":"Organization","@id":"https:\/\/www.calemonlawattorney.com\/es\/#organization","name":"The Law Offices of Sotera L. Anderson","url":"https:\/\/www.calemonlawattorney.com\/es\/","logo":{"@type":"ImageObject","inLanguage":"es","@id":"https:\/\/www.calemonlawattorney.com\/es\/#\/schema\/logo\/image\/","url":"https:\/\/www.calemonlawattorney.com\/wp-content\/uploads\/2021\/03\/CA-Lemon-Law-Attorney-Logo.png","contentUrl":"https:\/\/www.calemonlawattorney.com\/wp-content\/uploads\/2021\/03\/CA-Lemon-Law-Attorney-Logo.png","width":2345,"height":2345,"caption":"The Law Offices of Sotera L. Anderson"},"image":{"@id":"https:\/\/www.calemonlawattorney.com\/es\/#\/schema\/logo\/image\/"},"sameAs":["https:\/\/www.facebook.com\/lemonlawsotera","https:\/\/x.com\/LemnLawBossLady"]}]}},"_links":{"self":[{"href":"https:\/\/www.calemonlawattorney.com\/es\/wp-json\/wp\/v2\/pages\/1701","targetHints":{"allow":["GET"]}}],"collection":[{"href":"https:\/\/www.calemonlawattorney.com\/es\/wp-json\/wp\/v2\/pages"}],"about":[{"href":"https:\/\/www.calemonlawattorney.com\/es\/wp-json\/wp\/v2\/types\/page"}],"author":[{"embeddable":true,"href":"https:\/\/www.calemonlawattorney.com\/es\/wp-json\/wp\/v2\/users\/1"}],"replies":[{"embeddable":true,"href":"https:\/\/www.calemonlawattorney.com\/es\/wp-json\/wp\/v2\/comments?post=1701"}],"version-history":[{"count":3,"href":"https:\/\/www.calemonlawattorney.com\/es\/wp-json\/wp\/v2\/pages\/1701\/revisions"}],"predecessor-version":[{"id":1704,"href":"https:\/\/www.calemonlawattorney.com\/es\/wp-json\/wp\/v2\/pages\/1701\/revisions\/1704"}],"wp:attachment":[{"href":"https:\/\/www.calemonlawattorney.com\/es\/wp-json\/wp\/v2\/media?parent=1701"}],"curies":[{"name":"wp","href":"https:\/\/api.w.org\/{rel}","templated":true}]}}