{"id":1699,"date":"2019-12-05T02:00:07","date_gmt":"2019-12-05T02:00:07","guid":{"rendered":"https:\/\/calemonlawattorney.com\/?page_id=1699"},"modified":"2019-12-05T02:00:07","modified_gmt":"2019-12-05T02:00:07","slug":"abogado-de-kia-limon","status":"publish","type":"page","link":"https:\/\/www.calemonlawattorney.com\/es\/abogado-de-kia-limon\/","title":{"rendered":"Abogado de Kia lim\u00f3n"},"content":{"rendered":"<h1 class=\"p1\"><span class=\"s1\">El abogado de la ley lim\u00f3n defiende agresivamente los derechos de los consumidores de Kia en California<\/span><\/h1>\n<div class=\"border-bottom-heading\"><\/div>\n<div class=\"row\">\n<div class=\"col-md-5\">\n<p class=\"p1\"><span class=\"s1\">Las Oficinas Legales de Sotera L. Anderson se comprometen a ayudar a los consumidores que sin saberlo han comprado veh\u00edculos defectuosos, por lo que nuestra pr\u00e1ctica se centra en la ley lim\u00f3n. <\/span><\/p>\n<p>Entendemos cu\u00e1nto las personas conf\u00edan en sus veh\u00edculos todos los d\u00edas y sabemos c\u00f3mo un autom\u00f3vil poco confiable puede alterar por completo su vida.<\/p>\n<\/div>\n<div class=\"col-md-7\">\n<div class=\"vdo-box\"><iframe loading=\"lazy\" src=\"https:\/\/www.youtube.com\/embed\/ocvhC9VDt8E?rel=0&amp;showinfo=0\" controls=\"0\" width=\"560\" height=\"240\" frameborder=\"0\" allowfullscreen=\"allowfullscreen\"><\/iframe><\/div>\n<p><!--\n\n\n<div class=\"you-btn\"><button type=\"button\" data-toggle=\"modal\" data-target=\"#aboutModal\"><i class=\"fa fa-youtube-play\" aria-hidden=\"true\"><\/i><\/button><\/div>\n\n\n--><br \/>\n<!--\n\n\n<div class=\"modal fade\" id=\"aboutModal\" role=\"dialog\">\n\n\n<div class=\"modal-dialog\">\n\n\n<div class=\"modal-content\">\n\n\n<div class=\"modal-header\">\n          <button type=\"button\" class=\"close\" data-dismiss=\"modal\">&times;<\/button><\/div>\n\n\n\n\n<div class=\"modal-body\">\n         <iframe loading=\"lazy\" width=\"700\" height=\"400\" src=\"https:\/\/www.youtube.com\/embed\/ocvhC9VDt8E?rel=0&amp;showinfo=0\" controls=\"0\" frameborder=\"0\" allow=\"accelerometer; autoplay; encrypted-media; gyroscope; picture-in-picture\" allowfullscreen><\/iframe><\/div>\n\n\n<\/div>\n\n\n<\/div>\n\n\n<\/div>\n\n\n--><\/p>\n<\/div>\n<\/div>\n<div class=\"row\">\n<div class=\"col-md-12\">\n<p class=\"p1\"><span class=\"s1\">Si su Kia se descompone, puede dejarlo varado, ya sea en una carretera urbana o en un camino des\u00e9rtico. Llevar su Kia a un taller de reparaci\u00f3n es un inconveniente, por decir lo menos. Incluso si su Kia est\u00e1 en garant\u00eda, llevarlo a reparaci\u00f3n puede alterar su vida y generar gastos colaterales. No deber\u00eda tener que lidiar con un Kia que todav\u00eda no funciona despu\u00e9s de m\u00faltiples reparaciones. Afortunadamente, puede agradecer a la ley lim\u00f3n en California.<\/span><\/p>\n<h2 class=\"p3\"><span class=\"s1\">\u00bfSe aplica la Ley lim\u00f3n en California a los veh\u00edculos Kia?<\/span><\/h2>\n<p class=\"p1\"><span class=\"s1\">Un Kia arrendado o nuevo debe venir con una garant\u00eda del fabricante. Si surgieron problemas durante el per\u00edodo de garant\u00eda, el veh\u00edculo podr\u00eda estar cubierto por la ley lim\u00f3n. Tiene derecho a alivio bajo las leyes lim\u00f3n si cumple con los siguientes criterios:<\/span><\/p>\n<ul class=\"ul1\">\n<li class=\"li1\"><span class=\"s1\">Arrendaste o compraste el Kia de un distribuidor aqu\u00ed en California.<\/span><\/li>\n<li class=\"li1\"><span class=\"s1\">Durante el per\u00edodo de garant\u00eda, le dio al concesionario varias oportunidades para reparar un problema y parece que no pueden solucionarlo.<\/span><\/li>\n<li class=\"li1\"><span class=\"s1\">El problema es lo suficientemente grave como para afectar el valor, el uso o la seguridad del Kia.<\/span><\/li>\n<\/ul>\n<p class=\"p1\"><span class=\"s1\">Esta ley se aplica tanto a los veh\u00edculos usados como a los nuevos, por lo que si cumple con las condiciones anteriores, debe hablar con un abogado sobre la posibilidad de presentar un reclamo de ley lim\u00f3n. Si est\u00e1 cubierto por la ley lim\u00f3n, Kia debe emitirle un reembolso por su veh\u00edculo o proporcionarle un reemplazo similar al lim\u00f3n.<\/span><\/p>\n<p class=\"p1\"><span class=\"s1\">Alcanzar una resoluci\u00f3n favorable en su caso de ley lim\u00f3n no es f\u00e1cil. Contrata a un abogado que entienda tus derechos y sepa c\u00f3mo enfrentarte a grandes corporaciones como Kia. Si desea hablar sobre un posible reclamo de ley lim\u00f3n, comun\u00edquese con las Oficinas Legales de Sotera L. Anderson lo antes posible..<\/span><\/p>\n<h2 class=\"p3\"><span class=\"s1\">\u00bfQu\u00e9 modelos de Kia han sido reportados como limones?<\/span><\/h2>\n<p class=\"p3\"><span class=\"s1\">Los veh\u00edculos de Kia han estado involucrados en innumerables demandas de la ley lim\u00f3n en el estado de California. Algunos modelos de Kia que a menudo informan los consumidores incluyen:<\/span><\/p>\n<ul class=\"ul1\">\n<li class=\"li3\"><span class=\"s1\">Amanti<\/span><\/li>\n<li class=\"li3\"><span class=\"s1\">Rio<\/span><\/li>\n<li class=\"li3\"><span class=\"s1\">Spectra<\/span><\/li>\n<li class=\"li3\"><span class=\"s1\">Spectra5<\/span><\/li>\n<li class=\"li3\"><span class=\"s1\">Optima<\/span><\/li>\n<\/ul>\n<p class=\"p3\"><span class=\"s1\">Estos son los modelos que se informan con mayor frecuencia, pero no son los \u00fanicos modelos de Kia que podr\u00edan tener defectos graves. Si crees que tu Kia es un lim\u00f3n, habla con Sotera L. Anderson sobre tu caso de inmediato.<\/span><\/p>\n<h2 class=\"p1\"><span class=\"s1\">Programe una evaluaci\u00f3n de caso gratuita con un abogado de Kia en ley lim\u00f3n hoy<\/span><\/h2>\n<p class=\"p1\"><span class=\"s1\"><img decoding=\"async\" class=\"alignleft size-full wp-image-37\" src=\"https:\/\/calemonlawattorney.com\/wp-content\/uploads\/2019\/05\/left-image04.png\" alt=\"\" width=\"450\" height=\"100%\" \/>\u00bfCree que su Kia es un lim\u00f3n? No se guarde la molestia de tener un Kia lim\u00f3n por m\u00e1s tiempo. Busque la representaci\u00f3n legal de la abogada experimentada Sotera L. Anderson lo antes posible. La Sra. Anderson se enorgullece de ayudar a los consumidores a proteger sus derechos y buscar justicia bajo las leyes estatales lim\u00f3n. D\u00e9jala luchar por el alivio que mereces por tu lim\u00f3n. Para programar una consulta gratuita, llame a nuestro bufete de abogados al 1-855-96-LEMON o complete el formulario en este sitio web.<\/span><\/p>\n<p>&nbsp;<\/p>\n<div itemscope itemtype=\"http:\/\/schema.org\/NewsArticle\"><meta itemprop=\"datePublished\" content=\"diciembre 5, 2019\">\n    \t\t   <meta itemprop=\"dateModified\" content=\"diciembre 5, 2019\"><\/div>","protected":false},"excerpt":{"rendered":"<p>El abogado de la ley lim\u00f3n defiende agresivamente los derechos de los consumidores de Kia en California Las Oficinas Legales de Sotera L. Anderson se comprometen a ayudar a los consumidores que sin saberlo han comprado veh\u00edculos defectuosos, por lo que nuestra pr\u00e1ctica se centra en la ley lim\u00f3n. Entendemos cu\u00e1nto las personas conf\u00edan en [&hellip;]<\/p>\n","protected":false},"author":1,"featured_media":0,"parent":0,"menu_order":0,"comment_status":"closed","ping_status":"closed","template":"coustumepagewithsidebar.php","meta":{"_coblocks_attr":"","_coblocks_dimensions":"","_coblocks_responsive_height":"","_coblocks_accordion_ie_support":"","inline_featured_image":false,"footnotes":""},"class_list":["post-1699","page","type-page","status-publish","hentry"],"yoast_head":"<!-- This site is optimized with the Yoast SEO plugin v27.4 - https:\/\/yoast.com\/product\/yoast-seo-wordpress\/ -->\n<title>Abogado de Kia lim\u00f3n | Oficinas Legales de Sotera L. Anderson | California<\/title>\n<meta name=\"description\" content=\"Las Oficinas Legales de Sotera L. Anderson ayudan a los propietarios de Kia a buscar justicia en los casos de Ley lim\u00f3n. Ayudamos a quienes sin saberlo han comprado veh\u00edculos defectuosos.\" \/>\n<meta name=\"robots\" content=\"index, follow, max-snippet:-1, max-image-preview:large, max-video-preview:-1\" \/>\n<link rel=\"canonical\" href=\"https:\/\/www.calemonlawattorney.com\/es\/abogado-de-kia-limon\/\" \/>\n<meta property=\"og:locale\" content=\"es_ES\" \/>\n<meta property=\"og:type\" content=\"article\" \/>\n<meta property=\"og:title\" content=\"Abogado de Kia lim\u00f3n | Oficinas Legales de Sotera L. Anderson | California\" \/>\n<meta property=\"og:description\" content=\"Las Oficinas Legales de Sotera L. Anderson ayudan a los propietarios de Kia a buscar justicia en los casos de Ley lim\u00f3n. Ayudamos a quienes sin saberlo han comprado veh\u00edculos defectuosos.\" \/>\n<meta property=\"og:url\" content=\"https:\/\/www.calemonlawattorney.com\/es\/abogado-de-kia-limon\/\" \/>\n<meta property=\"og:site_name\" content=\"California Lemon Law Attorney Sotera Anderson\" \/>\n<meta property=\"article:publisher\" content=\"https:\/\/www.facebook.com\/lemonlawsotera\" \/>\n<meta property=\"og:image\" content=\"https:\/\/calemonlawattorney.com\/wp-content\/uploads\/2019\/05\/left-image04.png\" \/>\n<meta name=\"twitter:card\" content=\"summary_large_image\" \/>\n<meta name=\"twitter:site\" content=\"@LemnLawBossLady\" \/>\n<meta name=\"twitter:label1\" content=\"Tiempo de lectura\" \/>\n\t<meta name=\"twitter:data1\" content=\"3 minutos\" \/>\n<script type=\"application\/ld+json\" class=\"yoast-schema-graph\">{\"@context\":\"https:\\\/\\\/schema.org\",\"@graph\":[{\"@type\":\"WebPage\",\"@id\":\"https:\\\/\\\/www.calemonlawattorney.com\\\/es\\\/abogado-de-kia-limon\\\/\",\"url\":\"https:\\\/\\\/www.calemonlawattorney.com\\\/es\\\/abogado-de-kia-limon\\\/\",\"name\":\"Abogado de Kia lim\u00f3n | Oficinas Legales de Sotera L. Anderson | California\",\"isPartOf\":{\"@id\":\"https:\\\/\\\/www.calemonlawattorney.com\\\/es\\\/#website\"},\"primaryImageOfPage\":{\"@id\":\"https:\\\/\\\/www.calemonlawattorney.com\\\/es\\\/abogado-de-kia-limon\\\/#primaryimage\"},\"image\":{\"@id\":\"https:\\\/\\\/www.calemonlawattorney.com\\\/es\\\/abogado-de-kia-limon\\\/#primaryimage\"},\"thumbnailUrl\":\"https:\\\/\\\/calemonlawattorney.com\\\/wp-content\\\/uploads\\\/2019\\\/05\\\/left-image04.png\",\"datePublished\":\"2019-12-05T02:00:07+00:00\",\"description\":\"Las Oficinas Legales de Sotera L. Anderson ayudan a los propietarios de Kia a buscar justicia en los casos de Ley lim\u00f3n. Ayudamos a quienes sin saberlo han comprado veh\u00edculos defectuosos.\",\"breadcrumb\":{\"@id\":\"https:\\\/\\\/www.calemonlawattorney.com\\\/es\\\/abogado-de-kia-limon\\\/#breadcrumb\"},\"inLanguage\":\"es\",\"potentialAction\":[{\"@type\":\"ReadAction\",\"target\":[\"https:\\\/\\\/www.calemonlawattorney.com\\\/es\\\/abogado-de-kia-limon\\\/\"]}]},{\"@type\":\"ImageObject\",\"inLanguage\":\"es\",\"@id\":\"https:\\\/\\\/www.calemonlawattorney.com\\\/es\\\/abogado-de-kia-limon\\\/#primaryimage\",\"url\":\"https:\\\/\\\/calemonlawattorney.com\\\/wp-content\\\/uploads\\\/2019\\\/05\\\/left-image04.png\",\"contentUrl\":\"https:\\\/\\\/calemonlawattorney.com\\\/wp-content\\\/uploads\\\/2019\\\/05\\\/left-image04.png\"},{\"@type\":\"BreadcrumbList\",\"@id\":\"https:\\\/\\\/www.calemonlawattorney.com\\\/es\\\/abogado-de-kia-limon\\\/#breadcrumb\",\"itemListElement\":[{\"@type\":\"ListItem\",\"position\":1,\"name\":\"Home\",\"item\":\"https:\\\/\\\/www.calemonlawattorney.com\\\/es\\\/\"},{\"@type\":\"ListItem\",\"position\":2,\"name\":\"Abogado de Kia lim\u00f3n\"}]},{\"@type\":\"WebSite\",\"@id\":\"https:\\\/\\\/www.calemonlawattorney.com\\\/es\\\/#website\",\"url\":\"https:\\\/\\\/www.calemonlawattorney.com\\\/es\\\/\",\"name\":\"California Lemon Law Attorney Sotera Anderson\",\"description\":\"Helping California Consumers Get Refunds For Their Crappy Cars\",\"publisher\":{\"@id\":\"https:\\\/\\\/www.calemonlawattorney.com\\\/es\\\/#organization\"},\"potentialAction\":[{\"@type\":\"SearchAction\",\"target\":{\"@type\":\"EntryPoint\",\"urlTemplate\":\"https:\\\/\\\/www.calemonlawattorney.com\\\/es\\\/?s={search_term_string}\"},\"query-input\":{\"@type\":\"PropertyValueSpecification\",\"valueRequired\":true,\"valueName\":\"search_term_string\"}}],\"inLanguage\":\"es\"},{\"@type\":\"Organization\",\"@id\":\"https:\\\/\\\/www.calemonlawattorney.com\\\/es\\\/#organization\",\"name\":\"The Law Offices of Sotera L. Anderson\",\"url\":\"https:\\\/\\\/www.calemonlawattorney.com\\\/es\\\/\",\"logo\":{\"@type\":\"ImageObject\",\"inLanguage\":\"es\",\"@id\":\"https:\\\/\\\/www.calemonlawattorney.com\\\/es\\\/#\\\/schema\\\/logo\\\/image\\\/\",\"url\":\"https:\\\/\\\/www.calemonlawattorney.com\\\/wp-content\\\/uploads\\\/2021\\\/03\\\/CA-Lemon-Law-Attorney-Logo.png\",\"contentUrl\":\"https:\\\/\\\/www.calemonlawattorney.com\\\/wp-content\\\/uploads\\\/2021\\\/03\\\/CA-Lemon-Law-Attorney-Logo.png\",\"width\":2345,\"height\":2345,\"caption\":\"The Law Offices of Sotera L. Anderson\"},\"image\":{\"@id\":\"https:\\\/\\\/www.calemonlawattorney.com\\\/es\\\/#\\\/schema\\\/logo\\\/image\\\/\"},\"sameAs\":[\"https:\\\/\\\/www.facebook.com\\\/lemonlawsotera\",\"https:\\\/\\\/x.com\\\/LemnLawBossLady\"]}]}<\/script>\n<!-- \/ Yoast SEO plugin. -->","yoast_head_json":{"title":"Abogado de Kia lim\u00f3n | Oficinas Legales de Sotera L. Anderson | California","description":"Las Oficinas Legales de Sotera L. Anderson ayudan a los propietarios de Kia a buscar justicia en los casos de Ley lim\u00f3n. Ayudamos a quienes sin saberlo han comprado veh\u00edculos defectuosos.","robots":{"index":"index","follow":"follow","max-snippet":"max-snippet:-1","max-image-preview":"max-image-preview:large","max-video-preview":"max-video-preview:-1"},"canonical":"https:\/\/www.calemonlawattorney.com\/es\/abogado-de-kia-limon\/","og_locale":"es_ES","og_type":"article","og_title":"Abogado de Kia lim\u00f3n | Oficinas Legales de Sotera L. Anderson | California","og_description":"Las Oficinas Legales de Sotera L. Anderson ayudan a los propietarios de Kia a buscar justicia en los casos de Ley lim\u00f3n. Ayudamos a quienes sin saberlo han comprado veh\u00edculos defectuosos.","og_url":"https:\/\/www.calemonlawattorney.com\/es\/abogado-de-kia-limon\/","og_site_name":"California Lemon Law Attorney Sotera Anderson","article_publisher":"https:\/\/www.facebook.com\/lemonlawsotera","og_image":[{"url":"https:\/\/calemonlawattorney.com\/wp-content\/uploads\/2019\/05\/left-image04.png","type":"","width":"","height":""}],"twitter_card":"summary_large_image","twitter_site":"@LemnLawBossLady","twitter_misc":{"Tiempo de lectura":"3 minutos"},"schema":{"@context":"https:\/\/schema.org","@graph":[{"@type":"WebPage","@id":"https:\/\/www.calemonlawattorney.com\/es\/abogado-de-kia-limon\/","url":"https:\/\/www.calemonlawattorney.com\/es\/abogado-de-kia-limon\/","name":"Abogado de Kia lim\u00f3n | Oficinas Legales de Sotera L. Anderson | California","isPartOf":{"@id":"https:\/\/www.calemonlawattorney.com\/es\/#website"},"primaryImageOfPage":{"@id":"https:\/\/www.calemonlawattorney.com\/es\/abogado-de-kia-limon\/#primaryimage"},"image":{"@id":"https:\/\/www.calemonlawattorney.com\/es\/abogado-de-kia-limon\/#primaryimage"},"thumbnailUrl":"https:\/\/calemonlawattorney.com\/wp-content\/uploads\/2019\/05\/left-image04.png","datePublished":"2019-12-05T02:00:07+00:00","description":"Las Oficinas Legales de Sotera L. Anderson ayudan a los propietarios de Kia a buscar justicia en los casos de Ley lim\u00f3n. Ayudamos a quienes sin saberlo han comprado veh\u00edculos defectuosos.","breadcrumb":{"@id":"https:\/\/www.calemonlawattorney.com\/es\/abogado-de-kia-limon\/#breadcrumb"},"inLanguage":"es","potentialAction":[{"@type":"ReadAction","target":["https:\/\/www.calemonlawattorney.com\/es\/abogado-de-kia-limon\/"]}]},{"@type":"ImageObject","inLanguage":"es","@id":"https:\/\/www.calemonlawattorney.com\/es\/abogado-de-kia-limon\/#primaryimage","url":"https:\/\/calemonlawattorney.com\/wp-content\/uploads\/2019\/05\/left-image04.png","contentUrl":"https:\/\/calemonlawattorney.com\/wp-content\/uploads\/2019\/05\/left-image04.png"},{"@type":"BreadcrumbList","@id":"https:\/\/www.calemonlawattorney.com\/es\/abogado-de-kia-limon\/#breadcrumb","itemListElement":[{"@type":"ListItem","position":1,"name":"Home","item":"https:\/\/www.calemonlawattorney.com\/es\/"},{"@type":"ListItem","position":2,"name":"Abogado de Kia lim\u00f3n"}]},{"@type":"WebSite","@id":"https:\/\/www.calemonlawattorney.com\/es\/#website","url":"https:\/\/www.calemonlawattorney.com\/es\/","name":"California Lemon Law Attorney Sotera Anderson","description":"Helping California Consumers Get Refunds For Their Crappy Cars","publisher":{"@id":"https:\/\/www.calemonlawattorney.com\/es\/#organization"},"potentialAction":[{"@type":"SearchAction","target":{"@type":"EntryPoint","urlTemplate":"https:\/\/www.calemonlawattorney.com\/es\/?s={search_term_string}"},"query-input":{"@type":"PropertyValueSpecification","valueRequired":true,"valueName":"search_term_string"}}],"inLanguage":"es"},{"@type":"Organization","@id":"https:\/\/www.calemonlawattorney.com\/es\/#organization","name":"The Law Offices of Sotera L. Anderson","url":"https:\/\/www.calemonlawattorney.com\/es\/","logo":{"@type":"ImageObject","inLanguage":"es","@id":"https:\/\/www.calemonlawattorney.com\/es\/#\/schema\/logo\/image\/","url":"https:\/\/www.calemonlawattorney.com\/wp-content\/uploads\/2021\/03\/CA-Lemon-Law-Attorney-Logo.png","contentUrl":"https:\/\/www.calemonlawattorney.com\/wp-content\/uploads\/2021\/03\/CA-Lemon-Law-Attorney-Logo.png","width":2345,"height":2345,"caption":"The Law Offices of Sotera L. Anderson"},"image":{"@id":"https:\/\/www.calemonlawattorney.com\/es\/#\/schema\/logo\/image\/"},"sameAs":["https:\/\/www.facebook.com\/lemonlawsotera","https:\/\/x.com\/LemnLawBossLady"]}]}},"_links":{"self":[{"href":"https:\/\/www.calemonlawattorney.com\/es\/wp-json\/wp\/v2\/pages\/1699","targetHints":{"allow":["GET"]}}],"collection":[{"href":"https:\/\/www.calemonlawattorney.com\/es\/wp-json\/wp\/v2\/pages"}],"about":[{"href":"https:\/\/www.calemonlawattorney.com\/es\/wp-json\/wp\/v2\/types\/page"}],"author":[{"embeddable":true,"href":"https:\/\/www.calemonlawattorney.com\/es\/wp-json\/wp\/v2\/users\/1"}],"replies":[{"embeddable":true,"href":"https:\/\/www.calemonlawattorney.com\/es\/wp-json\/wp\/v2\/comments?post=1699"}],"version-history":[{"count":1,"href":"https:\/\/www.calemonlawattorney.com\/es\/wp-json\/wp\/v2\/pages\/1699\/revisions"}],"predecessor-version":[{"id":1700,"href":"https:\/\/www.calemonlawattorney.com\/es\/wp-json\/wp\/v2\/pages\/1699\/revisions\/1700"}],"wp:attachment":[{"href":"https:\/\/www.calemonlawattorney.com\/es\/wp-json\/wp\/v2\/media?parent=1699"}],"curies":[{"name":"wp","href":"https:\/\/api.w.org\/{rel}","templated":true}]}}