{"id":1697,"date":"2019-12-05T01:53:27","date_gmt":"2019-12-05T01:53:27","guid":{"rendered":"https:\/\/calemonlawattorney.com\/?page_id=1697"},"modified":"2019-12-05T02:49:48","modified_gmt":"2019-12-05T02:49:48","slug":"abogado-de-nissan-limon","status":"publish","type":"page","link":"https:\/\/www.calemonlawattorney.com\/es\/abogado-de-nissan-limon\/","title":{"rendered":"Abogado de Nissan lim\u00f3n"},"content":{"rendered":"<h1 class=\"p1\"><span class=\"s1\">TEl mejor abogado ayuda a los consumidores descontentos a responsabilizar a Nissane<\/span><\/h1>\n<div class=\"border-bottom-heading\"><\/div>\n<div class=\"row\">\n<div class=\"col-md-5\">\n<p class=\"p1\"><span class=\"s1\">Las Oficinas Legales de Sotera L. Anderson se comprometen a ayudar a los consumidores que sin saberlo han comprado veh\u00edculos defectuosos, por lo que nuestra pr\u00e1ctica se centra en la ley lim\u00f3n. <\/span><\/p>\n<p>Entendemos que las personas conf\u00edan en sus veh\u00edculos todos los d\u00edas y sabemos c\u00f3mo un autom\u00f3vil poco confiable puede alterar por completo su vida.<\/p>\n<\/div>\n<div class=\"col-md-7\">\n<div class=\"vdo-box\"><iframe loading=\"lazy\" src=\"https:\/\/www.youtube.com\/embed\/ocvhC9VDt8E?rel=0&amp;showinfo=0\" controls=\"0\" width=\"560\" height=\"240\" frameborder=\"0\" allowfullscreen=\"allowfullscreen\"><\/iframe><\/div>\n<p><!--\n\n\n<div class=\"you-btn\"><button type=\"button\" data-toggle=\"modal\" data-target=\"#aboutModal\"><i class=\"fa fa-youtube-play\" aria-hidden=\"true\"><\/i><\/button><\/div>\n\n\n--><br \/>\n<!--\n\n\n<div class=\"modal fade\" id=\"aboutModal\" role=\"dialog\">\n\n\n<div class=\"modal-dialog\">\n\n\n<div class=\"modal-content\">\n\n\n<div class=\"modal-header\">\n          <button type=\"button\" class=\"close\" data-dismiss=\"modal\">&times;<\/button><\/div>\n\n\n\n\n<div class=\"modal-body\">\n         <iframe loading=\"lazy\" width=\"700\" height=\"400\" src=\"https:\/\/www.youtube.com\/embed\/ocvhC9VDt8E?rel=0&amp;showinfo=0\" controls=\"0\" frameborder=\"0\" allow=\"accelerometer; autoplay; encrypted-media; gyroscope; picture-in-picture\" allowfullscreen><\/iframe><\/div>\n\n\n<\/div>\n\n\n<\/div>\n\n\n<\/div>\n\n\n--><\/p>\n<\/div>\n<\/div>\n<div class=\"row\">\n<div class=\"col-md-12\">\n<p class=\"p1\"><span class=\"s1\">CLo m\u00e1s probable es que elija comprar o arrendar un Nissan nuevo o usado porque pens\u00f3 que obtendr\u00eda un autom\u00f3vil de alta calidad que durar\u00eda a\u00f1os. Desafortunadamente, muchos consumidores compran o arriendan Nissans que terminan teniendo problemas importantes. Esta situaci\u00f3n se vuelve a\u00fan m\u00e1s frustrante cuando el problema persiste despu\u00e9s de varios viajes al concesionario o al fabricante para su reparaci\u00f3n. Si se encuentra en esta situaci\u00f3n, es importante hacer valer sus derechos bajo las leyes lim\u00f3n de California.<\/span><\/p>\n<h2 class=\"p3\"><span class=\"s1\"\u00bfSe aplica la Ley lim\u00f3n en California a los veh\u00edculos Nissan?<\/span><\/h2>\n<p class=\"p3\"><span class=\"s1\">La ley lim\u00f3n en California cubre SUV, autom\u00f3viles, camiones, motocicletas, auto caravanas y otros veh\u00edculos, incluidos los fabricados por Nissan. No es f\u00e1cil determinar si un veh\u00edculo Nissan est\u00e1 o no cubierto por las leyes lim\u00f3n en este estado. Pero en general, estas condiciones deben cumplirse para calificar:<\/span><\/p>\n<ul class=\"ul1\">\n<li class=\"li3\"><span class=\"s1\">El Nissan fue comprado o arrendado de un concesionario.<\/span><\/li>\n<li class=\"li3\"><span class=\"s1\">Hay un defecto significativo con el Nissan que perjudica su valor, uso o seguridad<\/span><\/li>\n<li class=\"li3\"><span class=\"s1\">El problema a\u00fan existe, aunque haya llevado el Nissan al concesionario o fabricante para que lo repare varias veces.<\/span><\/li>\n<\/ul>\n<p class=\"p1\"><span class=\"s1\">Es muy probable que su veh\u00edculo nuevo o usado sea un lim\u00f3n si se cumplen estas condiciones. Pero, la ley es complicada, por lo que es dif\u00edcil para los consumidores determinar si su veh\u00edculo est\u00e1 cubierto, incluso si conocen estas pautas. Si no est\u00e1 seguro de si tiene derecho o no a una reparaci\u00f3n, comun\u00edquese con la abogada Sotera L. Anderson para programar una consulta gratuita lo antes posible. Ella revisar\u00e1 los detalles de su caso y lo ayudar\u00e1 a comprender las opciones legales disponibles para usted.<\/span><\/p>\n<h2 class=\"p3\"><span class=\"s1\">\u00bfQu\u00e9 modelos de Nissan han sido reportados como limones?<\/span><\/h2>\n<p class=\"p1\"><span class=\"s1\">TLa verdad es que cualquier Nissan puede llegar a ser un lim\u00f3n. Pero, se sabe que algunos modelos tienen m\u00e1s problemas que otros. Algunos veh\u00edculos Nissan que han causado problemas a los consumidores incluyen:<\/span><\/p>\n<ul class=\"ul1\">\n<li class=\"li1\"><span class=\"s1\">Altima<\/span><\/li>\n<li class=\"li1\"><span class=\"s1\">Murano<\/span><\/li>\n<li class=\"li1\"><span class=\"s1\">Pathfinder<\/span><\/li>\n<li class=\"li1\"><span class=\"s1\">Rogue<\/span><\/li>\n<li class=\"li1\"><span class=\"s1\">Sentra<\/span><\/li>\n<li class=\"li1\"><span class=\"s1\">Versa<\/span><\/li>\n<\/ul>\n<p class=\"p1\"><span class=\"s1\">Si su veh\u00edculo Nissan podr\u00eda ser un lim\u00f3n, llame a Sotera L. Anderson para discutir su caso. La ley establece que los consumidores que hayan comprado o arrendado un lim\u00f3n Nissan tienen derecho a una reparaci\u00f3n. Esto significa que Nissan debe proporcionarle un reembolso o reemplazar su veh\u00edculo con un modelo similar que funcione correctamente. Deje que nuestro equipo trabaje incansablemente para regresarlo a la carretera en un Nissan u otro veh\u00edculo que no tenga problemas.<\/span><\/p>\n<h2 class=\"p3\"><span class=\"s1\">Llame a nuestro bufete de abogados hoy para programar una consulta gratuita con un abogado de Nissan<\/span><\/h2>\n<p class=\"p3\"><span class=\"s1\"><img decoding=\"async\" class=\"alignleft size-full wp-image-37\" src=\"https:\/\/calemonlawattorney.com\/wp-content\/uploads\/2019\/05\/left-image06.png\" alt=\"\" width=\"450\" height=\"100%\" \/>\u00bfTiene problemas importantes con un Nissan que todav\u00eda est\u00e1 bajo la garant\u00eda del fabricante? Si es as\u00ed, comun\u00edquese con la abogada de ley lim\u00f3n de Nissan, Sotera L. Anderson, de inmediato. Sotera L. Anderson se compromete a ayudar a los consumidores a obtener alivio bajo la ley lim\u00f3n de California y trabaja duro para alcanzar resoluciones favorables lo m\u00e1s r\u00e1pido posible. Para programar su consulta gratuita con la Sra. Anderson, llame a su oficina hoy al 1-855-96- (LEMON) o env\u00edele un correo electr\u00f3nico a trav\u00e9s de su formulario de contacto en l\u00ednea.<\/span><\/p>\n<p>&nbsp;<\/p>\n<div itemscope itemtype=\"http:\/\/schema.org\/NewsArticle\"><meta itemprop=\"datePublished\" content=\"diciembre 5, 2019\">\n    \t\t   <meta itemprop=\"dateModified\" content=\"diciembre 5, 2019\"><\/div>","protected":false},"excerpt":{"rendered":"<p>TEl mejor abogado ayuda a los consumidores descontentos a responsabilizar a Nissane Las Oficinas Legales de Sotera L. Anderson se comprometen a ayudar a los consumidores que sin saberlo han comprado veh\u00edculos defectuosos, por lo que nuestra pr\u00e1ctica se centra en la ley lim\u00f3n. Entendemos que las personas conf\u00edan en sus veh\u00edculos todos los d\u00edas [&hellip;]<\/p>\n","protected":false},"author":1,"featured_media":0,"parent":0,"menu_order":0,"comment_status":"closed","ping_status":"closed","template":"coustumepagewithsidebar.php","meta":{"_coblocks_attr":"","_coblocks_dimensions":"","_coblocks_responsive_height":"","_coblocks_accordion_ie_support":"","inline_featured_image":false,"footnotes":""},"class_list":["post-1697","page","type-page","status-publish","hentry"],"yoast_head":"<!-- This site is optimized with the Yoast SEO plugin v27.4 - https:\/\/yoast.com\/product\/yoast-seo-wordpress\/ -->\n<title>Abogado de Nissan | Oficinas Legales de Sotera L. Anderson | California<\/title>\n<meta name=\"description\" content=\"Las Oficinas Legales de Sotera L. Anderson ayudan a los propietarios de Nissan a buscar justicia en los casos de la Ley lim\u00f3n. Ayudamos a quienes sin saberlo han comprado veh\u00edculos defectuosos.\" \/>\n<meta name=\"robots\" content=\"index, follow, max-snippet:-1, max-image-preview:large, max-video-preview:-1\" \/>\n<link rel=\"canonical\" href=\"https:\/\/www.calemonlawattorney.com\/es\/abogado-de-nissan-limon\/\" \/>\n<meta property=\"og:locale\" content=\"es_ES\" \/>\n<meta property=\"og:type\" content=\"article\" \/>\n<meta property=\"og:title\" content=\"Abogado de Nissan | Oficinas Legales de Sotera L. Anderson | California\" \/>\n<meta property=\"og:description\" content=\"Las Oficinas Legales de Sotera L. Anderson ayudan a los propietarios de Nissan a buscar justicia en los casos de la Ley lim\u00f3n. Ayudamos a quienes sin saberlo han comprado veh\u00edculos defectuosos.\" \/>\n<meta property=\"og:url\" content=\"https:\/\/www.calemonlawattorney.com\/es\/abogado-de-nissan-limon\/\" \/>\n<meta property=\"og:site_name\" content=\"California Lemon Law Attorney Sotera Anderson\" \/>\n<meta property=\"article:publisher\" content=\"https:\/\/www.facebook.com\/lemonlawsotera\" \/>\n<meta property=\"article:modified_time\" content=\"2019-12-05T02:49:48+00:00\" \/>\n<meta property=\"og:image\" content=\"https:\/\/calemonlawattorney.com\/wp-content\/uploads\/2019\/05\/left-image06.png\" \/>\n<meta name=\"twitter:card\" content=\"summary_large_image\" \/>\n<meta name=\"twitter:site\" content=\"@LemnLawBossLady\" \/>\n<meta name=\"twitter:label1\" content=\"Tiempo de lectura\" \/>\n\t<meta name=\"twitter:data1\" content=\"1 minuto\" \/>\n<script type=\"application\/ld+json\" class=\"yoast-schema-graph\">{\"@context\":\"https:\\\/\\\/schema.org\",\"@graph\":[{\"@type\":\"WebPage\",\"@id\":\"https:\\\/\\\/www.calemonlawattorney.com\\\/es\\\/abogado-de-nissan-limon\\\/\",\"url\":\"https:\\\/\\\/www.calemonlawattorney.com\\\/es\\\/abogado-de-nissan-limon\\\/\",\"name\":\"Abogado de Nissan | Oficinas Legales de Sotera L. Anderson | California\",\"isPartOf\":{\"@id\":\"https:\\\/\\\/www.calemonlawattorney.com\\\/es\\\/#website\"},\"primaryImageOfPage\":{\"@id\":\"https:\\\/\\\/www.calemonlawattorney.com\\\/es\\\/abogado-de-nissan-limon\\\/#primaryimage\"},\"image\":{\"@id\":\"https:\\\/\\\/www.calemonlawattorney.com\\\/es\\\/abogado-de-nissan-limon\\\/#primaryimage\"},\"thumbnailUrl\":\"https:\\\/\\\/calemonlawattorney.com\\\/wp-content\\\/uploads\\\/2019\\\/05\\\/left-image06.png\",\"datePublished\":\"2019-12-05T01:53:27+00:00\",\"dateModified\":\"2019-12-05T02:49:48+00:00\",\"description\":\"Las Oficinas Legales de Sotera L. Anderson ayudan a los propietarios de Nissan a buscar justicia en los casos de la Ley lim\u00f3n. Ayudamos a quienes sin saberlo han comprado veh\u00edculos defectuosos.\",\"breadcrumb\":{\"@id\":\"https:\\\/\\\/www.calemonlawattorney.com\\\/es\\\/abogado-de-nissan-limon\\\/#breadcrumb\"},\"inLanguage\":\"es\",\"potentialAction\":[{\"@type\":\"ReadAction\",\"target\":[\"https:\\\/\\\/www.calemonlawattorney.com\\\/es\\\/abogado-de-nissan-limon\\\/\"]}]},{\"@type\":\"ImageObject\",\"inLanguage\":\"es\",\"@id\":\"https:\\\/\\\/www.calemonlawattorney.com\\\/es\\\/abogado-de-nissan-limon\\\/#primaryimage\",\"url\":\"https:\\\/\\\/calemonlawattorney.com\\\/wp-content\\\/uploads\\\/2019\\\/05\\\/left-image06.png\",\"contentUrl\":\"https:\\\/\\\/calemonlawattorney.com\\\/wp-content\\\/uploads\\\/2019\\\/05\\\/left-image06.png\"},{\"@type\":\"BreadcrumbList\",\"@id\":\"https:\\\/\\\/www.calemonlawattorney.com\\\/es\\\/abogado-de-nissan-limon\\\/#breadcrumb\",\"itemListElement\":[{\"@type\":\"ListItem\",\"position\":1,\"name\":\"Home\",\"item\":\"https:\\\/\\\/www.calemonlawattorney.com\\\/es\\\/\"},{\"@type\":\"ListItem\",\"position\":2,\"name\":\"Abogado de Nissan lim\u00f3n\"}]},{\"@type\":\"WebSite\",\"@id\":\"https:\\\/\\\/www.calemonlawattorney.com\\\/es\\\/#website\",\"url\":\"https:\\\/\\\/www.calemonlawattorney.com\\\/es\\\/\",\"name\":\"California Lemon Law Attorney Sotera Anderson\",\"description\":\"Helping California Consumers Get Refunds For Their Crappy Cars\",\"publisher\":{\"@id\":\"https:\\\/\\\/www.calemonlawattorney.com\\\/es\\\/#organization\"},\"potentialAction\":[{\"@type\":\"SearchAction\",\"target\":{\"@type\":\"EntryPoint\",\"urlTemplate\":\"https:\\\/\\\/www.calemonlawattorney.com\\\/es\\\/?s={search_term_string}\"},\"query-input\":{\"@type\":\"PropertyValueSpecification\",\"valueRequired\":true,\"valueName\":\"search_term_string\"}}],\"inLanguage\":\"es\"},{\"@type\":\"Organization\",\"@id\":\"https:\\\/\\\/www.calemonlawattorney.com\\\/es\\\/#organization\",\"name\":\"The Law Offices of Sotera L. Anderson\",\"url\":\"https:\\\/\\\/www.calemonlawattorney.com\\\/es\\\/\",\"logo\":{\"@type\":\"ImageObject\",\"inLanguage\":\"es\",\"@id\":\"https:\\\/\\\/www.calemonlawattorney.com\\\/es\\\/#\\\/schema\\\/logo\\\/image\\\/\",\"url\":\"https:\\\/\\\/www.calemonlawattorney.com\\\/wp-content\\\/uploads\\\/2021\\\/03\\\/CA-Lemon-Law-Attorney-Logo.png\",\"contentUrl\":\"https:\\\/\\\/www.calemonlawattorney.com\\\/wp-content\\\/uploads\\\/2021\\\/03\\\/CA-Lemon-Law-Attorney-Logo.png\",\"width\":2345,\"height\":2345,\"caption\":\"The Law Offices of Sotera L. Anderson\"},\"image\":{\"@id\":\"https:\\\/\\\/www.calemonlawattorney.com\\\/es\\\/#\\\/schema\\\/logo\\\/image\\\/\"},\"sameAs\":[\"https:\\\/\\\/www.facebook.com\\\/lemonlawsotera\",\"https:\\\/\\\/x.com\\\/LemnLawBossLady\"]}]}<\/script>\n<!-- \/ Yoast SEO plugin. -->","yoast_head_json":{"title":"Abogado de Nissan | Oficinas Legales de Sotera L. Anderson | California","description":"Las Oficinas Legales de Sotera L. Anderson ayudan a los propietarios de Nissan a buscar justicia en los casos de la Ley lim\u00f3n. Ayudamos a quienes sin saberlo han comprado veh\u00edculos defectuosos.","robots":{"index":"index","follow":"follow","max-snippet":"max-snippet:-1","max-image-preview":"max-image-preview:large","max-video-preview":"max-video-preview:-1"},"canonical":"https:\/\/www.calemonlawattorney.com\/es\/abogado-de-nissan-limon\/","og_locale":"es_ES","og_type":"article","og_title":"Abogado de Nissan | Oficinas Legales de Sotera L. Anderson | California","og_description":"Las Oficinas Legales de Sotera L. Anderson ayudan a los propietarios de Nissan a buscar justicia en los casos de la Ley lim\u00f3n. Ayudamos a quienes sin saberlo han comprado veh\u00edculos defectuosos.","og_url":"https:\/\/www.calemonlawattorney.com\/es\/abogado-de-nissan-limon\/","og_site_name":"California Lemon Law Attorney Sotera Anderson","article_publisher":"https:\/\/www.facebook.com\/lemonlawsotera","article_modified_time":"2019-12-05T02:49:48+00:00","og_image":[{"url":"https:\/\/calemonlawattorney.com\/wp-content\/uploads\/2019\/05\/left-image06.png","type":"","width":"","height":""}],"twitter_card":"summary_large_image","twitter_site":"@LemnLawBossLady","twitter_misc":{"Tiempo de lectura":"1 minuto"},"schema":{"@context":"https:\/\/schema.org","@graph":[{"@type":"WebPage","@id":"https:\/\/www.calemonlawattorney.com\/es\/abogado-de-nissan-limon\/","url":"https:\/\/www.calemonlawattorney.com\/es\/abogado-de-nissan-limon\/","name":"Abogado de Nissan | Oficinas Legales de Sotera L. Anderson | California","isPartOf":{"@id":"https:\/\/www.calemonlawattorney.com\/es\/#website"},"primaryImageOfPage":{"@id":"https:\/\/www.calemonlawattorney.com\/es\/abogado-de-nissan-limon\/#primaryimage"},"image":{"@id":"https:\/\/www.calemonlawattorney.com\/es\/abogado-de-nissan-limon\/#primaryimage"},"thumbnailUrl":"https:\/\/calemonlawattorney.com\/wp-content\/uploads\/2019\/05\/left-image06.png","datePublished":"2019-12-05T01:53:27+00:00","dateModified":"2019-12-05T02:49:48+00:00","description":"Las Oficinas Legales de Sotera L. Anderson ayudan a los propietarios de Nissan a buscar justicia en los casos de la Ley lim\u00f3n. Ayudamos a quienes sin saberlo han comprado veh\u00edculos defectuosos.","breadcrumb":{"@id":"https:\/\/www.calemonlawattorney.com\/es\/abogado-de-nissan-limon\/#breadcrumb"},"inLanguage":"es","potentialAction":[{"@type":"ReadAction","target":["https:\/\/www.calemonlawattorney.com\/es\/abogado-de-nissan-limon\/"]}]},{"@type":"ImageObject","inLanguage":"es","@id":"https:\/\/www.calemonlawattorney.com\/es\/abogado-de-nissan-limon\/#primaryimage","url":"https:\/\/calemonlawattorney.com\/wp-content\/uploads\/2019\/05\/left-image06.png","contentUrl":"https:\/\/calemonlawattorney.com\/wp-content\/uploads\/2019\/05\/left-image06.png"},{"@type":"BreadcrumbList","@id":"https:\/\/www.calemonlawattorney.com\/es\/abogado-de-nissan-limon\/#breadcrumb","itemListElement":[{"@type":"ListItem","position":1,"name":"Home","item":"https:\/\/www.calemonlawattorney.com\/es\/"},{"@type":"ListItem","position":2,"name":"Abogado de Nissan lim\u00f3n"}]},{"@type":"WebSite","@id":"https:\/\/www.calemonlawattorney.com\/es\/#website","url":"https:\/\/www.calemonlawattorney.com\/es\/","name":"California Lemon Law Attorney Sotera Anderson","description":"Helping California Consumers Get Refunds For Their Crappy Cars","publisher":{"@id":"https:\/\/www.calemonlawattorney.com\/es\/#organization"},"potentialAction":[{"@type":"SearchAction","target":{"@type":"EntryPoint","urlTemplate":"https:\/\/www.calemonlawattorney.com\/es\/?s={search_term_string}"},"query-input":{"@type":"PropertyValueSpecification","valueRequired":true,"valueName":"search_term_string"}}],"inLanguage":"es"},{"@type":"Organization","@id":"https:\/\/www.calemonlawattorney.com\/es\/#organization","name":"The Law Offices of Sotera L. Anderson","url":"https:\/\/www.calemonlawattorney.com\/es\/","logo":{"@type":"ImageObject","inLanguage":"es","@id":"https:\/\/www.calemonlawattorney.com\/es\/#\/schema\/logo\/image\/","url":"https:\/\/www.calemonlawattorney.com\/wp-content\/uploads\/2021\/03\/CA-Lemon-Law-Attorney-Logo.png","contentUrl":"https:\/\/www.calemonlawattorney.com\/wp-content\/uploads\/2021\/03\/CA-Lemon-Law-Attorney-Logo.png","width":2345,"height":2345,"caption":"The Law Offices of Sotera L. Anderson"},"image":{"@id":"https:\/\/www.calemonlawattorney.com\/es\/#\/schema\/logo\/image\/"},"sameAs":["https:\/\/www.facebook.com\/lemonlawsotera","https:\/\/x.com\/LemnLawBossLady"]}]}},"_links":{"self":[{"href":"https:\/\/www.calemonlawattorney.com\/es\/wp-json\/wp\/v2\/pages\/1697","targetHints":{"allow":["GET"]}}],"collection":[{"href":"https:\/\/www.calemonlawattorney.com\/es\/wp-json\/wp\/v2\/pages"}],"about":[{"href":"https:\/\/www.calemonlawattorney.com\/es\/wp-json\/wp\/v2\/types\/page"}],"author":[{"embeddable":true,"href":"https:\/\/www.calemonlawattorney.com\/es\/wp-json\/wp\/v2\/users\/1"}],"replies":[{"embeddable":true,"href":"https:\/\/www.calemonlawattorney.com\/es\/wp-json\/wp\/v2\/comments?post=1697"}],"version-history":[{"count":4,"href":"https:\/\/www.calemonlawattorney.com\/es\/wp-json\/wp\/v2\/pages\/1697\/revisions"}],"predecessor-version":[{"id":1714,"href":"https:\/\/www.calemonlawattorney.com\/es\/wp-json\/wp\/v2\/pages\/1697\/revisions\/1714"}],"wp:attachment":[{"href":"https:\/\/www.calemonlawattorney.com\/es\/wp-json\/wp\/v2\/media?parent=1697"}],"curies":[{"name":"wp","href":"https:\/\/api.w.org\/{rel}","templated":true}]}}