{"id":1693,"date":"2019-12-05T01:45:10","date_gmt":"2019-12-05T01:45:10","guid":{"rendered":"https:\/\/calemonlawattorney.com\/?page_id=1693"},"modified":"2019-12-05T02:52:59","modified_gmt":"2019-12-05T02:52:59","slug":"abogado-de-motocicletas-limon","status":"publish","type":"page","link":"https:\/\/www.calemonlawattorney.com\/es\/abogado-de-motocicletas-limon\/","title":{"rendered":"Abogado de Motocicletas lim\u00f3n"},"content":{"rendered":"<h1 class=\"p1\"><span class=\"s1\">Leyes de motos lim\u00f3n en California <\/span><\/h1>\n<div class=\"border-bottom-heading\"><\/div>\n<div class=\"row\">\n<div class=\"col-md-5\">\n<p class=\"p1\"><span class=\"s1\">Las Oficinas Legales de Sotera L. Anderson se comprometen a ayudar a los consumidores que sin saberlo han comprado veh\u00edculos defectuosos, por lo que nuestra pr\u00e1ctica se centra en la ley lim\u00f3n. <\/span><\/p>\n<p>Entendemos que las personas conf\u00edan en sus veh\u00edculos todos los d\u00edas y sabemos c\u00f3mo un autom\u00f3vil poco confiable puede alterar por completo su vida.\n<\/p><\/div>\n<div class=\"col-md-7\">\n<div class=\"vdo-box\"><iframe loading=\"lazy\" src=\"https:\/\/www.youtube.com\/embed\/u_37_mI_FU0?rel=0&amp;showinfo=0\" controls=\"0\" width=\"560\" height=\"240\" frameborder=\"0\" allowfullscreen=\"allowfullscreen\"><\/iframe><\/div>\n<p><!--\n\n\n<div class=\"you-btn\"><button type=\"button\" data-toggle=\"modal\" data-target=\"#aboutModal\"><i class=\"fa fa-youtube-play\" aria-hidden=\"true\"><\/i><\/button><\/div>\n\n\n--><br \/>\n<!--\n\n\n<div class=\"modal fade\" id=\"aboutModal\" role=\"dialog\">\n\n\n<div class=\"modal-dialog\">\n\n\n<div class=\"modal-content\">\n\n\n<div class=\"modal-header\">\n          <button type=\"button\" class=\"close\" data-dismiss=\"modal\">&times;<\/button><\/div>\n\n\n\n\n<div class=\"modal-body\">\n         <iframe loading=\"lazy\" width=\"700\" height=\"400\" src=\"https:\/\/www.youtube.com\/embed\/u_37_mI_FU0?rel=0&amp;showinfo=0\" controls=\"0\" frameborder=\"0\" allow=\"accelerometer; autoplay; encrypted-media; gyroscope; picture-in-picture\" allowfullscreen><\/iframe><\/div>\n\n\n<\/div>\n\n\n<\/div>\n\n\n<\/div>\n\n\n--><\/p>\n<\/div>\n<\/div>\n<div class=\"row\">\n<div class=\"col-md-12\">\n<p class=\"p1\"><span class=\"s1\">California es un gran lugar para tener una motocicleta. Si vive en la parte sur del estado, puede viajar durante todo el a\u00f1o debido al clima c\u00e1lido. California tampoco proh\u00edbe la divisi\u00f3n de carriles, lo que permite a los motociclistas atravesar el tr\u00e1fico congestionado m\u00e1s r\u00e1pido que cualquier otra persona en la carretera. <\/span><\/p>\n<p class=\"p1\"><span class=\"s1\">FPor estas razones, no es dif\u00edcil ver por qu\u00e9 un n\u00famero significativo de californianos compra motocicletas para ir de un lugar a otro. Lamentablemente, muchos de estos motociclistas sin saberlo comprar\u00e1n limones. <\/span><\/p>\n<p class=\"p1\"><span class=\"s1\">Si hay un problema importante con su motocicleta nueva o usada, podr\u00eda tener derecho a un reembolso o reemplazo si la bicicleta a\u00fan est\u00e1 bajo la garant\u00eda del fabricante. Comun\u00edquese con las Oficinas Legales de Sotera L. Anderson para conocer sus opciones legales.<\/span><\/p>\n<h2 class=\"p1 bold-font\"><span class=\"s1\">\u00bfCu\u00e1l es la ley lim\u00f3n para motocicletas en California?<\/span><\/h2>\n<p class=\"m_5553243773527323667p1\"><span class=\"m_5553243773527323667s1\">En California, la ley lim\u00f3n se aplica no solo a los veh\u00edculos de motor, sino tambi\u00e9n a las motocicletas que tienen problemas recurrentes bajo la garant\u00eda del fabricante. Esta ley protege a los propietarios de motocicletas. La ley lim\u00f3n para motocicletas es diferente a la de los veh\u00edculos. B\u00e1sicamente dice que si la motocicleta no funciona como se supone que debe o no coincide con la calidad de la misma motocicleta o una similar, y la ha llevado a reparaciones que no han tenido \u00e9xito, es posible que tenga un lim\u00f3n. Esto significa que el fabricante tiene la obligaci\u00f3n legal de emitirle un reembolso o proporcionarle una motocicleta de reemplazo.<\/span><\/p>\n<p class=\"m_5553243773527323667p1\"><span class=\"m_5553243773527323667s1\">Hay muy pocos abogados de la ley lim\u00f3n en California que manejan casos de ley lim\u00f3n de motocicleta porque la ley lim\u00f3n es diferente. La mayor\u00eda de los abogados de la ley lim\u00f3n no conocen los entresijos de la ley lim\u00f3n de la motocicleta, pero la abogada Sotera L. Anderson s\u00ed, ella sol\u00eda representar a los fabricantes de motocicletas.<\/span><\/p>\n<h2 class=\"p1 bold-font\"><span class=\"s1\">C\u00f3mo saber si su motocicleta es un lim\u00f3n<\/span><\/h2>\n<p class=\"p1\"><span class=\"s1\">Numerosos defectos podr\u00edan indicar que su bicicleta es un lim\u00f3n. Los defectos que pueden indicar que su motocicleta es un lim\u00f3n incluyen:<\/span><\/p>\n<ul class=\"ul1\">\n<li class=\"li1\"><span class=\"s1\">Se detiene \/ para<\/span><\/li>\n<li class=\"li1\"><span class=\"s1\">No arranca <\/span><\/li>\n<li class=\"li1\"><span class=\"s1\">Fugas de aceite o aerosoles.<\/span><\/li>\n<li class=\"li1\"><span class=\"s1\">Falta de potencia<\/span><\/li>\n<li class=\"li1\"><span class=\"s1\">Mal funcionamiento del sistema el\u00e9ctrico.<\/span><\/li>\n<\/ul>\n<p class=\"p1\"><span class=\"s1\">Documente estos problemas y tome nota de cualquier intento de reparaci\u00f3n que ocurra. Guarde los recibos y cualquier otra documentaci\u00f3n que reciba del distribuidor; no espere que guarden estos registros por usted. Finalmente, no dude en hablar con un abogado especializado en leyes lim\u00f3n sobre su situaci\u00f3n y hacer uso de sus servicios legales. Las leyes amigables para el consumidor de California permiten consultar y retener a un abogado lim\u00f3n sin costo alguno para usted.<\/span><\/p>\n<h2 class=\"p4 bold-font\"><span class=\"s1\">Programe su evaluaci\u00f3n gratuita de su caso con la abogada Sotera L. Anderson hoy<\/span><\/h2>\n<p class=\"p1\"><span class=\"s1\"><img decoding=\"async\" class=\"alignleft size-full wp-image-37\" src=\"https:\/\/calemonlawattorney.com\/wp-content\/uploads\/2019\/07\/5.png\" alt=\"\" width=\"450\" height=\"100%\" \/>\u00bfTiene problemas con una motocicleta que todav\u00eda est\u00e1 bajo la garant\u00eda del fabricante? Si es as\u00ed, hable con la abogada de la ley lim\u00f3n, Sotera L. Anderson, lo antes posible. La pr\u00e1ctica de la Sra. Anderson se centra en la ley lim\u00f3n y se dedica a ayudar a los consumidores a proteger sus derechos legales. Como ex abogada de fabricantes de motocicletas, comprende c\u00f3mo estas partes intentan evitar la responsabilidad y sabe c\u00f3mo hablar su idioma. Ella trabajar\u00e1 incansablemente para alcanzar una resoluci\u00f3n favorable en su nombre. Para programar una consulta gratuita, llame a nuestro bufete de abogados al 1-855-96-LEMON o complete el formulario en este sitio web. <\/span><\/p>\n<\/div>\n<\/div>\n<div itemscope itemtype=\"http:\/\/schema.org\/NewsArticle\"><meta itemprop=\"datePublished\" content=\"diciembre 5, 2019\">\n    \t\t   <meta itemprop=\"dateModified\" content=\"diciembre 5, 2019\"><\/div>","protected":false},"excerpt":{"rendered":"<p>Leyes de motos lim\u00f3n en California Las Oficinas Legales de Sotera L. Anderson se comprometen a ayudar a los consumidores que sin saberlo han comprado veh\u00edculos defectuosos, por lo que nuestra pr\u00e1ctica se centra en la ley lim\u00f3n. Entendemos que las personas conf\u00edan en sus veh\u00edculos todos los d\u00edas y sabemos c\u00f3mo un autom\u00f3vil poco [&hellip;]<\/p>\n","protected":false},"author":1,"featured_media":0,"parent":0,"menu_order":0,"comment_status":"closed","ping_status":"closed","template":"coustumepagewithsidebar.php","meta":{"_coblocks_attr":"","_coblocks_dimensions":"","_coblocks_responsive_height":"","_coblocks_accordion_ie_support":"","inline_featured_image":false,"footnotes":""},"class_list":["post-1693","page","type-page","status-publish","hentry"],"yoast_head":"<!-- This site is optimized with the Yoast SEO plugin v27.4 - https:\/\/yoast.com\/product\/yoast-seo-wordpress\/ -->\n<title>Abogado de Motocicletas lim\u00f3n | Oficinas Legales de Sotera L. Anderson<\/title>\n<meta name=\"description\" content=\"\u00bfTiene problemas con una motocicleta que todav\u00eda est\u00e1 bajo la garant\u00eda del fabricante? Si es as\u00ed, llame a la abogada de leyes lim\u00f3n Sotera L. Anderson Llame ahora al 310-421-2483\" \/>\n<meta name=\"robots\" content=\"index, follow, max-snippet:-1, max-image-preview:large, max-video-preview:-1\" \/>\n<link rel=\"canonical\" href=\"https:\/\/www.calemonlawattorney.com\/es\/abogado-de-motocicletas-limon\/\" \/>\n<meta property=\"og:locale\" content=\"es_ES\" \/>\n<meta property=\"og:type\" content=\"article\" \/>\n<meta property=\"og:title\" content=\"Abogado de Motocicletas lim\u00f3n | Oficinas Legales de Sotera L. Anderson\" \/>\n<meta property=\"og:description\" content=\"\u00bfTiene problemas con una motocicleta que todav\u00eda est\u00e1 bajo la garant\u00eda del fabricante? Si es as\u00ed, llame a la abogada de leyes lim\u00f3n Sotera L. Anderson Llame ahora al 310-421-2483\" \/>\n<meta property=\"og:url\" content=\"https:\/\/www.calemonlawattorney.com\/es\/abogado-de-motocicletas-limon\/\" \/>\n<meta property=\"og:site_name\" content=\"California Lemon Law Attorney Sotera Anderson\" \/>\n<meta property=\"article:publisher\" content=\"https:\/\/www.facebook.com\/lemonlawsotera\" \/>\n<meta property=\"article:modified_time\" content=\"2019-12-05T02:52:59+00:00\" \/>\n<meta property=\"og:image\" content=\"https:\/\/calemonlawattorney.com\/wp-content\/uploads\/2019\/07\/5.png\" \/>\n<meta name=\"twitter:card\" content=\"summary_large_image\" \/>\n<meta name=\"twitter:site\" content=\"@LemnLawBossLady\" \/>\n<meta name=\"twitter:label1\" content=\"Tiempo de lectura\" \/>\n\t<meta name=\"twitter:data1\" content=\"3 minutos\" \/>\n<script type=\"application\/ld+json\" class=\"yoast-schema-graph\">{\"@context\":\"https:\\\/\\\/schema.org\",\"@graph\":[{\"@type\":\"WebPage\",\"@id\":\"https:\\\/\\\/www.calemonlawattorney.com\\\/es\\\/abogado-de-motocicletas-limon\\\/\",\"url\":\"https:\\\/\\\/www.calemonlawattorney.com\\\/es\\\/abogado-de-motocicletas-limon\\\/\",\"name\":\"Abogado de Motocicletas lim\u00f3n | Oficinas Legales de Sotera L. Anderson\",\"isPartOf\":{\"@id\":\"https:\\\/\\\/www.calemonlawattorney.com\\\/es\\\/#website\"},\"primaryImageOfPage\":{\"@id\":\"https:\\\/\\\/www.calemonlawattorney.com\\\/es\\\/abogado-de-motocicletas-limon\\\/#primaryimage\"},\"image\":{\"@id\":\"https:\\\/\\\/www.calemonlawattorney.com\\\/es\\\/abogado-de-motocicletas-limon\\\/#primaryimage\"},\"thumbnailUrl\":\"https:\\\/\\\/calemonlawattorney.com\\\/wp-content\\\/uploads\\\/2019\\\/07\\\/5.png\",\"datePublished\":\"2019-12-05T01:45:10+00:00\",\"dateModified\":\"2019-12-05T02:52:59+00:00\",\"description\":\"\u00bfTiene problemas con una motocicleta que todav\u00eda est\u00e1 bajo la garant\u00eda del fabricante? Si es as\u00ed, llame a la abogada de leyes lim\u00f3n Sotera L. Anderson Llame ahora al 310-421-2483\",\"breadcrumb\":{\"@id\":\"https:\\\/\\\/www.calemonlawattorney.com\\\/es\\\/abogado-de-motocicletas-limon\\\/#breadcrumb\"},\"inLanguage\":\"es\",\"potentialAction\":[{\"@type\":\"ReadAction\",\"target\":[\"https:\\\/\\\/www.calemonlawattorney.com\\\/es\\\/abogado-de-motocicletas-limon\\\/\"]}]},{\"@type\":\"ImageObject\",\"inLanguage\":\"es\",\"@id\":\"https:\\\/\\\/www.calemonlawattorney.com\\\/es\\\/abogado-de-motocicletas-limon\\\/#primaryimage\",\"url\":\"https:\\\/\\\/calemonlawattorney.com\\\/wp-content\\\/uploads\\\/2019\\\/07\\\/5.png\",\"contentUrl\":\"https:\\\/\\\/calemonlawattorney.com\\\/wp-content\\\/uploads\\\/2019\\\/07\\\/5.png\"},{\"@type\":\"BreadcrumbList\",\"@id\":\"https:\\\/\\\/www.calemonlawattorney.com\\\/es\\\/abogado-de-motocicletas-limon\\\/#breadcrumb\",\"itemListElement\":[{\"@type\":\"ListItem\",\"position\":1,\"name\":\"Home\",\"item\":\"https:\\\/\\\/www.calemonlawattorney.com\\\/es\\\/\"},{\"@type\":\"ListItem\",\"position\":2,\"name\":\"Abogado de Motocicletas lim\u00f3n\"}]},{\"@type\":\"WebSite\",\"@id\":\"https:\\\/\\\/www.calemonlawattorney.com\\\/es\\\/#website\",\"url\":\"https:\\\/\\\/www.calemonlawattorney.com\\\/es\\\/\",\"name\":\"California Lemon Law Attorney Sotera Anderson\",\"description\":\"Helping California Consumers Get Refunds For Their Crappy Cars\",\"publisher\":{\"@id\":\"https:\\\/\\\/www.calemonlawattorney.com\\\/es\\\/#organization\"},\"potentialAction\":[{\"@type\":\"SearchAction\",\"target\":{\"@type\":\"EntryPoint\",\"urlTemplate\":\"https:\\\/\\\/www.calemonlawattorney.com\\\/es\\\/?s={search_term_string}\"},\"query-input\":{\"@type\":\"PropertyValueSpecification\",\"valueRequired\":true,\"valueName\":\"search_term_string\"}}],\"inLanguage\":\"es\"},{\"@type\":\"Organization\",\"@id\":\"https:\\\/\\\/www.calemonlawattorney.com\\\/es\\\/#organization\",\"name\":\"The Law Offices of Sotera L. Anderson\",\"url\":\"https:\\\/\\\/www.calemonlawattorney.com\\\/es\\\/\",\"logo\":{\"@type\":\"ImageObject\",\"inLanguage\":\"es\",\"@id\":\"https:\\\/\\\/www.calemonlawattorney.com\\\/es\\\/#\\\/schema\\\/logo\\\/image\\\/\",\"url\":\"https:\\\/\\\/www.calemonlawattorney.com\\\/wp-content\\\/uploads\\\/2021\\\/03\\\/CA-Lemon-Law-Attorney-Logo.png\",\"contentUrl\":\"https:\\\/\\\/www.calemonlawattorney.com\\\/wp-content\\\/uploads\\\/2021\\\/03\\\/CA-Lemon-Law-Attorney-Logo.png\",\"width\":2345,\"height\":2345,\"caption\":\"The Law Offices of Sotera L. Anderson\"},\"image\":{\"@id\":\"https:\\\/\\\/www.calemonlawattorney.com\\\/es\\\/#\\\/schema\\\/logo\\\/image\\\/\"},\"sameAs\":[\"https:\\\/\\\/www.facebook.com\\\/lemonlawsotera\",\"https:\\\/\\\/x.com\\\/LemnLawBossLady\"]}]}<\/script>\n<!-- \/ Yoast SEO plugin. -->","yoast_head_json":{"title":"Abogado de Motocicletas lim\u00f3n | Oficinas Legales de Sotera L. Anderson","description":"\u00bfTiene problemas con una motocicleta que todav\u00eda est\u00e1 bajo la garant\u00eda del fabricante? Si es as\u00ed, llame a la abogada de leyes lim\u00f3n Sotera L. Anderson Llame ahora al 310-421-2483","robots":{"index":"index","follow":"follow","max-snippet":"max-snippet:-1","max-image-preview":"max-image-preview:large","max-video-preview":"max-video-preview:-1"},"canonical":"https:\/\/www.calemonlawattorney.com\/es\/abogado-de-motocicletas-limon\/","og_locale":"es_ES","og_type":"article","og_title":"Abogado de Motocicletas lim\u00f3n | Oficinas Legales de Sotera L. Anderson","og_description":"\u00bfTiene problemas con una motocicleta que todav\u00eda est\u00e1 bajo la garant\u00eda del fabricante? Si es as\u00ed, llame a la abogada de leyes lim\u00f3n Sotera L. Anderson Llame ahora al 310-421-2483","og_url":"https:\/\/www.calemonlawattorney.com\/es\/abogado-de-motocicletas-limon\/","og_site_name":"California Lemon Law Attorney Sotera Anderson","article_publisher":"https:\/\/www.facebook.com\/lemonlawsotera","article_modified_time":"2019-12-05T02:52:59+00:00","og_image":[{"url":"https:\/\/calemonlawattorney.com\/wp-content\/uploads\/2019\/07\/5.png","type":"","width":"","height":""}],"twitter_card":"summary_large_image","twitter_site":"@LemnLawBossLady","twitter_misc":{"Tiempo de lectura":"3 minutos"},"schema":{"@context":"https:\/\/schema.org","@graph":[{"@type":"WebPage","@id":"https:\/\/www.calemonlawattorney.com\/es\/abogado-de-motocicletas-limon\/","url":"https:\/\/www.calemonlawattorney.com\/es\/abogado-de-motocicletas-limon\/","name":"Abogado de Motocicletas lim\u00f3n | Oficinas Legales de Sotera L. Anderson","isPartOf":{"@id":"https:\/\/www.calemonlawattorney.com\/es\/#website"},"primaryImageOfPage":{"@id":"https:\/\/www.calemonlawattorney.com\/es\/abogado-de-motocicletas-limon\/#primaryimage"},"image":{"@id":"https:\/\/www.calemonlawattorney.com\/es\/abogado-de-motocicletas-limon\/#primaryimage"},"thumbnailUrl":"https:\/\/calemonlawattorney.com\/wp-content\/uploads\/2019\/07\/5.png","datePublished":"2019-12-05T01:45:10+00:00","dateModified":"2019-12-05T02:52:59+00:00","description":"\u00bfTiene problemas con una motocicleta que todav\u00eda est\u00e1 bajo la garant\u00eda del fabricante? Si es as\u00ed, llame a la abogada de leyes lim\u00f3n Sotera L. Anderson Llame ahora al 310-421-2483","breadcrumb":{"@id":"https:\/\/www.calemonlawattorney.com\/es\/abogado-de-motocicletas-limon\/#breadcrumb"},"inLanguage":"es","potentialAction":[{"@type":"ReadAction","target":["https:\/\/www.calemonlawattorney.com\/es\/abogado-de-motocicletas-limon\/"]}]},{"@type":"ImageObject","inLanguage":"es","@id":"https:\/\/www.calemonlawattorney.com\/es\/abogado-de-motocicletas-limon\/#primaryimage","url":"https:\/\/calemonlawattorney.com\/wp-content\/uploads\/2019\/07\/5.png","contentUrl":"https:\/\/calemonlawattorney.com\/wp-content\/uploads\/2019\/07\/5.png"},{"@type":"BreadcrumbList","@id":"https:\/\/www.calemonlawattorney.com\/es\/abogado-de-motocicletas-limon\/#breadcrumb","itemListElement":[{"@type":"ListItem","position":1,"name":"Home","item":"https:\/\/www.calemonlawattorney.com\/es\/"},{"@type":"ListItem","position":2,"name":"Abogado de Motocicletas lim\u00f3n"}]},{"@type":"WebSite","@id":"https:\/\/www.calemonlawattorney.com\/es\/#website","url":"https:\/\/www.calemonlawattorney.com\/es\/","name":"California Lemon Law Attorney Sotera Anderson","description":"Helping California Consumers Get Refunds For Their Crappy Cars","publisher":{"@id":"https:\/\/www.calemonlawattorney.com\/es\/#organization"},"potentialAction":[{"@type":"SearchAction","target":{"@type":"EntryPoint","urlTemplate":"https:\/\/www.calemonlawattorney.com\/es\/?s={search_term_string}"},"query-input":{"@type":"PropertyValueSpecification","valueRequired":true,"valueName":"search_term_string"}}],"inLanguage":"es"},{"@type":"Organization","@id":"https:\/\/www.calemonlawattorney.com\/es\/#organization","name":"The Law Offices of Sotera L. Anderson","url":"https:\/\/www.calemonlawattorney.com\/es\/","logo":{"@type":"ImageObject","inLanguage":"es","@id":"https:\/\/www.calemonlawattorney.com\/es\/#\/schema\/logo\/image\/","url":"https:\/\/www.calemonlawattorney.com\/wp-content\/uploads\/2021\/03\/CA-Lemon-Law-Attorney-Logo.png","contentUrl":"https:\/\/www.calemonlawattorney.com\/wp-content\/uploads\/2021\/03\/CA-Lemon-Law-Attorney-Logo.png","width":2345,"height":2345,"caption":"The Law Offices of Sotera L. Anderson"},"image":{"@id":"https:\/\/www.calemonlawattorney.com\/es\/#\/schema\/logo\/image\/"},"sameAs":["https:\/\/www.facebook.com\/lemonlawsotera","https:\/\/x.com\/LemnLawBossLady"]}]}},"_links":{"self":[{"href":"https:\/\/www.calemonlawattorney.com\/es\/wp-json\/wp\/v2\/pages\/1693","targetHints":{"allow":["GET"]}}],"collection":[{"href":"https:\/\/www.calemonlawattorney.com\/es\/wp-json\/wp\/v2\/pages"}],"about":[{"href":"https:\/\/www.calemonlawattorney.com\/es\/wp-json\/wp\/v2\/types\/page"}],"author":[{"embeddable":true,"href":"https:\/\/www.calemonlawattorney.com\/es\/wp-json\/wp\/v2\/users\/1"}],"replies":[{"embeddable":true,"href":"https:\/\/www.calemonlawattorney.com\/es\/wp-json\/wp\/v2\/comments?post=1693"}],"version-history":[{"count":4,"href":"https:\/\/www.calemonlawattorney.com\/es\/wp-json\/wp\/v2\/pages\/1693\/revisions"}],"predecessor-version":[{"id":1715,"href":"https:\/\/www.calemonlawattorney.com\/es\/wp-json\/wp\/v2\/pages\/1693\/revisions\/1715"}],"wp:attachment":[{"href":"https:\/\/www.calemonlawattorney.com\/es\/wp-json\/wp\/v2\/media?parent=1693"}],"curies":[{"name":"wp","href":"https:\/\/api.w.org\/{rel}","templated":true}]}}