{"id":1684,"date":"2019-12-05T01:29:38","date_gmt":"2019-12-05T01:29:38","guid":{"rendered":"https:\/\/calemonlawattorney.com\/?page_id=1684"},"modified":"2019-12-05T02:41:29","modified_gmt":"2019-12-05T02:41:29","slug":"abogado-de-volvo-lemon","status":"publish","type":"page","link":"https:\/\/www.calemonlawattorney.com\/es\/abogado-de-volvo-lemon\/","title":{"rendered":"Abogado Volvo Lim\u00f3n"},"content":{"rendered":"<h1 class=\"p1\"><span class=\"s1\">El abogado lim\u00f3n busca justicia para los frustrados propietarios de Volvo en California<\/span><\/h1>\n<div class=\"border-bottom-heading\"><\/div>\n<div class=\"row\">\n<div class=\"col-md-5\">\n<p class=\"p1\"><span class=\"s1\">Las Oficinas Legales de Sotera L. Anderson se comprometen a ayudar a los consumidores que sin saberlo han comprado veh\u00edculos defectuosos, por lo que nuestra pr\u00e1ctica se centra en la ley lim\u00f3n. <\/span><\/p>\n<p>Entendemos que las personas conf\u00edan en sus veh\u00edculos todos los d\u00edas y sabemos c\u00f3mo un autom\u00f3vil poco confiable puede alterar por completo su vida.<\/p>\n<\/div>\n<div class=\"col-md-7\">\n<div class=\"vdo-box\"><iframe loading=\"lazy\" src=\"https:\/\/www.youtube.com\/embed\/ocvhC9VDt8E?rel=0&amp;showinfo=0\" controls=\"0\" width=\"560\" height=\"240\" frameborder=\"0\" allowfullscreen=\"allowfullscreen\"><\/iframe><\/div>\n<p><!--\n\n\n<div class=\"you-btn\"><button type=\"button\" data-toggle=\"modal\" data-target=\"#aboutModal\"><i class=\"fa fa-youtube-play\" aria-hidden=\"true\"><\/i><\/button><\/div>\n\n\n--><br \/>\n<!--\n\n\n<div class=\"modal fade\" id=\"aboutModal\" role=\"dialog\">\n\n\n<div class=\"modal-dialog\">\n\n\n<div class=\"modal-content\">\n\n\n<div class=\"modal-header\">\n          <button type=\"button\" class=\"close\" data-dismiss=\"modal\">&times;<\/button><\/div>\n\n\n\n\n<div class=\"modal-body\">\n         <iframe loading=\"lazy\" width=\"700\" height=\"400\" src=\"https:\/\/www.youtube.com\/embed\/ocvhC9VDt8E?rel=0&amp;showinfo=0\" controls=\"0\" frameborder=\"0\" allow=\"accelerometer; autoplay; encrypted-media; gyroscope; picture-in-picture\" allowfullscreen><\/iframe><\/div>\n\n\n<\/div>\n\n\n<\/div>\n\n\n<\/div>\n\n\n--><\/p>\n<\/div>\n<\/div>\n<div class=\"row\">\n<div class=\"col-md-12\">\n<p class=\"p1\"><span class=\"s1\">Volvo is an automotive manufacturer that is known around the world for producing high quality, safe vehicles. Many consumers choose to spend thousands of dollars on a Volvo vehicle for this very reason. But unfortunately, some consumers quickly regret their decision to purchase or lease a Volvo due to reoccurring issues with their vehicle that the dealer is unable to repair. If this happens to you, it\u2019s important to understand how the lemon law in California protects you.<\/span><\/p>\n<h2 class=\"p3\"><span class=\"s1\">\u00bfSe aplica la Ley lim\u00f3n en California a los veh\u00edculos Volvo?<\/span><\/h2>\n<p class=\"p3\"><span class=\"s1\">La ley clasifica un veh\u00edculo como lim\u00f3n cuando tiene un defecto sustancial que contin\u00faa a pesar de los numerosos intentos de reparaci\u00f3n. El veh\u00edculo nuevo o usado debe haber sido comprado o arrendado a un concesionario y debe estar cubierto por la garant\u00eda del fabricante en el momento en que surgi\u00f3 el primer problema. Si el fabricante o distribuidor no ha podido reparar el defecto despu\u00e9s de varios intentos, debe ejercer sus derechos bajo la ley lim\u00f3n de California.<\/span><\/p>\n<h2 class=\"p1\"><span class=\"s1\">\u00bfA qu\u00e9 tipos de ayuda tiene derecho su Volvo?<\/span><\/h2>\n<p class=\"p1\"><span class=\"s1\">Si confirma que su Volvo es lim\u00f3n, tiene derecho a un trato bajo la ley lim\u00f3n de California. Un abogado puede ayudarlo a obtener una de estas formas de alivio de Volvo:<\/span><\/p>\n<ul class=\"ul1\">\n<li class=\"li1\"><span class=\"s1\">Reembolso: Esto implica que el fabricante o el concesionario recompren su veh\u00edculo y le emitan un reembolso por el pago inicial, los pagos mensuales y las tarifas asociadas con la venta del veh\u00edculo.<\/span><\/li>\n<li class=\"li1\"><span class=\"s1\">Reemplazo: el fabricante reemplazar\u00e1 el lim\u00f3n con un veh\u00edculo sustancialmente similar que, con suerte, no sufrir\u00e1 los mismos defectos cr\u00f3nicos.<\/span><\/li>\n<li class=\"li1\"><span class=\"s1\">Liquidaci\u00f3n en efectivo: puede quedarse con el lim\u00f3n y recibir una liquidaci\u00f3n en efectivo. <\/span><\/li>\n<\/ul>\n<p class=\"p1\"><span class=\"s1\">No es f\u00e1cil obtener la indemnizaci\u00f3n a la que tiene derecho por ley. Las compa\u00f1\u00edas como Volvo utilizan muchas t\u00e1cticas para evitar darle lo que se merece, por lo que debe contratar a un abogado experto en leyes lim\u00f3n para que lo ayude con su reclamo.<\/span><\/p>\n<h2 class=\"p1\"><span class=\"s1\">\u00bfQu\u00e9 modelos de Volvo han sido reportados como limones?<\/span><\/h2>\n<p class=\"p1\"><span class=\"s1\">Muchas personas suponen que los fabricantes de gama alta como Volvo nunca producen limones, pero ese no es el caso. Algunos de los modelos de Volvo que los consumidores suelen informar incluyen:<\/span><\/p>\n<ul class=\"ul1\">\n<li class=\"li1\"><span class=\"s1\">C30<\/span><\/li>\n<li class=\"li1\"><span class=\"s1\">C70<\/span><\/li>\n<li class=\"li1\"><span class=\"s1\">S40<\/span><\/li>\n<li class=\"li1\"><span class=\"s1\">S60<\/span><\/li>\n<li class=\"li1\"><span class=\"s1\">S80<\/span><\/li>\n<li class=\"li1\"><span class=\"s1\">V50<\/span><\/li>\n<\/ul>\n<p class=\"p1\"><span class=\"s1\">Si tiene problemas recurrentes con cualquier modelo, incluso si no est\u00e1 incluido en la lista anterior, busque de inmediato una representaci\u00f3n legal de Sotera L. Anderson.<\/span><\/p>\n<h2 class=\"p1\"><span class=\"s1\">Busque representaci\u00f3n legal de un abogado experimentado en limones Volvo hoy<\/span><\/h2>\n<p class=\"p1\"><span class=\"s1\"><img decoding=\"async\" class=\"alignleft size-full wp-image-37\" src=\"https:\/\/calemonlawattorney.com\/wp-content\/uploads\/2019\/07\/4.png\" alt=\"\" width=\"450\" height=\"100%\" \/>\u00bfSe est\u00e1 sintiendo cada vez m\u00e1s frustrado debido a los muchos problemas de su Volvo? Si cree que su Volvo es lim\u00f3n, le conviene buscar la representaci\u00f3n legal de la abogada Sotera L. Anderson de inmediato. La Sra. Anderson comprende c\u00f3mo un veh\u00edculo poco confiable puede afectar su vida, por lo que trabaja incansablemente para resolver los reclamos de sus clientes lo m\u00e1s r\u00e1pido posible. D\u00e9jela ir cara a cara con Volvo para asegurar el reembolso o el reemplazo que merece. Para programar una consulta gratuita, llame a nuestra firma de abogados al 1-855-96-LEMON o env\u00ede su informaci\u00f3n a trav\u00e9s del formulario en este sitio web.<\/span><\/p>\n<p>&nbsp;<\/p>\n<div itemscope itemtype=\"http:\/\/schema.org\/NewsArticle\"><meta itemprop=\"datePublished\" content=\"diciembre 5, 2019\">\n    \t\t   <meta itemprop=\"dateModified\" content=\"diciembre 5, 2019\"><\/div>","protected":false},"excerpt":{"rendered":"<p>El abogado lim\u00f3n busca justicia para los frustrados propietarios de Volvo en California Las Oficinas Legales de Sotera L. Anderson se comprometen a ayudar a los consumidores que sin saberlo han comprado veh\u00edculos defectuosos, por lo que nuestra pr\u00e1ctica se centra en la ley lim\u00f3n. Entendemos que las personas conf\u00edan en sus veh\u00edculos todos los [&hellip;]<\/p>\n","protected":false},"author":1,"featured_media":0,"parent":0,"menu_order":0,"comment_status":"closed","ping_status":"closed","template":"coustumepagewithsidebar.php","meta":{"_coblocks_attr":"","_coblocks_dimensions":"","_coblocks_responsive_height":"","_coblocks_accordion_ie_support":"","inline_featured_image":false,"footnotes":""},"class_list":["post-1684","page","type-page","status-publish","hentry"],"yoast_head":"<!-- This site is optimized with the Yoast SEO plugin v27.4 - https:\/\/yoast.com\/product\/yoast-seo-wordpress\/ -->\n<title>Abogado Volvo Lim\u00f3n | Oficinas Legales de Sotera L. Anderson | California<\/title>\n<meta name=\"description\" content=\"Las Oficinas Legales de Sotera L. Anderson ayudan a los propietarios de Volvo a buscar justicia en los casos de ley lim\u00f3n. Ayudamos a quienes sin saberlo han comprado veh\u00edculos defectuosos.\" \/>\n<meta name=\"robots\" content=\"index, follow, max-snippet:-1, max-image-preview:large, max-video-preview:-1\" \/>\n<link rel=\"canonical\" href=\"https:\/\/www.calemonlawattorney.com\/es\/abogado-de-volvo-lemon\/\" \/>\n<meta property=\"og:locale\" content=\"es_ES\" \/>\n<meta property=\"og:type\" content=\"article\" \/>\n<meta property=\"og:title\" content=\"Abogado Volvo Lim\u00f3n | Oficinas Legales de Sotera L. Anderson | California\" \/>\n<meta property=\"og:description\" content=\"Las Oficinas Legales de Sotera L. Anderson ayudan a los propietarios de Volvo a buscar justicia en los casos de ley lim\u00f3n. Ayudamos a quienes sin saberlo han comprado veh\u00edculos defectuosos.\" \/>\n<meta property=\"og:url\" content=\"https:\/\/www.calemonlawattorney.com\/es\/abogado-de-volvo-lemon\/\" \/>\n<meta property=\"og:site_name\" content=\"California Lemon Law Attorney Sotera Anderson\" \/>\n<meta property=\"article:publisher\" content=\"https:\/\/www.facebook.com\/lemonlawsotera\" \/>\n<meta property=\"article:modified_time\" content=\"2019-12-05T02:41:29+00:00\" \/>\n<meta property=\"og:image\" content=\"https:\/\/calemonlawattorney.com\/wp-content\/uploads\/2019\/07\/4.png\" \/>\n<meta name=\"twitter:card\" content=\"summary_large_image\" \/>\n<meta name=\"twitter:site\" content=\"@LemnLawBossLady\" \/>\n<meta name=\"twitter:label1\" content=\"Tiempo de lectura\" \/>\n\t<meta name=\"twitter:data1\" content=\"3 minutos\" \/>\n<script type=\"application\/ld+json\" class=\"yoast-schema-graph\">{\"@context\":\"https:\\\/\\\/schema.org\",\"@graph\":[{\"@type\":\"WebPage\",\"@id\":\"https:\\\/\\\/www.calemonlawattorney.com\\\/es\\\/abogado-de-volvo-lemon\\\/\",\"url\":\"https:\\\/\\\/www.calemonlawattorney.com\\\/es\\\/abogado-de-volvo-lemon\\\/\",\"name\":\"Abogado Volvo Lim\u00f3n | Oficinas Legales de Sotera L. Anderson | California\",\"isPartOf\":{\"@id\":\"https:\\\/\\\/www.calemonlawattorney.com\\\/es\\\/#website\"},\"primaryImageOfPage\":{\"@id\":\"https:\\\/\\\/www.calemonlawattorney.com\\\/es\\\/abogado-de-volvo-lemon\\\/#primaryimage\"},\"image\":{\"@id\":\"https:\\\/\\\/www.calemonlawattorney.com\\\/es\\\/abogado-de-volvo-lemon\\\/#primaryimage\"},\"thumbnailUrl\":\"https:\\\/\\\/calemonlawattorney.com\\\/wp-content\\\/uploads\\\/2019\\\/07\\\/4.png\",\"datePublished\":\"2019-12-05T01:29:38+00:00\",\"dateModified\":\"2019-12-05T02:41:29+00:00\",\"description\":\"Las Oficinas Legales de Sotera L. Anderson ayudan a los propietarios de Volvo a buscar justicia en los casos de ley lim\u00f3n. Ayudamos a quienes sin saberlo han comprado veh\u00edculos defectuosos.\",\"breadcrumb\":{\"@id\":\"https:\\\/\\\/www.calemonlawattorney.com\\\/es\\\/abogado-de-volvo-lemon\\\/#breadcrumb\"},\"inLanguage\":\"es\",\"potentialAction\":[{\"@type\":\"ReadAction\",\"target\":[\"https:\\\/\\\/www.calemonlawattorney.com\\\/es\\\/abogado-de-volvo-lemon\\\/\"]}]},{\"@type\":\"ImageObject\",\"inLanguage\":\"es\",\"@id\":\"https:\\\/\\\/www.calemonlawattorney.com\\\/es\\\/abogado-de-volvo-lemon\\\/#primaryimage\",\"url\":\"https:\\\/\\\/calemonlawattorney.com\\\/wp-content\\\/uploads\\\/2019\\\/07\\\/4.png\",\"contentUrl\":\"https:\\\/\\\/calemonlawattorney.com\\\/wp-content\\\/uploads\\\/2019\\\/07\\\/4.png\"},{\"@type\":\"BreadcrumbList\",\"@id\":\"https:\\\/\\\/www.calemonlawattorney.com\\\/es\\\/abogado-de-volvo-lemon\\\/#breadcrumb\",\"itemListElement\":[{\"@type\":\"ListItem\",\"position\":1,\"name\":\"Home\",\"item\":\"https:\\\/\\\/www.calemonlawattorney.com\\\/es\\\/\"},{\"@type\":\"ListItem\",\"position\":2,\"name\":\"Abogado Volvo Lim\u00f3n\"}]},{\"@type\":\"WebSite\",\"@id\":\"https:\\\/\\\/www.calemonlawattorney.com\\\/es\\\/#website\",\"url\":\"https:\\\/\\\/www.calemonlawattorney.com\\\/es\\\/\",\"name\":\"California Lemon Law Attorney Sotera Anderson\",\"description\":\"Helping California Consumers Get Refunds For Their Crappy Cars\",\"publisher\":{\"@id\":\"https:\\\/\\\/www.calemonlawattorney.com\\\/es\\\/#organization\"},\"potentialAction\":[{\"@type\":\"SearchAction\",\"target\":{\"@type\":\"EntryPoint\",\"urlTemplate\":\"https:\\\/\\\/www.calemonlawattorney.com\\\/es\\\/?s={search_term_string}\"},\"query-input\":{\"@type\":\"PropertyValueSpecification\",\"valueRequired\":true,\"valueName\":\"search_term_string\"}}],\"inLanguage\":\"es\"},{\"@type\":\"Organization\",\"@id\":\"https:\\\/\\\/www.calemonlawattorney.com\\\/es\\\/#organization\",\"name\":\"The Law Offices of Sotera L. Anderson\",\"url\":\"https:\\\/\\\/www.calemonlawattorney.com\\\/es\\\/\",\"logo\":{\"@type\":\"ImageObject\",\"inLanguage\":\"es\",\"@id\":\"https:\\\/\\\/www.calemonlawattorney.com\\\/es\\\/#\\\/schema\\\/logo\\\/image\\\/\",\"url\":\"https:\\\/\\\/www.calemonlawattorney.com\\\/wp-content\\\/uploads\\\/2021\\\/03\\\/CA-Lemon-Law-Attorney-Logo.png\",\"contentUrl\":\"https:\\\/\\\/www.calemonlawattorney.com\\\/wp-content\\\/uploads\\\/2021\\\/03\\\/CA-Lemon-Law-Attorney-Logo.png\",\"width\":2345,\"height\":2345,\"caption\":\"The Law Offices of Sotera L. Anderson\"},\"image\":{\"@id\":\"https:\\\/\\\/www.calemonlawattorney.com\\\/es\\\/#\\\/schema\\\/logo\\\/image\\\/\"},\"sameAs\":[\"https:\\\/\\\/www.facebook.com\\\/lemonlawsotera\",\"https:\\\/\\\/x.com\\\/LemnLawBossLady\"]}]}<\/script>\n<!-- \/ Yoast SEO plugin. -->","yoast_head_json":{"title":"Abogado Volvo Lim\u00f3n | Oficinas Legales de Sotera L. Anderson | California","description":"Las Oficinas Legales de Sotera L. Anderson ayudan a los propietarios de Volvo a buscar justicia en los casos de ley lim\u00f3n. Ayudamos a quienes sin saberlo han comprado veh\u00edculos defectuosos.","robots":{"index":"index","follow":"follow","max-snippet":"max-snippet:-1","max-image-preview":"max-image-preview:large","max-video-preview":"max-video-preview:-1"},"canonical":"https:\/\/www.calemonlawattorney.com\/es\/abogado-de-volvo-lemon\/","og_locale":"es_ES","og_type":"article","og_title":"Abogado Volvo Lim\u00f3n | Oficinas Legales de Sotera L. Anderson | California","og_description":"Las Oficinas Legales de Sotera L. Anderson ayudan a los propietarios de Volvo a buscar justicia en los casos de ley lim\u00f3n. Ayudamos a quienes sin saberlo han comprado veh\u00edculos defectuosos.","og_url":"https:\/\/www.calemonlawattorney.com\/es\/abogado-de-volvo-lemon\/","og_site_name":"California Lemon Law Attorney Sotera Anderson","article_publisher":"https:\/\/www.facebook.com\/lemonlawsotera","article_modified_time":"2019-12-05T02:41:29+00:00","og_image":[{"url":"https:\/\/calemonlawattorney.com\/wp-content\/uploads\/2019\/07\/4.png","type":"","width":"","height":""}],"twitter_card":"summary_large_image","twitter_site":"@LemnLawBossLady","twitter_misc":{"Tiempo de lectura":"3 minutos"},"schema":{"@context":"https:\/\/schema.org","@graph":[{"@type":"WebPage","@id":"https:\/\/www.calemonlawattorney.com\/es\/abogado-de-volvo-lemon\/","url":"https:\/\/www.calemonlawattorney.com\/es\/abogado-de-volvo-lemon\/","name":"Abogado Volvo Lim\u00f3n | Oficinas Legales de Sotera L. Anderson | California","isPartOf":{"@id":"https:\/\/www.calemonlawattorney.com\/es\/#website"},"primaryImageOfPage":{"@id":"https:\/\/www.calemonlawattorney.com\/es\/abogado-de-volvo-lemon\/#primaryimage"},"image":{"@id":"https:\/\/www.calemonlawattorney.com\/es\/abogado-de-volvo-lemon\/#primaryimage"},"thumbnailUrl":"https:\/\/calemonlawattorney.com\/wp-content\/uploads\/2019\/07\/4.png","datePublished":"2019-12-05T01:29:38+00:00","dateModified":"2019-12-05T02:41:29+00:00","description":"Las Oficinas Legales de Sotera L. Anderson ayudan a los propietarios de Volvo a buscar justicia en los casos de ley lim\u00f3n. Ayudamos a quienes sin saberlo han comprado veh\u00edculos defectuosos.","breadcrumb":{"@id":"https:\/\/www.calemonlawattorney.com\/es\/abogado-de-volvo-lemon\/#breadcrumb"},"inLanguage":"es","potentialAction":[{"@type":"ReadAction","target":["https:\/\/www.calemonlawattorney.com\/es\/abogado-de-volvo-lemon\/"]}]},{"@type":"ImageObject","inLanguage":"es","@id":"https:\/\/www.calemonlawattorney.com\/es\/abogado-de-volvo-lemon\/#primaryimage","url":"https:\/\/calemonlawattorney.com\/wp-content\/uploads\/2019\/07\/4.png","contentUrl":"https:\/\/calemonlawattorney.com\/wp-content\/uploads\/2019\/07\/4.png"},{"@type":"BreadcrumbList","@id":"https:\/\/www.calemonlawattorney.com\/es\/abogado-de-volvo-lemon\/#breadcrumb","itemListElement":[{"@type":"ListItem","position":1,"name":"Home","item":"https:\/\/www.calemonlawattorney.com\/es\/"},{"@type":"ListItem","position":2,"name":"Abogado Volvo Lim\u00f3n"}]},{"@type":"WebSite","@id":"https:\/\/www.calemonlawattorney.com\/es\/#website","url":"https:\/\/www.calemonlawattorney.com\/es\/","name":"California Lemon Law Attorney Sotera Anderson","description":"Helping California Consumers Get Refunds For Their Crappy Cars","publisher":{"@id":"https:\/\/www.calemonlawattorney.com\/es\/#organization"},"potentialAction":[{"@type":"SearchAction","target":{"@type":"EntryPoint","urlTemplate":"https:\/\/www.calemonlawattorney.com\/es\/?s={search_term_string}"},"query-input":{"@type":"PropertyValueSpecification","valueRequired":true,"valueName":"search_term_string"}}],"inLanguage":"es"},{"@type":"Organization","@id":"https:\/\/www.calemonlawattorney.com\/es\/#organization","name":"The Law Offices of Sotera L. Anderson","url":"https:\/\/www.calemonlawattorney.com\/es\/","logo":{"@type":"ImageObject","inLanguage":"es","@id":"https:\/\/www.calemonlawattorney.com\/es\/#\/schema\/logo\/image\/","url":"https:\/\/www.calemonlawattorney.com\/wp-content\/uploads\/2021\/03\/CA-Lemon-Law-Attorney-Logo.png","contentUrl":"https:\/\/www.calemonlawattorney.com\/wp-content\/uploads\/2021\/03\/CA-Lemon-Law-Attorney-Logo.png","width":2345,"height":2345,"caption":"The Law Offices of Sotera L. Anderson"},"image":{"@id":"https:\/\/www.calemonlawattorney.com\/es\/#\/schema\/logo\/image\/"},"sameAs":["https:\/\/www.facebook.com\/lemonlawsotera","https:\/\/x.com\/LemnLawBossLady"]}]}},"_links":{"self":[{"href":"https:\/\/www.calemonlawattorney.com\/es\/wp-json\/wp\/v2\/pages\/1684","targetHints":{"allow":["GET"]}}],"collection":[{"href":"https:\/\/www.calemonlawattorney.com\/es\/wp-json\/wp\/v2\/pages"}],"about":[{"href":"https:\/\/www.calemonlawattorney.com\/es\/wp-json\/wp\/v2\/types\/page"}],"author":[{"embeddable":true,"href":"https:\/\/www.calemonlawattorney.com\/es\/wp-json\/wp\/v2\/users\/1"}],"replies":[{"embeddable":true,"href":"https:\/\/www.calemonlawattorney.com\/es\/wp-json\/wp\/v2\/comments?post=1684"}],"version-history":[{"count":2,"href":"https:\/\/www.calemonlawattorney.com\/es\/wp-json\/wp\/v2\/pages\/1684\/revisions"}],"predecessor-version":[{"id":1711,"href":"https:\/\/www.calemonlawattorney.com\/es\/wp-json\/wp\/v2\/pages\/1684\/revisions\/1711"}],"wp:attachment":[{"href":"https:\/\/www.calemonlawattorney.com\/es\/wp-json\/wp\/v2\/media?parent=1684"}],"curies":[{"name":"wp","href":"https:\/\/api.w.org\/{rel}","templated":true}]}}