{"id":1681,"date":"2019-12-05T01:18:16","date_gmt":"2019-12-05T01:18:16","guid":{"rendered":"https:\/\/calemonlawattorney.com\/?page_id=1681"},"modified":"2019-12-05T01:18:16","modified_gmt":"2019-12-05T01:18:16","slug":"abogado-de-bmw-limon","status":"publish","type":"page","link":"https:\/\/www.calemonlawattorney.com\/es\/abogado-de-bmw-limon\/","title":{"rendered":"abogado de bmw lim\u00f3n"},"content":{"rendered":"<h1 class=\"p1\"><span class=\"s1\">EAbogado experimentado que ayuda a los propietarios de BMW a hacer cumplir las leyes lim\u00f3n en California<\/span><\/h1>\n<div class=\"border-bottom-heading\"><\/div>\n<div class=\"row\">\n<div class=\"col-md-5\">\n<p class=\"p1\"><span class=\"s1\">Las Oficinas Legales de Sotera L. Anderson se comprometen a ayudar a los consumidores que sin saberlo han comprado veh\u00edculos defectuosos, por lo que nuestra pr\u00e1ctica se centra en la ley del lim\u00f3n. <\/span><\/p>\n<p>Entendemos que las personas conf\u00edan mucho en sus veh\u00edculos todos los d\u00edas y sabemos c\u00f3mo un autom\u00f3vil poco confiable puede alterar por completo su vida.<\/p>\n<\/div>\n<div class=\"col-md-7\">\n<div class=\"vdo-box\"><iframe loading=\"lazy\" src=\"https:\/\/www.youtube.com\/embed\/ocvhC9VDt8E?rel=0&amp;showinfo=0\" controls=\"0\" width=\"560\" height=\"240\" frameborder=\"0\" allowfullscreen=\"allowfullscreen\"><\/iframe><\/div>\n<p><!--\n\n\n<div class=\"you-btn\"><button type=\"button\" data-toggle=\"modal\" data-target=\"#aboutModal\"><i class=\"fa fa-youtube-play\" aria-hidden=\"true\"><\/i><\/button><\/div>\n\n\n--><br \/>\n<!--\n\n\n<div class=\"modal fade\" id=\"aboutModal\" role=\"dialog\">\n\n\n<div class=\"modal-dialog\">\n\n\n<div class=\"modal-content\">\n\n\n<div class=\"modal-header\">\n          <button type=\"button\" class=\"close\" data-dismiss=\"modal\">&times;<\/button><\/div>\n\n\n\n\n<div class=\"modal-body\">\n         <iframe loading=\"lazy\" width=\"700\" height=\"400\" src=\"https:\/\/www.youtube.com\/embed\/ocvhC9VDt8E?rel=0&amp;showinfo=0\" controls=\"0\" frameborder=\"0\" allow=\"accelerometer; autoplay; encrypted-media; gyroscope; picture-in-picture\" allowfullscreen><\/iframe><\/div>\n\n\n<\/div>\n\n\n<\/div>\n\n\n<\/div>\n\n\n--><\/p>\n<\/div>\n<\/div>\n<div class=\"row\">\n<div class=\"col-md-12\">\n<p class=\"p1\"><span class=\"s1\">Muchas personas son leales a la marca BMW o tienen el objetivo de alg\u00fan d\u00eda tener un BMW. Demasiadas personas finalmente compran el auto de sus sue\u00f1os, solo para descubrir que el veh\u00edculo tiene un problema cr\u00f3nico. Despu\u00e9s de varios viajes al concesionario BMW, puede quedar claro que los t\u00e9cnicos all\u00ed no pueden solucionar el problema.<\/span><\/p>\n<p class=\"p1\"><span class=\"s1\">M\u00faltiples intentos de reparaci\u00f3n y el tiempo sin su veh\u00edculo pueden volverse irritantes. En algunas situaciones, los problemas con su veh\u00edculo pueden incluso crear riesgos de seguridad y ponerlo en peligro si contin\u00faa conduciendo el veh\u00edculo. Afortunadamente, el estado de California cuenta con leyes de protecci\u00f3n al consumidor que protegen a quienes, sin saberlo, compran productos defectuosos que un fabricante no puede reparar.<\/span><\/p>\n<h2 class=\"p1 bold-font\"><span class=\"s1\">\u00bfSe aplica la Ley lim\u00f3n a los veh\u00edculos BMW?<\/span><\/h2>\n<p class=\"p1\"><span class=\"s1\">La ley lim\u00f3n se aplica a autom\u00f3viles nuevos o usados, SUV, camiones, camionetas y otros veh\u00edculos que cumplan con las siguientes condiciones:<\/span><\/p>\n<ul class=\"ul1\">\n<li class=\"li1\"><span class=\"s1\">El veh\u00edculo fue comprado o arrendado de un concesionario en California. <\/span><\/li>\n<li class=\"li1\"><span class=\"s1\">El veh\u00edculo est\u00e1 cubierto por la garant\u00eda del fabricante.<\/span><\/li>\n<li class=\"li1\"><span class=\"s1\">THay un problema sustancial con el veh\u00edculo que no se ha solucionado despu\u00e9s de m\u00faltiples intentos de reparaci\u00f3n.<\/span><\/li>\n<li class=\"li1\"><span class=\"s1\">El problema es tan importante que afecta el uso, el valor o la seguridad del veh\u00edculo.<\/span><\/li>\n<\/ul>\n<p class=\"p1\"><span class=\"s1\">Si su veh\u00edculo BMW cumple con estas condiciones, es lim\u00f3n, lo que significa que podr\u00eda tener derecho a un reembolso o reemplazo del veh\u00edculo<\/span><\/p>\n<h2 class=\"p1 bold-font\"><span class=\"s1\">\u00bfQu\u00e9 modelos de BMW han sido reportados como limones?<\/span><\/h2>\n<p class=\"p1\"><span class=\"s1\">Los consumidores en California han reportado varios modelos diferentes de BMW como limones, incluyendo:<\/span><\/p>\n<ul class=\"ul1\">\n<li class=\"li1\"><span class=\"s1\">135i<\/span><\/li>\n<li class=\"li1\"><span class=\"s1\">335i<\/span><\/li>\n<li class=\"li1\"><span class=\"s1\">535i<\/span><\/li>\n<li class=\"li1\"><span class=\"s1\">Z4 Roadster<\/span><\/li>\n<li class=\"li1\"><span class=\"s1\">5 Series<\/span><\/li>\n<li class=\"li1\"><span class=\"s1\">7 Series<\/span><\/li>\n<li class=\"li1\"><span class=\"s1\">1 Series Coupe<\/span><\/li>\n<li class=\"li1\"><span class=\"s1\">X6 xDrive35i Sports Activity Coupe<\/span><\/li>\n<li class=\"li3\"><span class=\"s3\">X5<\/span><\/li>\n<li class=\"li3\"><span class=\"s3\">X6<\/span><\/li>\n<\/ul>\n<p class=\"p1\"><span class=\"s1\">Estos son los modelos BMW m\u00e1s com\u00fanmente reportados, pero la verdad es que cualquier BMW podr\u00eda ser lim\u00f3n. Si sospecha que su BMW es lim\u00f3n, es mejor discutir su caso con un abogado para determinar si est\u00e1 cubierto por la Ley lim\u00f3n de California.<\/span><\/p>\n<h2 class=\"p5 bold-font\"><span class=\"s1\">HC\u00f3mo un abogado puede ayudarlo a resolver un reclamo de la Ley lim\u00f3n con BMW<\/span><\/h2>\n<p class=\"p1\"><span class=\"s1\"><img decoding=\"async\" class=\"alignleft size-full wp-image-37\" src=\"https:\/\/calemonlawattorney.com\/wp-content\/uploads\/2019\/05\/left-image01.png\" alt=\"\" width=\"450\" height=\"100%\" srcset=\"https:\/\/www.calemonlawattorney.com\/wp-content\/uploads\/2019\/05\/left-image01.png 822w, https:\/\/www.calemonlawattorney.com\/wp-content\/uploads\/2019\/05\/left-image01-300x195.png 300w, https:\/\/www.calemonlawattorney.com\/wp-content\/uploads\/2019\/05\/left-image01-768x499.png 768w\" sizes=\"(max-width: 822px) 100vw, 822px\" \/>Los consumidores deben saber que resolver un reclamo de Ley lim\u00f3n con BMW no es f\u00e1cil. De hecho, puede ser muy dif\u00edcil lograr que BMW apruebe un reclamo de Ley lim\u00f3n. Los propietarios de BMW a menudo no tienen otra opci\u00f3n que presentar una demanda o participar en una resoluci\u00f3n alternativa de disputas para tener \u00e9xito en un reclamo de Ley lim\u00f3n de BMW. No navegue solo por este complejo proceso legal: busque la representaci\u00f3n legal de un abogado experimentado que pueda guiarlo a trav\u00e9s del proceso y llegar a una resoluci\u00f3n favorable..<\/span><\/p>\n<h2 class=\"p5 bold-font\"><span class=\"s1\">Discuta sus opciones legales con un abogado experimentado en la Ley Lim\u00f3n hoy<\/span><\/h2>\n<p class=\"p5\"><span class=\"s1\">Si posee o alquila un BMW que tiene problemas recurrentes, es importante buscar representaci\u00f3n legal de las Oficinas Legales de Sotera L. Anderson de inmediato. Sotera L. Anderson representa los derechos de sus clientes, en la corte, si es necesario, cuando los fabricantes no cumplan con la ley. Ella ha ayudado a innumerables clientes a obtener reembolsos o reemplazos por sus limones BMW. Deja que te ayude a alcanzar una resoluci\u00f3n r\u00e1pida en tu caso. Para programar una consulta gratuita, llame al 1-855-96-LEMON o complete el formulario en este sitio web. <\/span><\/p>\n<div itemscope itemtype=\"http:\/\/schema.org\/NewsArticle\"><meta itemprop=\"datePublished\" content=\"diciembre 5, 2019\">\n    \t\t   <meta itemprop=\"dateModified\" content=\"diciembre 5, 2019\"><\/div>","protected":false},"excerpt":{"rendered":"<p>EAbogado experimentado que ayuda a los propietarios de BMW a hacer cumplir las leyes lim\u00f3n en California Las Oficinas Legales de Sotera L. Anderson se comprometen a ayudar a los consumidores que sin saberlo han comprado veh\u00edculos defectuosos, por lo que nuestra pr\u00e1ctica se centra en la ley del lim\u00f3n. Entendemos que las personas conf\u00edan [&hellip;]<\/p>\n","protected":false},"author":1,"featured_media":0,"parent":0,"menu_order":0,"comment_status":"closed","ping_status":"closed","template":"coustumepagewithsidebar.php","meta":{"_coblocks_attr":"","_coblocks_dimensions":"","_coblocks_responsive_height":"","_coblocks_accordion_ie_support":"","inline_featured_image":false,"footnotes":""},"class_list":["post-1681","page","type-page","status-publish","hentry"],"yoast_head":"<!-- This site is optimized with the Yoast SEO plugin v27.4 - https:\/\/yoast.com\/product\/yoast-seo-wordpress\/ -->\n<title>Abogado de BMW Lemon | Oficinas Legales de Sotera L. Anderson | California<\/title>\n<meta name=\"description\" content=\"Las Oficinas Legales de Sotera L. Anderson ayudan a los propietarios de BMW a buscar justicia en los casos de Ley lim\u00f3n. Ayudamos a quienes sin saberlo han comprado veh\u00edculos defectuosos.\" \/>\n<meta name=\"robots\" content=\"index, follow, max-snippet:-1, max-image-preview:large, max-video-preview:-1\" \/>\n<link rel=\"canonical\" href=\"https:\/\/www.calemonlawattorney.com\/es\/abogado-de-bmw-limon\/\" \/>\n<meta property=\"og:locale\" content=\"es_ES\" \/>\n<meta property=\"og:type\" content=\"article\" \/>\n<meta property=\"og:title\" content=\"Abogado de BMW Lemon | Oficinas Legales de Sotera L. Anderson | California\" \/>\n<meta property=\"og:description\" content=\"Las Oficinas Legales de Sotera L. Anderson ayudan a los propietarios de BMW a buscar justicia en los casos de Ley lim\u00f3n. Ayudamos a quienes sin saberlo han comprado veh\u00edculos defectuosos.\" \/>\n<meta property=\"og:url\" content=\"https:\/\/www.calemonlawattorney.com\/es\/abogado-de-bmw-limon\/\" \/>\n<meta property=\"og:site_name\" content=\"California Lemon Law Attorney Sotera Anderson\" \/>\n<meta property=\"article:publisher\" content=\"https:\/\/www.facebook.com\/lemonlawsotera\" \/>\n<meta property=\"og:image\" content=\"https:\/\/calemonlawattorney.com\/wp-content\/uploads\/2019\/05\/left-image01.png\" \/>\n<meta name=\"twitter:card\" content=\"summary_large_image\" \/>\n<meta name=\"twitter:site\" content=\"@LemnLawBossLady\" \/>\n<meta name=\"twitter:label1\" content=\"Tiempo de lectura\" \/>\n\t<meta name=\"twitter:data1\" content=\"3 minutos\" \/>\n<script type=\"application\/ld+json\" class=\"yoast-schema-graph\">{\"@context\":\"https:\\\/\\\/schema.org\",\"@graph\":[{\"@type\":\"WebPage\",\"@id\":\"https:\\\/\\\/www.calemonlawattorney.com\\\/es\\\/abogado-de-bmw-limon\\\/\",\"url\":\"https:\\\/\\\/www.calemonlawattorney.com\\\/es\\\/abogado-de-bmw-limon\\\/\",\"name\":\"Abogado de BMW Lemon | Oficinas Legales de Sotera L. Anderson | California\",\"isPartOf\":{\"@id\":\"https:\\\/\\\/www.calemonlawattorney.com\\\/es\\\/#website\"},\"primaryImageOfPage\":{\"@id\":\"https:\\\/\\\/www.calemonlawattorney.com\\\/es\\\/abogado-de-bmw-limon\\\/#primaryimage\"},\"image\":{\"@id\":\"https:\\\/\\\/www.calemonlawattorney.com\\\/es\\\/abogado-de-bmw-limon\\\/#primaryimage\"},\"thumbnailUrl\":\"https:\\\/\\\/calemonlawattorney.com\\\/wp-content\\\/uploads\\\/2019\\\/05\\\/left-image01.png\",\"datePublished\":\"2019-12-05T01:18:16+00:00\",\"description\":\"Las Oficinas Legales de Sotera L. Anderson ayudan a los propietarios de BMW a buscar justicia en los casos de Ley lim\u00f3n. Ayudamos a quienes sin saberlo han comprado veh\u00edculos defectuosos.\",\"breadcrumb\":{\"@id\":\"https:\\\/\\\/www.calemonlawattorney.com\\\/es\\\/abogado-de-bmw-limon\\\/#breadcrumb\"},\"inLanguage\":\"es\",\"potentialAction\":[{\"@type\":\"ReadAction\",\"target\":[\"https:\\\/\\\/www.calemonlawattorney.com\\\/es\\\/abogado-de-bmw-limon\\\/\"]}]},{\"@type\":\"ImageObject\",\"inLanguage\":\"es\",\"@id\":\"https:\\\/\\\/www.calemonlawattorney.com\\\/es\\\/abogado-de-bmw-limon\\\/#primaryimage\",\"url\":\"https:\\\/\\\/calemonlawattorney.com\\\/wp-content\\\/uploads\\\/2019\\\/05\\\/left-image01.png\",\"contentUrl\":\"https:\\\/\\\/calemonlawattorney.com\\\/wp-content\\\/uploads\\\/2019\\\/05\\\/left-image01.png\"},{\"@type\":\"BreadcrumbList\",\"@id\":\"https:\\\/\\\/www.calemonlawattorney.com\\\/es\\\/abogado-de-bmw-limon\\\/#breadcrumb\",\"itemListElement\":[{\"@type\":\"ListItem\",\"position\":1,\"name\":\"Home\",\"item\":\"https:\\\/\\\/www.calemonlawattorney.com\\\/es\\\/\"},{\"@type\":\"ListItem\",\"position\":2,\"name\":\"abogado de bmw lim\u00f3n\"}]},{\"@type\":\"WebSite\",\"@id\":\"https:\\\/\\\/www.calemonlawattorney.com\\\/es\\\/#website\",\"url\":\"https:\\\/\\\/www.calemonlawattorney.com\\\/es\\\/\",\"name\":\"California Lemon Law Attorney Sotera Anderson\",\"description\":\"Helping California Consumers Get Refunds For Their Crappy Cars\",\"publisher\":{\"@id\":\"https:\\\/\\\/www.calemonlawattorney.com\\\/es\\\/#organization\"},\"potentialAction\":[{\"@type\":\"SearchAction\",\"target\":{\"@type\":\"EntryPoint\",\"urlTemplate\":\"https:\\\/\\\/www.calemonlawattorney.com\\\/es\\\/?s={search_term_string}\"},\"query-input\":{\"@type\":\"PropertyValueSpecification\",\"valueRequired\":true,\"valueName\":\"search_term_string\"}}],\"inLanguage\":\"es\"},{\"@type\":\"Organization\",\"@id\":\"https:\\\/\\\/www.calemonlawattorney.com\\\/es\\\/#organization\",\"name\":\"The Law Offices of Sotera L. Anderson\",\"url\":\"https:\\\/\\\/www.calemonlawattorney.com\\\/es\\\/\",\"logo\":{\"@type\":\"ImageObject\",\"inLanguage\":\"es\",\"@id\":\"https:\\\/\\\/www.calemonlawattorney.com\\\/es\\\/#\\\/schema\\\/logo\\\/image\\\/\",\"url\":\"https:\\\/\\\/www.calemonlawattorney.com\\\/wp-content\\\/uploads\\\/2021\\\/03\\\/CA-Lemon-Law-Attorney-Logo.png\",\"contentUrl\":\"https:\\\/\\\/www.calemonlawattorney.com\\\/wp-content\\\/uploads\\\/2021\\\/03\\\/CA-Lemon-Law-Attorney-Logo.png\",\"width\":2345,\"height\":2345,\"caption\":\"The Law Offices of Sotera L. Anderson\"},\"image\":{\"@id\":\"https:\\\/\\\/www.calemonlawattorney.com\\\/es\\\/#\\\/schema\\\/logo\\\/image\\\/\"},\"sameAs\":[\"https:\\\/\\\/www.facebook.com\\\/lemonlawsotera\",\"https:\\\/\\\/x.com\\\/LemnLawBossLady\"]}]}<\/script>\n<!-- \/ Yoast SEO plugin. -->","yoast_head_json":{"title":"Abogado de BMW Lemon | Oficinas Legales de Sotera L. Anderson | California","description":"Las Oficinas Legales de Sotera L. Anderson ayudan a los propietarios de BMW a buscar justicia en los casos de Ley lim\u00f3n. Ayudamos a quienes sin saberlo han comprado veh\u00edculos defectuosos.","robots":{"index":"index","follow":"follow","max-snippet":"max-snippet:-1","max-image-preview":"max-image-preview:large","max-video-preview":"max-video-preview:-1"},"canonical":"https:\/\/www.calemonlawattorney.com\/es\/abogado-de-bmw-limon\/","og_locale":"es_ES","og_type":"article","og_title":"Abogado de BMW Lemon | Oficinas Legales de Sotera L. Anderson | California","og_description":"Las Oficinas Legales de Sotera L. Anderson ayudan a los propietarios de BMW a buscar justicia en los casos de Ley lim\u00f3n. Ayudamos a quienes sin saberlo han comprado veh\u00edculos defectuosos.","og_url":"https:\/\/www.calemonlawattorney.com\/es\/abogado-de-bmw-limon\/","og_site_name":"California Lemon Law Attorney Sotera Anderson","article_publisher":"https:\/\/www.facebook.com\/lemonlawsotera","og_image":[{"url":"https:\/\/calemonlawattorney.com\/wp-content\/uploads\/2019\/05\/left-image01.png","type":"","width":"","height":""}],"twitter_card":"summary_large_image","twitter_site":"@LemnLawBossLady","twitter_misc":{"Tiempo de lectura":"3 minutos"},"schema":{"@context":"https:\/\/schema.org","@graph":[{"@type":"WebPage","@id":"https:\/\/www.calemonlawattorney.com\/es\/abogado-de-bmw-limon\/","url":"https:\/\/www.calemonlawattorney.com\/es\/abogado-de-bmw-limon\/","name":"Abogado de BMW Lemon | Oficinas Legales de Sotera L. Anderson | California","isPartOf":{"@id":"https:\/\/www.calemonlawattorney.com\/es\/#website"},"primaryImageOfPage":{"@id":"https:\/\/www.calemonlawattorney.com\/es\/abogado-de-bmw-limon\/#primaryimage"},"image":{"@id":"https:\/\/www.calemonlawattorney.com\/es\/abogado-de-bmw-limon\/#primaryimage"},"thumbnailUrl":"https:\/\/calemonlawattorney.com\/wp-content\/uploads\/2019\/05\/left-image01.png","datePublished":"2019-12-05T01:18:16+00:00","description":"Las Oficinas Legales de Sotera L. Anderson ayudan a los propietarios de BMW a buscar justicia en los casos de Ley lim\u00f3n. Ayudamos a quienes sin saberlo han comprado veh\u00edculos defectuosos.","breadcrumb":{"@id":"https:\/\/www.calemonlawattorney.com\/es\/abogado-de-bmw-limon\/#breadcrumb"},"inLanguage":"es","potentialAction":[{"@type":"ReadAction","target":["https:\/\/www.calemonlawattorney.com\/es\/abogado-de-bmw-limon\/"]}]},{"@type":"ImageObject","inLanguage":"es","@id":"https:\/\/www.calemonlawattorney.com\/es\/abogado-de-bmw-limon\/#primaryimage","url":"https:\/\/calemonlawattorney.com\/wp-content\/uploads\/2019\/05\/left-image01.png","contentUrl":"https:\/\/calemonlawattorney.com\/wp-content\/uploads\/2019\/05\/left-image01.png"},{"@type":"BreadcrumbList","@id":"https:\/\/www.calemonlawattorney.com\/es\/abogado-de-bmw-limon\/#breadcrumb","itemListElement":[{"@type":"ListItem","position":1,"name":"Home","item":"https:\/\/www.calemonlawattorney.com\/es\/"},{"@type":"ListItem","position":2,"name":"abogado de bmw lim\u00f3n"}]},{"@type":"WebSite","@id":"https:\/\/www.calemonlawattorney.com\/es\/#website","url":"https:\/\/www.calemonlawattorney.com\/es\/","name":"California Lemon Law Attorney Sotera Anderson","description":"Helping California Consumers Get Refunds For Their Crappy Cars","publisher":{"@id":"https:\/\/www.calemonlawattorney.com\/es\/#organization"},"potentialAction":[{"@type":"SearchAction","target":{"@type":"EntryPoint","urlTemplate":"https:\/\/www.calemonlawattorney.com\/es\/?s={search_term_string}"},"query-input":{"@type":"PropertyValueSpecification","valueRequired":true,"valueName":"search_term_string"}}],"inLanguage":"es"},{"@type":"Organization","@id":"https:\/\/www.calemonlawattorney.com\/es\/#organization","name":"The Law Offices of Sotera L. Anderson","url":"https:\/\/www.calemonlawattorney.com\/es\/","logo":{"@type":"ImageObject","inLanguage":"es","@id":"https:\/\/www.calemonlawattorney.com\/es\/#\/schema\/logo\/image\/","url":"https:\/\/www.calemonlawattorney.com\/wp-content\/uploads\/2021\/03\/CA-Lemon-Law-Attorney-Logo.png","contentUrl":"https:\/\/www.calemonlawattorney.com\/wp-content\/uploads\/2021\/03\/CA-Lemon-Law-Attorney-Logo.png","width":2345,"height":2345,"caption":"The Law Offices of Sotera L. Anderson"},"image":{"@id":"https:\/\/www.calemonlawattorney.com\/es\/#\/schema\/logo\/image\/"},"sameAs":["https:\/\/www.facebook.com\/lemonlawsotera","https:\/\/x.com\/LemnLawBossLady"]}]}},"_links":{"self":[{"href":"https:\/\/www.calemonlawattorney.com\/es\/wp-json\/wp\/v2\/pages\/1681","targetHints":{"allow":["GET"]}}],"collection":[{"href":"https:\/\/www.calemonlawattorney.com\/es\/wp-json\/wp\/v2\/pages"}],"about":[{"href":"https:\/\/www.calemonlawattorney.com\/es\/wp-json\/wp\/v2\/types\/page"}],"author":[{"embeddable":true,"href":"https:\/\/www.calemonlawattorney.com\/es\/wp-json\/wp\/v2\/users\/1"}],"replies":[{"embeddable":true,"href":"https:\/\/www.calemonlawattorney.com\/es\/wp-json\/wp\/v2\/comments?post=1681"}],"version-history":[{"count":1,"href":"https:\/\/www.calemonlawattorney.com\/es\/wp-json\/wp\/v2\/pages\/1681\/revisions"}],"predecessor-version":[{"id":1682,"href":"https:\/\/www.calemonlawattorney.com\/es\/wp-json\/wp\/v2\/pages\/1681\/revisions\/1682"}],"wp:attachment":[{"href":"https:\/\/www.calemonlawattorney.com\/es\/wp-json\/wp\/v2\/media?parent=1681"}],"curies":[{"name":"wp","href":"https:\/\/api.w.org\/{rel}","templated":true}]}}